{"id":1008,"date":"2018-06-01T18:00:03","date_gmt":"2018-06-01T21:00:03","guid":{"rendered":"https:\/\/www.sexshop.com.ar\/web\/?post_type=product&#038;p=1008"},"modified":"2026-02-16T12:06:57","modified_gmt":"2026-02-16T15:06:57","slug":"vibrador-punto-g-i-rocket","status":"publish","type":"product","link":"https:\/\/www.sexshop.com.ar\/web\/producto\/vibrador-punto-g-i-rocket\/","title":{"rendered":"VIBRADOR PUNTO G  I ROCKET"},"content":{"rendered":"<p><strong>BALA VIBRADORA BL I ROCKET ROJO<\/strong><\/p>\n<p>Cl\u00e1sica bala vibradora pero con giro que la har\u00e1 el doble de placentera. Con su forma curvada est\u00e1 preparada para estimular tu cl\u00edtoris y tu punto G como nunca antes. Cuenta con 7 funciones de vibraci\u00f3n para que busques la que m\u00e1s se acerca a tus gustos.<\/p>\n<p><strong>Caracter\u00edsticas:<\/strong><\/p>\n<ul>\n<li>Estimulaci\u00f3n del punto G<\/li>\n<li>7 funciones de vibraci\u00f3n<\/li>\n<li>2 pilas AAA<\/li>\n<\/ul>\n<p><strong>Medidas:\u00a0<\/strong>16 cm x 1,6 cm<\/p>\n<p>Dise\u00f1ado en EEUU con las m\u00e1s estrictas normas de calidad.<\/p>\n<p><em>Alcanz\u00e1 el mejor orgasmo \u00a1Disfrutalo!<\/em><\/p>\n","protected":false},"excerpt":{"rendered":"<p><strong>BALA VIBRADORA BL I ROCKET ROJO<\/strong><\/p>\n<p>Cl\u00e1sica bala vibradora pero con giro que la har\u00e1 el doble de placentera. Con su forma curvada est\u00e1 preparada para estimular tu cl\u00edtoris y tu punto G como nunca antes. Cuenta con 7 funciones de vibraci\u00f3n para que busques la que m\u00e1s se acerca a tus gustos.<\/p>\n","protected":false},"featured_media":1009,"template":"","meta":{"_et_pb_use_builder":"","_et_pb_old_content":"","_et_gb_content_width":"","_joinchat":[]},"product_brand":[],"product_cat":[37,18],"product_tag":[],"class_list":{"0":"post-1008","1":"product","2":"type-product","3":"status-publish","4":"has-post-thumbnail","6":"product_cat-estimuladores-clitoriales","7":"product_cat-vibradores","9":"first","10":"instock","11":"shipping-taxable","12":"purchasable","13":"product-type-simple"},"_links":{"self":[{"href":"https:\/\/www.sexshop.com.ar\/web\/wp-json\/wp\/v2\/product\/1008","targetHints":{"allow":["GET"]}}],"collection":[{"href":"https:\/\/www.sexshop.com.ar\/web\/wp-json\/wp\/v2\/product"}],"about":[{"href":"https:\/\/www.sexshop.com.ar\/web\/wp-json\/wp\/v2\/types\/product"}],"wp:featuredmedia":[{"embeddable":true,"href":"https:\/\/www.sexshop.com.ar\/web\/wp-json\/wp\/v2\/media\/1009"}],"wp:attachment":[{"href":"https:\/\/www.sexshop.com.ar\/web\/wp-json\/wp\/v2\/media?parent=1008"}],"wp:term":[{"taxonomy":"product_brand","embeddable":true,"href":"https:\/\/www.sexshop.com.ar\/web\/wp-json\/wp\/v2\/product_brand?post=1008"},{"taxonomy":"product_cat","embeddable":true,"href":"https:\/\/www.sexshop.com.ar\/web\/wp-json\/wp\/v2\/product_cat?post=1008"},{"taxonomy":"product_tag","embeddable":true,"href":"https:\/\/www.sexshop.com.ar\/web\/wp-json\/wp\/v2\/product_tag?post=1008"}],"curies":[{"name":"wp","href":"https:\/\/api.w.org\/{rel}","templated":true}]}}