{"id":1033,"date":"2018-06-12T12:51:06","date_gmt":"2018-06-12T15:51:06","guid":{"rendered":"https:\/\/www.sexshop.com.ar\/web\/?post_type=product&#038;p=1033"},"modified":"2025-01-27T11:09:26","modified_gmt":"2025-01-27T14:09:26","slug":"dilatador-anal-con-vibrador-rio-grande-anal-vibe-black","status":"publish","type":"product","link":"https:\/\/www.sexshop.com.ar\/web\/producto\/dilatador-anal-con-vibrador-rio-grande-anal-vibe-black\/","title":{"rendered":"Dilatador anal con Vibrador RIO GRANDE USB"},"content":{"rendered":"<div class=\"row-fluid producto\">\n<div id=\"single-product\">\n<div class=\"productContainer js-product-container\">\n<div class=\"span6\">\n<div class=\"description user-content clear\">\n<p><strong>RIO GRANDE ANAL VIBE BLACK<\/strong><\/p>\n<p>Este vibrador anal fue dise\u00f1ado espec\u00edficamente para despertar y encender su deseos m\u00e1s profundos. Cuenta con 12 modos vibracion intensamente potentes.\u00a0La punta curvada suave y c\u00f3nica cuerpo est\u00e1n perfectamente contorneados para f\u00e1cil inserci\u00f3n proporcionando incre\u00edble juego anal.<\/p>\n<p><strong>Caracter\u00edsticas:<\/strong><\/p>\n<ul>\n<li>Motor potente<\/li>\n<li>12 modos de vibraci\u00f3n<\/li>\n<li>Un bot\u00f3n de control f\u00e1cil<\/li>\n<li>Extremadamente tranquilo<\/li>\n<li>Silicona lisa aterciopelada<\/li>\n<li>Dise\u00f1ado para una f\u00e1cil inserci\u00f3n<\/li>\n<li>A prueba de salpicaduras<\/li>\n<li>Recargable (cable USB incluido)<\/li>\n<li>Tiempo de funcionamiento 1 hora<\/li>\n<\/ul>\n<p><strong>Medidas:<\/strong>\u00a018 cm x 5,5 cm &#8211; Insertable: 12,6 cm<\/p>\n<p><em>Alcanz\u00e1 el mejor orgasmo \u00a1Disfrutalo!<\/em><\/p>\n<\/div>\n<\/div>\n<div class=\"span12 fb-com-cont\"><\/div>\n<\/div>\n<\/div>\n<\/div>\n<div id=\"related-products\">\n<div class=\"row-fluid\">\n<div class=\"headerBox m-bottom-xs\">\n<h2>PRODUCTOS RELACIONADOS<\/h2>\n<\/div>\n<\/div>\n<\/div>\n","protected":false},"excerpt":{"rendered":"<p><strong>RIO GRANDE ANAL VIBE BLACK<\/strong><\/p>\n<p>Este vibrador anal fue dise\u00f1ado espec\u00edficamente para despertar y encender su deseos m\u00e1s profundos. Cuenta con 12 modos vibracion intensamente potentes.\u00a0La punta curvada suave y c\u00f3nica cuerpo est\u00e1n perfectamente contorneados para f\u00e1cil inserci\u00f3n proporcionando incre\u00edble juego anal.<\/p>\n","protected":false},"featured_media":5833,"template":"","meta":{"_et_pb_use_builder":"","_et_pb_old_content":"","_et_gb_content_width":"","_joinchat":[]},"product_brand":[],"product_cat":[28,18],"product_tag":[],"class_list":{"0":"post-1033","1":"product","2":"type-product","3":"status-publish","4":"has-post-thumbnail","6":"product_cat-consoladores-anales","7":"product_cat-vibradores","9":"first","10":"instock","11":"shipping-taxable","12":"purchasable","13":"product-type-simple"},"_links":{"self":[{"href":"https:\/\/www.sexshop.com.ar\/web\/wp-json\/wp\/v2\/product\/1033","targetHints":{"allow":["GET"]}}],"collection":[{"href":"https:\/\/www.sexshop.com.ar\/web\/wp-json\/wp\/v2\/product"}],"about":[{"href":"https:\/\/www.sexshop.com.ar\/web\/wp-json\/wp\/v2\/types\/product"}],"wp:featuredmedia":[{"embeddable":true,"href":"https:\/\/www.sexshop.com.ar\/web\/wp-json\/wp\/v2\/media\/5833"}],"wp:attachment":[{"href":"https:\/\/www.sexshop.com.ar\/web\/wp-json\/wp\/v2\/media?parent=1033"}],"wp:term":[{"taxonomy":"product_brand","embeddable":true,"href":"https:\/\/www.sexshop.com.ar\/web\/wp-json\/wp\/v2\/product_brand?post=1033"},{"taxonomy":"product_cat","embeddable":true,"href":"https:\/\/www.sexshop.com.ar\/web\/wp-json\/wp\/v2\/product_cat?post=1033"},{"taxonomy":"product_tag","embeddable":true,"href":"https:\/\/www.sexshop.com.ar\/web\/wp-json\/wp\/v2\/product_tag?post=1033"}],"curies":[{"name":"wp","href":"https:\/\/api.w.org\/{rel}","templated":true}]}}