{"id":1047,"date":"2018-06-12T16:12:12","date_gmt":"2018-06-12T19:12:12","guid":{"rendered":"https:\/\/www.sexshop.com.ar\/web\/?post_type=product&#038;p=1047"},"modified":"2024-12-02T11:25:17","modified_gmt":"2024-12-02T14:25:17","slug":"cola-de-zorro","status":"publish","type":"product","link":"https:\/\/www.sexshop.com.ar\/web\/producto\/cola-de-zorro\/","title":{"rendered":"COLA DE ZORRO"},"content":{"rendered":"<p>Plug de Metal Cola de Zorro: Es un plug con una cola salvaje y esponjosa ideal para una amplia gama de juegos en pareja. Podes ser un lobo marr\u00f3n majestuoso o un zorro juguet\u00f3n, un perro fiel o un gatito travieso. Sea cual sea tu decisi\u00f3n, la forma cl\u00e1sica y el material hipoalerg\u00e9nico del plug, permanecer\u00e1n firmemente en su lugar, \u00a1No importa cu\u00e1n vigoroso sea el juego!<\/p>\n<p>\u00bfBuscas experimentar nuevas sensaciones en el sexo? \u00bfQuieres ser algo divertido y juguet\u00f3n en la cama? La cola anal ser\u00e1 tu juguete er\u00f3tico ideal para salir de la rutina y mostrarse totalmente divertida en la cama. Un juguete que no solo aportar\u00e1 una vista espectacular a su pareja, sino que tambi\u00e9n aportar\u00e1 un placer incre\u00edble a quien lo tenga puesto.<\/p>\n","protected":false},"excerpt":{"rendered":"<p><strong>Es un plug con una cola salvaje y esponjosa ideal para una amplia gama de juegos en pareja. Podes ser un lobo marr\u00f3n majestuoso o un zorro juguet\u00f3n, un perro fiel o un gatito travieso.<\/strong><\/p>\n","protected":false},"featured_media":1048,"template":"","meta":{"_et_pb_use_builder":"","_et_pb_old_content":"","_et_gb_content_width":"","_joinchat":[]},"product_brand":[],"product_cat":[28],"product_tag":[],"class_list":{"0":"post-1047","1":"product","2":"type-product","3":"status-publish","4":"has-post-thumbnail","6":"product_cat-consoladores-anales","8":"first","9":"instock","10":"shipping-taxable","11":"purchasable","12":"product-type-simple"},"_links":{"self":[{"href":"https:\/\/www.sexshop.com.ar\/web\/wp-json\/wp\/v2\/product\/1047","targetHints":{"allow":["GET"]}}],"collection":[{"href":"https:\/\/www.sexshop.com.ar\/web\/wp-json\/wp\/v2\/product"}],"about":[{"href":"https:\/\/www.sexshop.com.ar\/web\/wp-json\/wp\/v2\/types\/product"}],"wp:featuredmedia":[{"embeddable":true,"href":"https:\/\/www.sexshop.com.ar\/web\/wp-json\/wp\/v2\/media\/1048"}],"wp:attachment":[{"href":"https:\/\/www.sexshop.com.ar\/web\/wp-json\/wp\/v2\/media?parent=1047"}],"wp:term":[{"taxonomy":"product_brand","embeddable":true,"href":"https:\/\/www.sexshop.com.ar\/web\/wp-json\/wp\/v2\/product_brand?post=1047"},{"taxonomy":"product_cat","embeddable":true,"href":"https:\/\/www.sexshop.com.ar\/web\/wp-json\/wp\/v2\/product_cat?post=1047"},{"taxonomy":"product_tag","embeddable":true,"href":"https:\/\/www.sexshop.com.ar\/web\/wp-json\/wp\/v2\/product_tag?post=1047"}],"curies":[{"name":"wp","href":"https:\/\/api.w.org\/{rel}","templated":true}]}}