{"id":1471,"date":"2018-07-11T18:23:15","date_gmt":"2018-07-11T21:23:15","guid":{"rendered":"https:\/\/www.sexshop.com.ar\/web\/?post_type=product&#038;p=1471"},"modified":"2026-04-15T17:36:46","modified_gmt":"2026-04-15T20:36:46","slug":"miss-v-chupaleta-sabor-chupetin","status":"publish","type":"product","link":"https:\/\/www.sexshop.com.ar\/web\/producto\/miss-v-chupaleta-sabor-chupetin\/","title":{"rendered":"MISS V CHUPALETA SABOR CHUPETIN"},"content":{"rendered":"<h2>Descripci\u00f3n del Producto<\/h2>\n<p><strong>Gel lubricante \u00edntimo saborizado.<\/strong><\/p>\n<p>Es un gel saborizado dise\u00f1ado para sexo oral masculino y femenino. Recomendado para el juego previo y nuevas experiencias.<\/p>\n<h3>Beneficios:<\/h3>\n<ul>\n<li>Dise\u00f1ado con el delicioso sabor y aroma al cl\u00e1sico chupet\u00edn.<\/li>\n<li>Sin ning\u00fan aditivo que altere ese sabor. No deja sabor ni patina amarga en el paladar.<\/li>\n<li>No duerme la lengua debido a su composici\u00f3n hidrosoluble.<\/li>\n<li>Puede usarse para sexo oral y como lubricante \u00edntimo<\/li>\n<\/ul>\n<p>Sin ning\u00fan aditivo que altere ese sabor. No deja sabor ni patina amarga en el paladar<\/p>\n<h3><\/h3>\n<h3>Modo de uso:<\/h3>\n<p>Para sexo oral en el hombre aplicar a lo largo del pene o del preservativo antes del acto sexual y luego reforzar durante la relaci\u00f3n. En el caso de ser utilizado para sexo oral en la mujer su uso es muy sencillo, solamente debemos extender el gel saborizado por la vulva y la vagina con los dedos limpios antes y durante la relaci\u00f3n sexual.<\/p>\n<h3>Presentaci\u00f3n:<\/h3>\n<p>Envase dosificador gota a gota de 50 ml.<\/p>\n<p><strong>TODOS LOS PRODUCTOS MISS V SE ENCUENTRAN APROBADOS POR I.N.A.M.E DEPENDIENTE DE A.N.M.A.T.<\/strong><\/p>\n<p>Ante cualquier duda consulte a su m\u00e9dico. En caso de irritaci\u00f3n discontinuar su uso.<\/p>\n","protected":false},"excerpt":{"rendered":"<p><strong>Gel lubricante \u00edntimo saborizado.<\/strong><\/p>\n<p>Es un gel saborizado dise\u00f1ado para sexo oral masculino y femenino. Recomendado para el juego previo y nuevas experiencias.<\/p>\n","protected":false},"featured_media":6323,"template":"","meta":{"_et_pb_use_builder":"","_et_pb_old_content":"","_et_gb_content_width":"","_joinchat":[]},"product_brand":[],"product_cat":[35],"product_tag":[],"class_list":{"0":"post-1471","1":"product","2":"type-product","3":"status-publish","4":"has-post-thumbnail","6":"product_cat-geles-y-lubricantes","8":"first","9":"instock","10":"shipping-taxable","11":"purchasable","12":"product-type-simple"},"_links":{"self":[{"href":"https:\/\/www.sexshop.com.ar\/web\/wp-json\/wp\/v2\/product\/1471","targetHints":{"allow":["GET"]}}],"collection":[{"href":"https:\/\/www.sexshop.com.ar\/web\/wp-json\/wp\/v2\/product"}],"about":[{"href":"https:\/\/www.sexshop.com.ar\/web\/wp-json\/wp\/v2\/types\/product"}],"wp:featuredmedia":[{"embeddable":true,"href":"https:\/\/www.sexshop.com.ar\/web\/wp-json\/wp\/v2\/media\/6323"}],"wp:attachment":[{"href":"https:\/\/www.sexshop.com.ar\/web\/wp-json\/wp\/v2\/media?parent=1471"}],"wp:term":[{"taxonomy":"product_brand","embeddable":true,"href":"https:\/\/www.sexshop.com.ar\/web\/wp-json\/wp\/v2\/product_brand?post=1471"},{"taxonomy":"product_cat","embeddable":true,"href":"https:\/\/www.sexshop.com.ar\/web\/wp-json\/wp\/v2\/product_cat?post=1471"},{"taxonomy":"product_tag","embeddable":true,"href":"https:\/\/www.sexshop.com.ar\/web\/wp-json\/wp\/v2\/product_tag?post=1471"}],"curies":[{"name":"wp","href":"https:\/\/api.w.org\/{rel}","templated":true}]}}