{"id":1492,"date":"2018-07-12T10:08:13","date_gmt":"2018-07-12T13:08:13","guid":{"rendered":"https:\/\/www.sexshop.com.ar\/web\/?post_type=product&#038;p=1492"},"modified":"2025-02-03T17:58:59","modified_gmt":"2025-02-03T20:58:59","slug":"preservativos-ultra-finos","status":"publish","type":"product","link":"https:\/\/www.sexshop.com.ar\/web\/producto\/preservativos-ultra-finos\/","title":{"rendered":"PRESERVATIVOS PRIME ULTRA FINOS"},"content":{"rendered":"<p>Como Usar Nada. Estos condones son los m\u00e1s finos de la l\u00ednea l\u00e1tex. Permiten una mayor sensaci\u00f3n sin disminuir su seguridad. Muy sensitivos. Estos profilacticos se sienten \u00abcomo usar nada\u00bb. Contiene 3 condones<\/p>\n","protected":false},"excerpt":{"rendered":"<p>Como Usar Nada. Estos condones son los m\u00e1s finos de la l\u00ednea l\u00e1tex. Permiten una mayor sensaci\u00f3n sin disminuir su seguridad. Muy sensitivos. Estos profilacticos se sienten \u00abcomo usar nada\u00bb. Contiene 3 condones<\/p>\n","protected":false},"featured_media":1614,"template":"","meta":{"_et_pb_use_builder":"","_et_pb_old_content":"","_et_gb_content_width":"","_joinchat":[]},"product_brand":[],"product_cat":[43],"product_tag":[],"class_list":{"0":"post-1492","1":"product","2":"type-product","3":"status-publish","4":"has-post-thumbnail","6":"product_cat-preservativos","8":"first","9":"instock","10":"shipping-taxable","11":"purchasable","12":"product-type-simple"},"_links":{"self":[{"href":"https:\/\/www.sexshop.com.ar\/web\/wp-json\/wp\/v2\/product\/1492","targetHints":{"allow":["GET"]}}],"collection":[{"href":"https:\/\/www.sexshop.com.ar\/web\/wp-json\/wp\/v2\/product"}],"about":[{"href":"https:\/\/www.sexshop.com.ar\/web\/wp-json\/wp\/v2\/types\/product"}],"wp:featuredmedia":[{"embeddable":true,"href":"https:\/\/www.sexshop.com.ar\/web\/wp-json\/wp\/v2\/media\/1614"}],"wp:attachment":[{"href":"https:\/\/www.sexshop.com.ar\/web\/wp-json\/wp\/v2\/media?parent=1492"}],"wp:term":[{"taxonomy":"product_brand","embeddable":true,"href":"https:\/\/www.sexshop.com.ar\/web\/wp-json\/wp\/v2\/product_brand?post=1492"},{"taxonomy":"product_cat","embeddable":true,"href":"https:\/\/www.sexshop.com.ar\/web\/wp-json\/wp\/v2\/product_cat?post=1492"},{"taxonomy":"product_tag","embeddable":true,"href":"https:\/\/www.sexshop.com.ar\/web\/wp-json\/wp\/v2\/product_tag?post=1492"}],"curies":[{"name":"wp","href":"https:\/\/api.w.org\/{rel}","templated":true}]}}