{"id":1610,"date":"2018-07-19T19:44:12","date_gmt":"2018-07-19T22:44:12","guid":{"rendered":"https:\/\/www.sexshop.com.ar\/web\/?post_type=product&#038;p=1610"},"modified":"2025-02-03T17:57:00","modified_gmt":"2025-02-03T20:57:00","slug":"preservativos-prime-tachas-caja-x3-unidades-placer-extremo","status":"publish","type":"product","link":"https:\/\/www.sexshop.com.ar\/web\/producto\/preservativos-prime-tachas-caja-x3-unidades-placer-extremo\/","title":{"rendered":"Preservativos Prime TACHAS  Caja X3 Unidades Placer Extremo"},"content":{"rendered":"<p>Preservativos de l\u00e1tex con relieves circulares en forma de tachas que generan una estimulaci\u00f3n m\u00e1s intensa.<\/p>\n<p>Caracteristicas \u00bb<\/p>\n<p>Placer extremo<br \/>\nContenido:<br \/>\n3 preservativos de l\u00e1tex con relieve.<\/p>\n","protected":false},"excerpt":{"rendered":"<p>Preservativos de l\u00e1tex con relieves circulares en forma de tachas que generan una estimulaci\u00f3n m\u00e1s intensa.<\/p>\n","protected":false},"featured_media":6288,"template":"","meta":{"_et_pb_use_builder":"","_et_pb_old_content":"","_et_gb_content_width":"","_joinchat":[]},"product_brand":[],"product_cat":[43],"product_tag":[],"class_list":{"0":"post-1610","1":"product","2":"type-product","3":"status-publish","4":"has-post-thumbnail","6":"product_cat-preservativos","8":"first","9":"instock","10":"shipping-taxable","11":"purchasable","12":"product-type-simple"},"_links":{"self":[{"href":"https:\/\/www.sexshop.com.ar\/web\/wp-json\/wp\/v2\/product\/1610","targetHints":{"allow":["GET"]}}],"collection":[{"href":"https:\/\/www.sexshop.com.ar\/web\/wp-json\/wp\/v2\/product"}],"about":[{"href":"https:\/\/www.sexshop.com.ar\/web\/wp-json\/wp\/v2\/types\/product"}],"wp:featuredmedia":[{"embeddable":true,"href":"https:\/\/www.sexshop.com.ar\/web\/wp-json\/wp\/v2\/media\/6288"}],"wp:attachment":[{"href":"https:\/\/www.sexshop.com.ar\/web\/wp-json\/wp\/v2\/media?parent=1610"}],"wp:term":[{"taxonomy":"product_brand","embeddable":true,"href":"https:\/\/www.sexshop.com.ar\/web\/wp-json\/wp\/v2\/product_brand?post=1610"},{"taxonomy":"product_cat","embeddable":true,"href":"https:\/\/www.sexshop.com.ar\/web\/wp-json\/wp\/v2\/product_cat?post=1610"},{"taxonomy":"product_tag","embeddable":true,"href":"https:\/\/www.sexshop.com.ar\/web\/wp-json\/wp\/v2\/product_tag?post=1610"}],"curies":[{"name":"wp","href":"https:\/\/api.w.org\/{rel}","templated":true}]}}