{"id":2315,"date":"2018-09-20T10:04:37","date_gmt":"2018-09-20T13:04:37","guid":{"rendered":"https:\/\/www.sexshop.com.ar\/web\/?post_type=product&#038;p=2315"},"modified":"2024-12-02T11:44:52","modified_gmt":"2024-12-02T14:44:52","slug":"crema-retardante-de-la-eyaculacion","status":"publish","type":"product","link":"https:\/\/www.sexshop.com.ar\/web\/producto\/crema-retardante-de-la-eyaculacion\/","title":{"rendered":"RETARD   Crema Retardante de la Eyaculacion"},"content":{"rendered":"<p>Es un crema\u00a0 de r\u00e1pida acci\u00f3n que permite controlar las erecciones retrasando el momento de la eyaculaci\u00f3n.<\/p>\n<p>La crema retardante\u00a0 es f\u00e1cil de colocar, no tiene color, olor ni sabor y pasa completamente desapercibido. No tiene toxicidad y es totalmente seguro tanto para hombres como para mujeres.<\/p>\n<p>Forma de uso: Aplique una cantidad\u00a0 sobre la cabeza del pene\u00a0 y masajear hasta su absorci\u00f3n\u00a0 5 a 15 minutos antes de la relaci\u00f3n sexual.<\/p>\n","protected":false},"excerpt":{"rendered":"<p>Es un crema retardante de r\u00e1pida acci\u00f3n que permite controlar las erecciones retrasando el momento de la eyaculaci\u00f3n.<\/p>\n<p>PRESENTACI\u00d3N : Pote de 50 grs.<\/p>\n","protected":false},"featured_media":2316,"template":"","meta":{"_et_pb_use_builder":"","_et_pb_old_content":"","_et_gb_content_width":"","_joinchat":[]},"product_brand":[],"product_cat":[33,35],"product_tag":[],"class_list":{"0":"post-2315","1":"product","2":"type-product","3":"status-publish","4":"has-post-thumbnail","6":"product_cat-ellos","7":"product_cat-geles-y-lubricantes","9":"first","10":"instock","11":"shipping-taxable","12":"purchasable","13":"product-type-simple"},"_links":{"self":[{"href":"https:\/\/www.sexshop.com.ar\/web\/wp-json\/wp\/v2\/product\/2315","targetHints":{"allow":["GET"]}}],"collection":[{"href":"https:\/\/www.sexshop.com.ar\/web\/wp-json\/wp\/v2\/product"}],"about":[{"href":"https:\/\/www.sexshop.com.ar\/web\/wp-json\/wp\/v2\/types\/product"}],"wp:featuredmedia":[{"embeddable":true,"href":"https:\/\/www.sexshop.com.ar\/web\/wp-json\/wp\/v2\/media\/2316"}],"wp:attachment":[{"href":"https:\/\/www.sexshop.com.ar\/web\/wp-json\/wp\/v2\/media?parent=2315"}],"wp:term":[{"taxonomy":"product_brand","embeddable":true,"href":"https:\/\/www.sexshop.com.ar\/web\/wp-json\/wp\/v2\/product_brand?post=2315"},{"taxonomy":"product_cat","embeddable":true,"href":"https:\/\/www.sexshop.com.ar\/web\/wp-json\/wp\/v2\/product_cat?post=2315"},{"taxonomy":"product_tag","embeddable":true,"href":"https:\/\/www.sexshop.com.ar\/web\/wp-json\/wp\/v2\/product_tag?post=2315"}],"curies":[{"name":"wp","href":"https:\/\/api.w.org\/{rel}","templated":true}]}}