{"id":2317,"date":"2018-09-20T10:12:52","date_gmt":"2018-09-20T13:12:52","guid":{"rendered":"https:\/\/www.sexshop.com.ar\/web\/?post_type=product&#038;p=2317"},"modified":"2024-12-02T11:44:03","modified_gmt":"2024-12-02T14:44:03","slug":"crema-desarrolladora-prolong","status":"publish","type":"product","link":"https:\/\/www.sexshop.com.ar\/web\/producto\/crema-desarrolladora-prolong\/","title":{"rendered":"Crema Desarrolladora PROLONG"},"content":{"rendered":"<p>Crea desarrolladora y aumento de la erecci\u00f3n PROLONG , esta crema natural contiene\u00a0 principios activos que van a activar tu vida sexual dando en primer lugar erecciones mas fuertes con mas volumen.<br \/>\nLa crema natural esta creada para mejorar el rendimiento y la potencia sexual, ten erecciones mas fuertes con un mayor volumen con la crema PROLONG.<br \/>\nPara mejorar la erecci\u00f3n la crema PROLONG activa la circulaci\u00f3n sangu\u00ednea devolviendo la fuerza y el vigor que has deseado tener siempre, unos minutos antes de las relaciones sexuales aplicas la crema natural en el glande y en el resto del pene .<\/p>\n<p>&nbsp;<\/p>\n","protected":false},"excerpt":{"rendered":"<p>Crea desarrolladora y aumento de la erecci\u00f3n PROLONG , esta crema natural contiene\u00a0 principios activos que van a activar tu vida sexual dando en primer lugar erecciones mas fuertes con mas volumen.<\/p>\n<p>PRESENTACI\u00d3N: Pote de 50 grs.<\/p>\n","protected":false},"featured_media":2318,"template":"","meta":{"_et_pb_use_builder":"","_et_pb_old_content":"","_et_gb_content_width":"","_joinchat":[]},"product_brand":[],"product_cat":[33,35],"product_tag":[],"class_list":{"0":"post-2317","1":"product","2":"type-product","3":"status-publish","4":"has-post-thumbnail","6":"product_cat-ellos","7":"product_cat-geles-y-lubricantes","9":"first","10":"instock","11":"shipping-taxable","12":"purchasable","13":"product-type-simple"},"_links":{"self":[{"href":"https:\/\/www.sexshop.com.ar\/web\/wp-json\/wp\/v2\/product\/2317","targetHints":{"allow":["GET"]}}],"collection":[{"href":"https:\/\/www.sexshop.com.ar\/web\/wp-json\/wp\/v2\/product"}],"about":[{"href":"https:\/\/www.sexshop.com.ar\/web\/wp-json\/wp\/v2\/types\/product"}],"wp:featuredmedia":[{"embeddable":true,"href":"https:\/\/www.sexshop.com.ar\/web\/wp-json\/wp\/v2\/media\/2318"}],"wp:attachment":[{"href":"https:\/\/www.sexshop.com.ar\/web\/wp-json\/wp\/v2\/media?parent=2317"}],"wp:term":[{"taxonomy":"product_brand","embeddable":true,"href":"https:\/\/www.sexshop.com.ar\/web\/wp-json\/wp\/v2\/product_brand?post=2317"},{"taxonomy":"product_cat","embeddable":true,"href":"https:\/\/www.sexshop.com.ar\/web\/wp-json\/wp\/v2\/product_cat?post=2317"},{"taxonomy":"product_tag","embeddable":true,"href":"https:\/\/www.sexshop.com.ar\/web\/wp-json\/wp\/v2\/product_tag?post=2317"}],"curies":[{"name":"wp","href":"https:\/\/api.w.org\/{rel}","templated":true}]}}