{"id":2807,"date":"2019-03-23T17:52:51","date_gmt":"2019-03-23T20:52:51","guid":{"rendered":"https:\/\/www.sexshop.com.ar\/web\/?post_type=product&#038;p=2807"},"modified":"2025-01-27T11:32:06","modified_gmt":"2025-01-27T14:32:06","slug":"varita-anal-bendy-twist","status":"publish","type":"product","link":"https:\/\/www.sexshop.com.ar\/web\/producto\/varita-anal-bendy-twist\/","title":{"rendered":"Varita Anal BENDY TWIST"},"content":{"rendered":"<p><strong>BAILE BENDY TWIST<\/strong><\/p>\n<p>Esta cadena anal\u00a0con beads escalonados es un buen juguete para aquellos que quieren experimentar con la estimulaci\u00f3n anal o vaginal. Para uso unisex, el Bendy Twist presenta 5 beads escalonados que van aumentando su tama\u00f1o a media que se inserta en tu canal del amor&#8230; En su mango, un peque\u00f1o estimulador adicional que puedes utilizar para acariciar tu cl\u00edtoris o tu perineo, date el gusto y prob\u00e1 nuevas sensaciones!<\/p>\n<p><strong>Caracter\u00edsticas<\/strong>:<\/p>\n<ul>\n<li>Estimulo anal y vaginal<\/li>\n<li>Manguito estimulador clitoris o perineo<\/li>\n<li>Suave y Flexible<\/li>\n<li>Beads escalonados<\/li>\n<li>Impermeable<\/li>\n<li>Material: TPR Suave<\/li>\n<li>Libre de Ftalatos<\/li>\n<\/ul>\n<p><strong>Medidas:<\/strong>\u00a020 cm x 2,5 cm<\/p>\n<p><em>Alcanz\u00e1 tu mejor orgasmo \u00a1Disfr\u00fatalo!<\/em><\/p>\n","protected":false},"excerpt":{"rendered":"<p><strong>AILE BENDY TWIST<\/strong><\/p>\n<p>Esta cadena anal\u00a0con beads escalonados es un buen juguete para aquellos que quieren experimentar con la estimulaci\u00f3n anal o vaginal. Para uso unisex, el Bendy Twist presenta 5 beads escalonados que van aumentando su tama\u00f1o a media que se inserta en tu canal del amor.<\/p>\n","protected":false},"featured_media":2808,"template":"","meta":{"_et_pb_use_builder":"","_et_pb_old_content":"","_et_gb_content_width":"","_joinchat":[]},"product_brand":[],"product_cat":[28],"product_tag":[],"class_list":{"0":"post-2807","1":"product","2":"type-product","3":"status-publish","4":"has-post-thumbnail","6":"product_cat-consoladores-anales","8":"first","9":"instock","10":"shipping-taxable","11":"purchasable","12":"product-type-simple"},"_links":{"self":[{"href":"https:\/\/www.sexshop.com.ar\/web\/wp-json\/wp\/v2\/product\/2807","targetHints":{"allow":["GET"]}}],"collection":[{"href":"https:\/\/www.sexshop.com.ar\/web\/wp-json\/wp\/v2\/product"}],"about":[{"href":"https:\/\/www.sexshop.com.ar\/web\/wp-json\/wp\/v2\/types\/product"}],"wp:featuredmedia":[{"embeddable":true,"href":"https:\/\/www.sexshop.com.ar\/web\/wp-json\/wp\/v2\/media\/2808"}],"wp:attachment":[{"href":"https:\/\/www.sexshop.com.ar\/web\/wp-json\/wp\/v2\/media?parent=2807"}],"wp:term":[{"taxonomy":"product_brand","embeddable":true,"href":"https:\/\/www.sexshop.com.ar\/web\/wp-json\/wp\/v2\/product_brand?post=2807"},{"taxonomy":"product_cat","embeddable":true,"href":"https:\/\/www.sexshop.com.ar\/web\/wp-json\/wp\/v2\/product_cat?post=2807"},{"taxonomy":"product_tag","embeddable":true,"href":"https:\/\/www.sexshop.com.ar\/web\/wp-json\/wp\/v2\/product_tag?post=2807"}],"curies":[{"name":"wp","href":"https:\/\/api.w.org\/{rel}","templated":true}]}}