{"id":2863,"date":"2019-04-12T10:42:02","date_gmt":"2019-04-12T13:42:02","guid":{"rendered":"https:\/\/www.sexshop.com.ar\/web\/?post_type=product&#038;p=2863"},"modified":"2024-12-02T11:56:52","modified_gmt":"2024-12-02T14:56:52","slug":"condon-frutilla","status":"publish","type":"product","link":"https:\/\/www.sexshop.com.ar\/web\/producto\/condon-frutilla\/","title":{"rendered":"CONDON Frutilla"},"content":{"rendered":"<h2>Frutilla<\/h2>\n<h3>Sabor y placer<\/h3>\n<p>el sabor a frutilla hace irresistible al sexo oral y lo convierte en algo diferente, divertido y cuidado; para continuar con sexo con penetraci\u00f3n us\u00e1 el gel \u00edntimo cl\u00e1sico.<br \/>\n<strong>preservativo de l\u00e1tex + gel \u00edntimo cl\u00e1sico.<\/strong><\/p>\n","protected":false},"excerpt":{"rendered":"<h2>frutilla<\/h2>\n<h3>sabor y placer<\/h3>\n<p>el sabor a frutilla hace irresistible al sexo oral y lo convierte en algo diferente, divertido y cuidado.<\/p>\n","protected":false},"featured_media":2864,"template":"","meta":{"_et_pb_use_builder":"","_et_pb_old_content":"","_et_gb_content_width":"","_joinchat":[]},"product_brand":[],"product_cat":[43],"product_tag":[],"class_list":{"0":"post-2863","1":"product","2":"type-product","3":"status-publish","4":"has-post-thumbnail","6":"product_cat-preservativos","8":"first","9":"instock","10":"shipping-taxable","11":"purchasable","12":"product-type-simple"},"_links":{"self":[{"href":"https:\/\/www.sexshop.com.ar\/web\/wp-json\/wp\/v2\/product\/2863","targetHints":{"allow":["GET"]}}],"collection":[{"href":"https:\/\/www.sexshop.com.ar\/web\/wp-json\/wp\/v2\/product"}],"about":[{"href":"https:\/\/www.sexshop.com.ar\/web\/wp-json\/wp\/v2\/types\/product"}],"wp:featuredmedia":[{"embeddable":true,"href":"https:\/\/www.sexshop.com.ar\/web\/wp-json\/wp\/v2\/media\/2864"}],"wp:attachment":[{"href":"https:\/\/www.sexshop.com.ar\/web\/wp-json\/wp\/v2\/media?parent=2863"}],"wp:term":[{"taxonomy":"product_brand","embeddable":true,"href":"https:\/\/www.sexshop.com.ar\/web\/wp-json\/wp\/v2\/product_brand?post=2863"},{"taxonomy":"product_cat","embeddable":true,"href":"https:\/\/www.sexshop.com.ar\/web\/wp-json\/wp\/v2\/product_cat?post=2863"},{"taxonomy":"product_tag","embeddable":true,"href":"https:\/\/www.sexshop.com.ar\/web\/wp-json\/wp\/v2\/product_tag?post=2863"}],"curies":[{"name":"wp","href":"https:\/\/api.w.org\/{rel}","templated":true}]}}