{"id":3035,"date":"2019-05-14T12:41:28","date_gmt":"2019-05-14T15:41:28","guid":{"rendered":"https:\/\/www.sexshop.com.ar\/web\/?post_type=product&#038;p=3035"},"modified":"2026-02-23T12:50:43","modified_gmt":"2026-02-23T15:50:43","slug":"vibrador-para-usar-con-los-dedos-vedo-kimi-finger-vibe","status":"publish","type":"product","link":"https:\/\/www.sexshop.com.ar\/web\/producto\/vibrador-para-usar-con-los-dedos-vedo-kimi-finger-vibe\/","title":{"rendered":"Vibrador para usar con los Dedos VEDO KIMI FINGER USB"},"content":{"rendered":"<p><strong>VEDO KIMI RECHARGEABLE FINGER VIBE<\/strong><\/p>\n<p>Este vibrador para usar con los dedos\u00a0se adapta a quienes aman tocarse o ser tocados. Dise\u00f1o exclusivo con una pulsera de silicona flexible y un controlador extra\u00edble. El controlador alimenta 6 modos de vibraci\u00f3n con 5 niveles de intensidad para las vainas de los dedos. Simplemente deslice su mu\u00f1eca en el brazalete, deslice las dos vainas vibradoras en sus dedos, presione el bot\u00f3n de encendido \/ apagado, elija su modo de vibraci\u00f3n y deje que sus dedos se vuelvan locos. Las vainas son sumergibles no as\u00ed el controlador.<\/p>\n<p><strong>Caracter\u00edsticas:<\/strong><\/p>\n<ul>\n<li>2 Vainas para colocar en los dedos<\/li>\n<li>6 + 6 modos de vibraci\u00f3n<\/li>\n<li>Extremadamente silencioso<\/li>\n<li>A prueba de salpicaduras; solo vainas sumergibles para los dedos<\/li>\n<li>Silicona suave y aterciopelada<\/li>\n<li>Seguro al cuerpo, libre de Ftalatos<\/li>\n<li>Recargable (cable USB incluido)<\/li>\n<li>Tiempo de ejecuci\u00f3n 1 hora<\/li>\n<\/ul>\n<p><strong>Medidas:<\/strong>\u00a07 cm x 5,5 cm<\/p>\n","protected":false},"excerpt":{"rendered":"<p><strong>VEDO KIMI RECHARGEABLE FINGER VIBE<\/strong><\/p>\n<p>Este vibrador para usar con los dedos\u00a0se adapta a quienes aman tocarse o ser tocados. Dise\u00f1o exclusivo con una pulsera de silicona flexible y un controlador extra\u00edble.<\/p>\n","protected":false},"featured_media":3036,"template":"","meta":{"_et_pb_use_builder":"","_et_pb_old_content":"","_et_gb_content_width":"","_joinchat":[]},"product_brand":[],"product_cat":[32,37,18],"product_tag":[],"class_list":{"0":"post-3035","1":"product","2":"type-product","3":"status-publish","4":"has-post-thumbnail","6":"product_cat-ellas","7":"product_cat-estimuladores-clitoriales","8":"product_cat-vibradores","10":"first","11":"instock","12":"sale","13":"shipping-taxable","14":"purchasable","15":"product-type-simple"},"_links":{"self":[{"href":"https:\/\/www.sexshop.com.ar\/web\/wp-json\/wp\/v2\/product\/3035","targetHints":{"allow":["GET"]}}],"collection":[{"href":"https:\/\/www.sexshop.com.ar\/web\/wp-json\/wp\/v2\/product"}],"about":[{"href":"https:\/\/www.sexshop.com.ar\/web\/wp-json\/wp\/v2\/types\/product"}],"wp:featuredmedia":[{"embeddable":true,"href":"https:\/\/www.sexshop.com.ar\/web\/wp-json\/wp\/v2\/media\/3036"}],"wp:attachment":[{"href":"https:\/\/www.sexshop.com.ar\/web\/wp-json\/wp\/v2\/media?parent=3035"}],"wp:term":[{"taxonomy":"product_brand","embeddable":true,"href":"https:\/\/www.sexshop.com.ar\/web\/wp-json\/wp\/v2\/product_brand?post=3035"},{"taxonomy":"product_cat","embeddable":true,"href":"https:\/\/www.sexshop.com.ar\/web\/wp-json\/wp\/v2\/product_cat?post=3035"},{"taxonomy":"product_tag","embeddable":true,"href":"https:\/\/www.sexshop.com.ar\/web\/wp-json\/wp\/v2\/product_tag?post=3035"}],"curies":[{"name":"wp","href":"https:\/\/api.w.org\/{rel}","templated":true}]}}