{"id":3137,"date":"2019-07-01T17:28:21","date_gmt":"2019-07-01T20:28:21","guid":{"rendered":"https:\/\/www.sexshop.com.ar\/web\/?post_type=product&#038;p=3137"},"modified":"2024-11-27T14:49:38","modified_gmt":"2024-11-27T17:49:38","slug":"estimulador-de-punto-g-y-clitoris-pretty-love-bruno","status":"publish","type":"product","link":"https:\/\/www.sexshop.com.ar\/web\/producto\/estimulador-de-punto-g-y-clitoris-pretty-love-bruno\/","title":{"rendered":"Estimulador de Punto G y Clitoris PRETTY LOVE BRUNO"},"content":{"rendered":"<p><strong>PRETTY LOVE BRUNO VIBRADOR MUJER<\/strong><\/p>\n<p>Experimenta la sensaci\u00f3n de la doble estimulaci\u00f3n con este vibrador con 7 funciones te estimula tanto la vagina como el Punto G junto con sus peque\u00f1as estr\u00edas en la punta para unos orgasmos incre\u00edbles. Hecho con nuestra silicona suave es segura para el cuerpo.<\/p>\n<p><strong>Caracter\u00edsticas:<\/strong><\/p>\n<ul>\n<li>7 funciones de vibraci\u00f3n<\/li>\n<li>Estimulaci\u00f3n del Clitoris y Punto G<\/li>\n<li>Silicona Suave<\/li>\n<li>2 Pilas AAA (No incluidas)<\/li>\n<li>Controles de encendido y de velocidad intuitivos.<\/li>\n<li>Libre de Ftalatos<\/li>\n<\/ul>\n<p><strong>Medidas:\u00a0<\/strong>\u00a020 cm x 3 cm<\/p>\n<p>Dise\u00f1ado en EEUU con las m\u00e1s altas normas de calidad.<\/p>\n<p><em>Alcanza tu mejor orgasmo \u00a1Disfr\u00fatalo!<\/em><\/p>\n","protected":false},"excerpt":{"rendered":"<p>Sku BI-014218-1<\/p>\n<h3><strong>PRETTY LOVE BRUNO VIBRADOR MUJER<\/strong><\/h3>\n<h3>Experimenta la sensaci\u00f3n de la doble estimulaci\u00f3n con este vibrador con 7 funciones te estimula tanto la vagina como el Punto G junto con sus peque\u00f1as estr\u00edas en la punta para unos orgasmos incre\u00edbles. Hecho con nuestra silicona suave es segura para el cuerpo.<\/h3>\n","protected":false},"featured_media":3138,"template":"","meta":{"_et_pb_use_builder":"","_et_pb_old_content":"","_et_gb_content_width":"","_joinchat":[]},"product_brand":[],"product_cat":[37,18],"product_tag":[],"class_list":{"0":"post-3137","1":"product","2":"type-product","3":"status-publish","4":"has-post-thumbnail","6":"product_cat-estimuladores-clitoriales","7":"product_cat-vibradores","9":"first","10":"instock","11":"shipping-taxable","12":"purchasable","13":"product-type-simple"},"_links":{"self":[{"href":"https:\/\/www.sexshop.com.ar\/web\/wp-json\/wp\/v2\/product\/3137","targetHints":{"allow":["GET"]}}],"collection":[{"href":"https:\/\/www.sexshop.com.ar\/web\/wp-json\/wp\/v2\/product"}],"about":[{"href":"https:\/\/www.sexshop.com.ar\/web\/wp-json\/wp\/v2\/types\/product"}],"wp:featuredmedia":[{"embeddable":true,"href":"https:\/\/www.sexshop.com.ar\/web\/wp-json\/wp\/v2\/media\/3138"}],"wp:attachment":[{"href":"https:\/\/www.sexshop.com.ar\/web\/wp-json\/wp\/v2\/media?parent=3137"}],"wp:term":[{"taxonomy":"product_brand","embeddable":true,"href":"https:\/\/www.sexshop.com.ar\/web\/wp-json\/wp\/v2\/product_brand?post=3137"},{"taxonomy":"product_cat","embeddable":true,"href":"https:\/\/www.sexshop.com.ar\/web\/wp-json\/wp\/v2\/product_cat?post=3137"},{"taxonomy":"product_tag","embeddable":true,"href":"https:\/\/www.sexshop.com.ar\/web\/wp-json\/wp\/v2\/product_tag?post=3137"}],"curies":[{"name":"wp","href":"https:\/\/api.w.org\/{rel}","templated":true}]}}