{"id":3191,"date":"2019-07-22T11:45:44","date_gmt":"2019-07-22T14:45:44","guid":{"rendered":"https:\/\/www.sexshop.com.ar\/web\/?post_type=product&#038;p=3191"},"modified":"2025-01-27T11:55:53","modified_gmt":"2025-01-27T14:55:53","slug":"desarrolador-high-vacuum-magical-kiss","status":"publish","type":"product","link":"https:\/\/www.sexshop.com.ar\/web\/producto\/desarrolador-high-vacuum-magical-kiss\/","title":{"rendered":"Desarrollador  HIGH-VACUUM  Magical Kiss"},"content":{"rendered":"<p>Esta bomba extensora para el pene\u00a0te garantiza unas erecciones m\u00e1s grandes y potentes gracias a su nueva y revolucionaria tecnolog\u00eda. Tiene una incre\u00edble potencia de succi\u00f3n, lo que te garantiza un mayor aumento de sangre y unas erecciones mucho m\u00e1s potentes. El tubo es transparente y de gran calidad y cuenta con una v\u00e1lvula de liberaci\u00f3n r\u00e1pida de aire. Ambos disfrutar\u00e1n de unas erecciones como nunca hayan\u00a0visto.<\/p>\n<p><strong>Caracter\u00edsticas:<\/strong><\/p>\n<ul>\n<li>Extensor de pene<\/li>\n<li>Bomba al vac\u00edo<\/li>\n<li>Cilindro texturado<\/li>\n<li>V\u00e1lvula liberaci\u00f3n de aire.<\/li>\n<li>Materiales seguros al cuerpo<\/li>\n<li>Incluye anillo<\/li>\n<\/ul>\n","protected":false},"excerpt":{"rendered":"<p>Esta bomba extensora para el pene\u00a0te garantiza unas erecciones m\u00e1s grandes y potentes gracias a su nueva y revolucionaria tecnolog\u00eda. Tiene una incre\u00edble potencia de succi\u00f3n, lo que te garantiza un mayor aumento de sangre y unas erecciones mucho m\u00e1s potentes.<\/p>\n","protected":false},"featured_media":3192,"template":"","meta":{"_et_pb_use_builder":"","_et_pb_old_content":"","_et_gb_content_width":"","_joinchat":[]},"product_brand":[],"product_cat":[31,33],"product_tag":[],"class_list":{"0":"post-3191","1":"product","2":"type-product","3":"status-publish","4":"has-post-thumbnail","6":"product_cat-desarrolladores","7":"product_cat-ellos","9":"first","10":"instock","11":"shipping-taxable","12":"purchasable","13":"product-type-simple"},"_links":{"self":[{"href":"https:\/\/www.sexshop.com.ar\/web\/wp-json\/wp\/v2\/product\/3191","targetHints":{"allow":["GET"]}}],"collection":[{"href":"https:\/\/www.sexshop.com.ar\/web\/wp-json\/wp\/v2\/product"}],"about":[{"href":"https:\/\/www.sexshop.com.ar\/web\/wp-json\/wp\/v2\/types\/product"}],"wp:featuredmedia":[{"embeddable":true,"href":"https:\/\/www.sexshop.com.ar\/web\/wp-json\/wp\/v2\/media\/3192"}],"wp:attachment":[{"href":"https:\/\/www.sexshop.com.ar\/web\/wp-json\/wp\/v2\/media?parent=3191"}],"wp:term":[{"taxonomy":"product_brand","embeddable":true,"href":"https:\/\/www.sexshop.com.ar\/web\/wp-json\/wp\/v2\/product_brand?post=3191"},{"taxonomy":"product_cat","embeddable":true,"href":"https:\/\/www.sexshop.com.ar\/web\/wp-json\/wp\/v2\/product_cat?post=3191"},{"taxonomy":"product_tag","embeddable":true,"href":"https:\/\/www.sexshop.com.ar\/web\/wp-json\/wp\/v2\/product_tag?post=3191"}],"curies":[{"name":"wp","href":"https:\/\/api.w.org\/{rel}","templated":true}]}}