{"id":3223,"date":"2019-08-01T16:02:53","date_gmt":"2019-08-01T19:02:53","guid":{"rendered":"https:\/\/www.sexshop.com.ar\/web\/?post_type=product&#038;p=3223"},"modified":"2025-02-03T18:38:55","modified_gmt":"2025-02-03T21:38:55","slug":"vibrador-estimulador-de-clitoris-funny-doble-rojo","status":"publish","type":"product","link":"https:\/\/www.sexshop.com.ar\/web\/producto\/vibrador-estimulador-de-clitoris-funny-doble-rojo\/","title":{"rendered":"Vibrador Estimulador de Clitoris FUNNY DOBLE ROJO"},"content":{"rendered":"<p>FUNNY DOBLE ROJO es un vibrador femenino, capaz de estimular de manera simult\u00e1nea el\u00a0<strong>punto G y el cl\u00edtoris<\/strong>, siendo capaz de proporcionarte una oleada de\u00a0orgasmos intensos y salvajes.<\/p>\n<p>La parte insertable de forma ergon\u00f3mica est\u00e1 dise\u00f1ada para alcanzar y estimular el punto G gracias a sus 7 cm de longitud (lugar donde se encuentra el punto G femenino) y a su curvatura hacia la parte superior de la vagina. Adem\u00e1s su cabeza, acabada en punta, te facilitar\u00e1 el uso e introducci\u00f3n del vibrador en la vagina.<\/p>\n","protected":false},"excerpt":{"rendered":"<p>FUNNY DOBLE ROJO es un vibrador femenino, capaz de estimular de manera simult\u00e1nea el\u00a0<strong>punto G y el cl\u00edtoris<\/strong>, siendo capaz de proporcionarte una oleada de\u00a0orgasmos intensos y salvajes.<\/p>\n","protected":false},"featured_media":3224,"template":"","meta":{"_et_pb_use_builder":"","_et_pb_old_content":"","_et_gb_content_width":"","_joinchat":[]},"product_brand":[],"product_cat":[37,18],"product_tag":[],"class_list":{"0":"post-3223","1":"product","2":"type-product","3":"status-publish","4":"has-post-thumbnail","6":"product_cat-estimuladores-clitoriales","7":"product_cat-vibradores","9":"first","10":"instock","11":"shipping-taxable","12":"purchasable","13":"product-type-simple"},"_links":{"self":[{"href":"https:\/\/www.sexshop.com.ar\/web\/wp-json\/wp\/v2\/product\/3223","targetHints":{"allow":["GET"]}}],"collection":[{"href":"https:\/\/www.sexshop.com.ar\/web\/wp-json\/wp\/v2\/product"}],"about":[{"href":"https:\/\/www.sexshop.com.ar\/web\/wp-json\/wp\/v2\/types\/product"}],"wp:featuredmedia":[{"embeddable":true,"href":"https:\/\/www.sexshop.com.ar\/web\/wp-json\/wp\/v2\/media\/3224"}],"wp:attachment":[{"href":"https:\/\/www.sexshop.com.ar\/web\/wp-json\/wp\/v2\/media?parent=3223"}],"wp:term":[{"taxonomy":"product_brand","embeddable":true,"href":"https:\/\/www.sexshop.com.ar\/web\/wp-json\/wp\/v2\/product_brand?post=3223"},{"taxonomy":"product_cat","embeddable":true,"href":"https:\/\/www.sexshop.com.ar\/web\/wp-json\/wp\/v2\/product_cat?post=3223"},{"taxonomy":"product_tag","embeddable":true,"href":"https:\/\/www.sexshop.com.ar\/web\/wp-json\/wp\/v2\/product_tag?post=3223"}],"curies":[{"name":"wp","href":"https:\/\/api.w.org\/{rel}","templated":true}]}}