{"id":3404,"date":"2019-12-18T18:42:44","date_gmt":"2019-12-18T21:42:44","guid":{"rendered":"https:\/\/www.sexshop.com.ar\/web\/?post_type=product&#038;p=3404"},"modified":"2026-04-13T11:09:04","modified_gmt":"2026-04-13T14:09:04","slug":"hombre-total-capsulas-para-el-vigor-sexual","status":"publish","type":"product","link":"https:\/\/www.sexshop.com.ar\/web\/producto\/hombre-total-capsulas-para-el-vigor-sexual\/","title":{"rendered":"HOMBRE TOTAL  Capsulas para el Vigor Sexual"},"content":{"rendered":"<h1>HOMBRE TOTAL<\/h1>\n<p><strong>Hombre Total<\/strong>\u00a0es la formula m\u00e1s poderosa y avanzada disponible en la actualidad para aumentar el vigor sexual, el deseo sexual, placer y rendimiento.<\/p>\n<p><strong>Hombre Total<\/strong>\u00a0est\u00e1 elaborado a base de ingredientes derivados de sustancias naturales, sin efectos secundarios peligrosos.<\/p>\n<p>Este poderoso producto incorpora la m\u00e1s amplia gama de ingredientes en las proporciones exactas para conseguir resultados inigualables. Es el fruto de combinar hierbas ancestrales orientales, amino\u00e1cidos, vitaminas y minerales.<\/p>\n<p><strong>Hombre Total<\/strong>\u00a0funciona en hombres de todas las edades.<\/p>\n<p><strong>Hombre Total<\/strong>\u00a0act\u00faa mediante una exclusiva combinaci\u00f3n de ingredientes que estimulan el flujo de sangre hacia el pene, lo cual da como resultado erecciones mas fuertes, poderosas y duraderas que le permitir\u00e1n sacar el m\u00e1ximo provecho a su potencial natural. La mezcla inteligente de hierbas presentes en el producto tambi\u00e9n ayuda a disminuir la posibilidad de que haya obst\u00e1culos para el flujo sangu\u00edneo, y adem\u00e1s ayuda a aumentar los niveles de testosterona.<\/p>\n<div class=\"cartel_amarillo\">\n<p>Al ser un producto de alta potencia y alta concentraci\u00f3n de ingredientes, dichos ingredientes no caben en un solo comprimido o c\u00e1psula y es por eso que se presenta en dos formas juntas que deben ser combinadas al momento de consumir el producto: C\u00e1psulas (azules) y Comprimidos (blancos).<\/p>\n<p>Adem\u00e1s, esta forma de presentaci\u00f3n permite que se aprovechen totalmente los ingredientes ya que la c\u00e1psula se disuelve antes en el est\u00f3mago y libera sus ingredientes para ser absorbidos en primera instancia, y unos minutos despu\u00e9s se desintegra el comprimido liberando entonces sus ingredientes los cuales pueden ser absorbidos en su totalidad. De esta manera se permite al organismo absorber totalmente todos los ingredientes sin que haya desperdicios de algunas fracciones.<\/p>\n<\/div>\n<h2>C\u00f3mo Funciona<\/h2>\n<p>El organo masculino est\u00e1 compuesto de tres c\u00e1maras er\u00e9ctiles. Cuando hay excitaci\u00f3n sexual, el flujo (entrada) de sangre aumenta en estas c\u00e1maras y la efusi\u00f3n (salida) de sangre se disminuye, causando una erecci\u00f3n. Mientras m\u00e1s sangre ingresse a estas c\u00e1maras, su organo masculino se agranda y aumenta su rigidez.<\/p>\n<h2>Qu\u00e9 efectos tiene en el organismo<\/h2>\n<ul>\n<li>Le dar\u00e1 erecciones mas fuertes y frecuentes<\/li>\n<li>Aumenta la resist\u00eancia y energia sexual<\/li>\n<li>Le dar\u00e1 orgasmos mas intensos<\/li>\n<li>Har\u00e1 que sus erecciones duren m\u00e1s<\/li>\n<li>Hace m\u00e1s facil y mas confiable la erecci\u00f3n<\/li>\n<li>Aumenta el deseo, poder, placer y rendimiento<\/li>\n<li>Mejor\u00eda en la vida sexual en s\u00ed y en la sensibilidad del pene<\/li>\n<li>Aumenta la confianza sexual y la vitalidad<\/li>\n<\/ul>\n<h2>Instrucciones de uso<\/h2>\n<p>Tomar 1 c\u00e1psula (azul) y 1 comprimido (blanco) juntos cuando usted lo necesite. El efecto dura alrededor de 24 horas.<\/p>\n<p>Debido a la potencia de algunos de los ingredientes presentes en esta f\u00f3rmula, usted puede sentir una sensaci\u00f3n de muy peque\u00f1os pinchazos en la cara o en distintas partes de la piel unos 30 minutos despu\u00e9s de tomar el producto, lo cual es totalmente normal y esa sensaci\u00f3n desaparece unos pocos minutos despu\u00e9s.<\/p>\n<h2>Funciones de los Ingredientes Presentes en Hombre Total<\/h2>\n<h3><strong>L-Arginina:<\/strong><\/h3>\n<p>Es un important\u00edsimo aliado para conseguir aumentar la potencia sexual debido a su habilidad para aumentar el flujo sangu\u00edneo y la circulaci\u00f3n, lo cual consigue mediante el aumento de la producci\u00f3n de \u00d3xido N\u00edtrico en el cuerpo. El \u00f6xido N\u00edtrico es responsable del incremento de caudal de sangre hacia los m\u00fasculos, y particularmente hacia el pene.<\/p>\n<p>Es el m\u00e1s abundante amino\u00e1cido presente en el semen. Es tambi\u00e9n un precursor de la hormona de crecimiento necesaria para la correcta performance del hombre.<\/p>\n<h3><strong>L-Lisina:<\/strong><\/h3>\n<p>La lisina puede demostrar sus propiedades para mejorar el rendimiento sexual y aumentar la libido. La L-Lisina puede ser \u00fatil en el aumento del deseo sexual y la energ\u00eda sexual, mejorando la excitaci\u00f3n.<\/p>\n<h3><strong>\u00c1cido Glut\u00e1mico:<\/strong><\/h3>\n<p>Este amino\u00e1cido facilita el comportamiento sexual masculino.<\/p>\n<h3><strong>Beta Alanina:<\/strong><\/h3>\n<p>Este amino\u00e1cido, a diferencia de los dem\u00e1s, no se utiliza en el cuerpo para formar prote\u00ednas sino para producir una sustancia llamada Carnosina. A su vez la Carnosina activa la producci\u00f3n de \u00d3xido N\u00edtrico dentro del cuerpo, y el \u00d3xido N\u00edtrico es el responsable de incrementar el flujo de sangre hacia el pene.<\/p>\n<h3><strong>Zinc:<\/strong><\/h3>\n<p>Este ingrediente ha dado pruebas de ser clave para prevenir eyaculaci\u00f3n precoz, y tambi\u00e9n es fundamental para la producci\u00f3n de Testosterona (hormona que se encuentra normalmente en el organismo de los hombres y que es uno de los responsables de la potencia sexual). Los hombres necesitan Zinc para tener un correcto funcionamiento sexual. Adem\u00e1s se ha comprobado que la combinaci\u00f3n de Zinc con \u00c1cido F\u00f3lico (otro ingrediente presente en este producto), aumenta la fertilidad.<\/p>\n<h3><strong>Acido F\u00f3lico:<\/strong><\/h3>\n<p>Niveles bajos de esta vitamina pueden llevar a una baja de energ\u00eda general.<\/p>\n<h3><strong>Ginseng:<\/strong><\/h3>\n<p>M\u00faltiples estudios cl\u00ednicos han demostrado la eficacia de este ingrediente. Puede mejorar la rigidez de sus erecciones mientras que las hace m\u00e1s llenas. Tambi\u00e9n tiene el poder de aumentar su libido.<\/p>\n<p>Este ingrediente act\u00faa directamente en su sistema nervioso central y lo que es m\u00e1s importante, en los tejidos de los test\u00edculos. Este es el tipo correcto de aliado que se necesita para luchar contra decaimiento del deseo sexual.<\/p>\n<h3><strong>Semillas de Zapallo (Cucurbita m\u00e1xima):<\/strong><\/h3>\n<p>Estas semillas son ricas en antioxidantes necesarios para realizar tareas de reparaci\u00f3n del organismo.<\/p>\n<p>Ayudan a mejorar el funcionamiento de la pr\u00f3stata lo cual es muy importante para la salud sexual masculina.<\/p>\n<p>Es una rica fuente de Magnesio, un elemento que el cuerpo requiere para realizar m\u00e1s de 300 funciones corporales.<\/p>\n<p>Colabora a la producci\u00f3n de hormonas m\u00e1s equilibrada e impulsa el bienestar de todo el cuerpo.<\/p>\n<h3><strong>Ra\u00edz de Jengibre (Zingiber officinale):<\/strong><\/h3>\n<p>Se cree que es un afrodis\u00edaco natural, el jengibre estimula el flujo sangu\u00edneo a todas las partes del cuerpo (sobre todo, las extremidades como el pene). Tiene el poder de hacer sus zonas er\u00f3genas m\u00e1s sensibles, lo que resulta en un orgasmo m\u00e1s placentero y un cl\u00edmax m\u00e1s duradero. Adem\u00e1s mejora la calidad de los espermatozoides.<\/p>\n<h3><strong>Hoja de ortiga (Urtica dioica):<\/strong><\/h3>\n<p>Entre sus muchas propiedades, la hoja de ortiga se ha mostrado \u00faltimamente posiblemente eficaz para la salud de la pr\u00f3stata. La salud de la pr\u00f3stata es esencial para los hombres, no importa cu\u00e1n j\u00f3venes o mayores sean. La prevenci\u00f3n comienza cuando los hombres son j\u00f3venes, con el fin de evitar problemas asociados con el envejecimiento. Los problemas de pr\u00f3stata pueden interferir con una vida sexual saludable y por eso es importante su presencia en esta f\u00f3rmula. Ortiga tambi\u00e9n se considera un restaurador general para el cuerpo. Es rico en hierro, zinc y clorofila.<\/p>\n<h3><strong>Astr\u00e1galo:<\/strong><\/h3>\n<p>Es un importante estimulador del flujo sangu\u00edneo que ayuda a canalizar el flujo sangu\u00edneo hacia el pene.<\/p>\n<p>Este ingrediente aumenta la resistencia y se dice que aumenta el metabolismo del usuario mientras que disminuye su fatiga de rendimiento.<\/p>\n<h3><strong>Damiana:<\/strong><\/h3>\n<p>Planta afrodis\u00edaca y t\u00f3nica oriunda de la Amazonia Brasile\u00f1a. Est\u00e1 presente en nuestra f\u00f3rmula debido a su v\u00ednculo con una mejor resistencia sexual, mayor funci\u00f3n de erecci\u00f3n y orgasmos m\u00e1s placenteros.<\/p>\n<h3><strong>Gingkgo Biloba:<\/strong><\/h3>\n<p>Ingrediente natural rico en flavonoides que respaldan la circulaci\u00f3n incrementada, particularmente la oxigenaci\u00f3n de las extremidades.<\/p>\n<h3><strong>Niacina (Vitamina B3):<\/strong><\/h3>\n<p>Una dosis diaria de Niacina, tambi\u00e9n conocida como Vitamina B3, mejora la funci\u00f3n er\u00e9ctil de los hombres seg\u00fan recientes estudios cient\u00edficos.<\/p>\n","protected":false},"excerpt":{"rendered":"<h1>HOMBRE TOTAL<\/h1>\n<p><strong>Hombre Total<\/strong>\u00a0es la formula m\u00e1s poderosa y avanzada disponible en la actualidad para aumentar el vigor sexual, el deseo sexual, placer y rendimiento.<\/p>\n<p><strong>Hombre Total<\/strong>\u00a0est\u00e1 elaborado a base de ingredientes derivados de sustancias naturales, sin efectos secundarios peligrosos.<\/p>\n","protected":false},"featured_media":6291,"template":"","meta":{"_et_pb_use_builder":"","_et_pb_old_content":"","_et_gb_content_width":"","_joinchat":[]},"product_brand":[],"product_cat":[25,36,34],"product_tag":[],"class_list":{"0":"post-3404","1":"product","2":"type-product","3":"status-publish","4":"has-post-thumbnail","6":"product_cat-afrodisiacos","7":"product_cat-energizantes","8":"product_cat-inicio","10":"first","11":"instock","12":"shipping-taxable","13":"purchasable","14":"product-type-simple"},"_links":{"self":[{"href":"https:\/\/www.sexshop.com.ar\/web\/wp-json\/wp\/v2\/product\/3404","targetHints":{"allow":["GET"]}}],"collection":[{"href":"https:\/\/www.sexshop.com.ar\/web\/wp-json\/wp\/v2\/product"}],"about":[{"href":"https:\/\/www.sexshop.com.ar\/web\/wp-json\/wp\/v2\/types\/product"}],"wp:featuredmedia":[{"embeddable":true,"href":"https:\/\/www.sexshop.com.ar\/web\/wp-json\/wp\/v2\/media\/6291"}],"wp:attachment":[{"href":"https:\/\/www.sexshop.com.ar\/web\/wp-json\/wp\/v2\/media?parent=3404"}],"wp:term":[{"taxonomy":"product_brand","embeddable":true,"href":"https:\/\/www.sexshop.com.ar\/web\/wp-json\/wp\/v2\/product_brand?post=3404"},{"taxonomy":"product_cat","embeddable":true,"href":"https:\/\/www.sexshop.com.ar\/web\/wp-json\/wp\/v2\/product_cat?post=3404"},{"taxonomy":"product_tag","embeddable":true,"href":"https:\/\/www.sexshop.com.ar\/web\/wp-json\/wp\/v2\/product_tag?post=3404"}],"curies":[{"name":"wp","href":"https:\/\/api.w.org\/{rel}","templated":true}]}}