{"id":3507,"date":"2020-01-15T22:07:39","date_gmt":"2020-01-16T01:07:39","guid":{"rendered":"https:\/\/www.sexshop.com.ar\/web\/?post_type=product&#038;p=3507"},"modified":"2026-04-13T11:04:36","modified_gmt":"2026-04-13T14:04:36","slug":"velas-para-masajes-massage-candle-frutos-rojos","status":"publish","type":"product","link":"https:\/\/www.sexshop.com.ar\/web\/producto\/velas-para-masajes-massage-candle-frutos-rojos\/","title":{"rendered":"Velas para Masajes  MASSAGE CANDLE FRUTOS ROJOS"},"content":{"rendered":"<p><strong>MASSAGE CANDLE FRUTOS ROJOS<\/strong><\/p>\n<p>La vela se derrite convirti\u00e9ndose en un tibio aceite para masajes sedosos. Elaborada con una rica combinaci\u00f3n de aceites naturales y vitaminas que suavizan y nutren la piel.<\/p>\n<ul>\n<li>Encend\u00e9&#8230; Prende la vela y deja unos minutos para que se derrita el aceite.<\/li>\n<li>Volv\u00e1&#8230; Aplic\u00e1 unas gotitas sobre tu cuerpo o el de tu pareja.<\/li>\n<li>Masaje\u00e1&#8230; Dej\u00e1 volar la imaginaci\u00f3n y masaje\u00e1 sensualmente.<\/li>\n<\/ul>\n<p><strong>Medida:\u00a0<\/strong>30 gr.<\/p>\n","protected":false},"excerpt":{"rendered":"<p><strong>MASSAGE CANDLE FRUTOS ROJOS<\/strong><\/p>\n<p>La vela se derrite convirti\u00e9ndose en un tibio aceite para masajes sedosos. Elaborada con una rica combinaci\u00f3n de aceites naturales y vitaminas que suavizan y nutren la piel.<\/p>\n","protected":false},"featured_media":3509,"template":"","meta":{"_et_pb_use_builder":"","_et_pb_old_content":"","_et_gb_content_width":"","_joinchat":[]},"product_brand":[],"product_cat":[24,25,35],"product_tag":[],"class_list":{"0":"post-3507","1":"product","2":"type-product","3":"status-publish","4":"has-post-thumbnail","6":"product_cat-accesorios","7":"product_cat-afrodisiacos","8":"product_cat-geles-y-lubricantes","10":"first","11":"outofstock","12":"shipping-taxable","13":"purchasable","14":"product-type-simple"},"_links":{"self":[{"href":"https:\/\/www.sexshop.com.ar\/web\/wp-json\/wp\/v2\/product\/3507","targetHints":{"allow":["GET"]}}],"collection":[{"href":"https:\/\/www.sexshop.com.ar\/web\/wp-json\/wp\/v2\/product"}],"about":[{"href":"https:\/\/www.sexshop.com.ar\/web\/wp-json\/wp\/v2\/types\/product"}],"wp:featuredmedia":[{"embeddable":true,"href":"https:\/\/www.sexshop.com.ar\/web\/wp-json\/wp\/v2\/media\/3509"}],"wp:attachment":[{"href":"https:\/\/www.sexshop.com.ar\/web\/wp-json\/wp\/v2\/media?parent=3507"}],"wp:term":[{"taxonomy":"product_brand","embeddable":true,"href":"https:\/\/www.sexshop.com.ar\/web\/wp-json\/wp\/v2\/product_brand?post=3507"},{"taxonomy":"product_cat","embeddable":true,"href":"https:\/\/www.sexshop.com.ar\/web\/wp-json\/wp\/v2\/product_cat?post=3507"},{"taxonomy":"product_tag","embeddable":true,"href":"https:\/\/www.sexshop.com.ar\/web\/wp-json\/wp\/v2\/product_tag?post=3507"}],"curies":[{"name":"wp","href":"https:\/\/api.w.org\/{rel}","templated":true}]}}