{"id":3730,"date":"2020-05-12T13:35:48","date_gmt":"2020-05-12T16:35:48","guid":{"rendered":"https:\/\/www.sexshop.com.ar\/web\/?post_type=product&#038;p=3730"},"modified":"2026-02-16T12:05:13","modified_gmt":"2026-02-16T15:05:13","slug":"pretty-love-brighty","status":"publish","type":"product","link":"https:\/\/www.sexshop.com.ar\/web\/producto\/pretty-love-brighty\/","title":{"rendered":"Pretty Love Brighty 30 Funciones de Vibracion Vaginal y Clitorial"},"content":{"rendered":"<p><strong>PRETTY LOVE BRIGHTY VIBRADOR MUJER<\/strong><\/p>\n<p>Toma el control del placer con este vers\u00e1til vibrador con 30 funciones de vibraci\u00f3n. Cuenta con un dise\u00f1o elegante y con una estimulaci\u00f3n dual, tanto vaginal como para el cl\u00edtoris. Su superficie es suave gracias a su silicona de alta calidad,\u00a0impermeable para usar en la ducha. Podr\u00e1s ir probando entre todas sus funciones para ver cu\u00e1l es tu favorita.<\/p>\n<p><strong>Caracter\u00edsticas:<\/strong><\/p>\n<ul>\n<li>Vibrador femenino<\/li>\n<li>Est\u00edmulo Cl\u00edtoris y Punto G<\/li>\n<li>30 funciones de vibraci\u00f3n<\/li>\n<li>Silicona suave<\/li>\n<li>Impermeable (Salpicaduras)<\/li>\n<li>2 Pilas AAA (No incluidas)<\/li>\n<li>Libre de Ftalatos<\/li>\n<\/ul>\n<p><strong>Medidas:<\/strong>\u00a020 cm x 3.4 cm<\/p>\n<p>Dise\u00f1ado en EEUU con las m\u00e1s estrictas normas de calidad.<\/p>\n<p><em>Alcanza tu mejor orgasmo \u00a1Disfr\u00fatalo!<\/em><\/p>\n","protected":false},"excerpt":{"rendered":"<p>Toma el control del placer con este vers\u00e1til vibrador con 30 funciones de vibraci\u00f3n. Cuenta con un dise\u00f1o elegante y con una estimulaci\u00f3n dual, tanto vaginal como para el cl\u00edtoris.<\/p>\n","protected":false},"featured_media":3732,"template":"","meta":{"_et_pb_use_builder":"","_et_pb_old_content":"","_et_gb_content_width":"","_joinchat":[]},"product_brand":[],"product_cat":[37],"product_tag":[],"class_list":{"0":"post-3730","1":"product","2":"type-product","3":"status-publish","4":"has-post-thumbnail","6":"product_cat-estimuladores-clitoriales","8":"first","9":"instock","10":"shipping-taxable","11":"purchasable","12":"product-type-simple"},"_links":{"self":[{"href":"https:\/\/www.sexshop.com.ar\/web\/wp-json\/wp\/v2\/product\/3730","targetHints":{"allow":["GET"]}}],"collection":[{"href":"https:\/\/www.sexshop.com.ar\/web\/wp-json\/wp\/v2\/product"}],"about":[{"href":"https:\/\/www.sexshop.com.ar\/web\/wp-json\/wp\/v2\/types\/product"}],"wp:featuredmedia":[{"embeddable":true,"href":"https:\/\/www.sexshop.com.ar\/web\/wp-json\/wp\/v2\/media\/3732"}],"wp:attachment":[{"href":"https:\/\/www.sexshop.com.ar\/web\/wp-json\/wp\/v2\/media?parent=3730"}],"wp:term":[{"taxonomy":"product_brand","embeddable":true,"href":"https:\/\/www.sexshop.com.ar\/web\/wp-json\/wp\/v2\/product_brand?post=3730"},{"taxonomy":"product_cat","embeddable":true,"href":"https:\/\/www.sexshop.com.ar\/web\/wp-json\/wp\/v2\/product_cat?post=3730"},{"taxonomy":"product_tag","embeddable":true,"href":"https:\/\/www.sexshop.com.ar\/web\/wp-json\/wp\/v2\/product_tag?post=3730"}],"curies":[{"name":"wp","href":"https:\/\/api.w.org\/{rel}","templated":true}]}}