{"id":3812,"date":"2020-05-19T12:30:11","date_gmt":"2020-05-19T15:30:11","guid":{"rendered":"https:\/\/www.sexshop.com.ar\/web\/?post_type=product&#038;p=3812"},"modified":"2025-01-27T17:24:16","modified_gmt":"2025-01-27T20:24:16","slug":"protesis-pellizcable-linea-premiun-22-x-6-cm","status":"publish","type":"product","link":"https:\/\/www.sexshop.com.ar\/web\/producto\/protesis-pellizcable-linea-premiun-22-x-6-cm\/","title":{"rendered":"Protesis Pellizcable LINEA PREMIUM  22 x 6 cm"},"content":{"rendered":"<p><strong>LINEA CLASSIC PROTESIS PELLIZCABLE EXTRA SUPER 23 X 6 CM<\/strong><\/p>\n<p>Ahora podes elegir una replica exacta de un pene real, una protesis realizada en silicona semi-rigida. Para usarlo solo o en pareja, lograras mas penetraciones. Este producto es ideal para personas con problemas de ereccion o simplemente para tener sesiones de placer mucho mas largas.\u00a0Experimenta nuevas y placenteras sensaciones, no vas a notar la diferencia entre estos juguetes y un pene real.<\/p>\n<p><strong>Caracter\u00edsticas:<\/strong><\/p>\n<ul>\n<li>Pr\u00f3tesis peneana real\u00edstica<\/li>\n<li>Material, simil piel, pellizcable<\/li>\n<li>Anillo met\u00e1lico en su base para mayor firmeza<\/li>\n<li>R\u00edgidez, asegura que no se doble.<\/li>\n<li>Incluye arn\u00e9s el\u00e1stico.<\/li>\n<li>Materiales seguros al cuerpo,<\/li>\n<li>Libre de Ftalatos<\/li>\n<li>Color:\u00a0Piel<\/li>\n<\/ul>\n<p><strong>Medidas:\u00a0<\/strong><\/p>\n<ul>\n<li>Externa:\u00a023 cm x 6 cm<\/li>\n<li>Interna: 21cm x 5\u00a0cm<\/li>\n<\/ul>\n<p>\u00bfCu\u00e1l es la diferencia entre una pr\u00f3tesis peneana y una funda peneana?<\/p>\n<p>Las pr\u00f3tesis peneanas son r\u00edgidas,\u00a0tienen escasa flexibilidad y se pueden utilizar con o sin erecci\u00f3n.\u00a0Las fundas peneanas tienen la funci\u00f3n de darle m\u00e1s longitud y grosor al pene erecto, las mismas se colocan sobre el pene, son el\u00e1sticas y no se pueden utilizar sin erecci\u00f3n. (Importante: Las fundas y las pr\u00f3tesis no reemplazan al preservativo)<\/p>\n<p><em>Alcanz\u00e1 el mejor orgasmo \u00a1Disfrutalo!<\/em><\/p>\n","protected":false},"excerpt":{"rendered":"<p><strong>LINEA CLASSIC PROTESIS PELLIZCABLE EXTRA SUPER 22 X 6 CM<\/strong><\/p>\n<p>Ahora podes elegir una replica exacta de un pene real, una protesis realizada en silicona semi-rigida. Para usarlo solo o en pareja, lograras mas penetraciones.<\/p>\n","protected":false},"featured_media":3814,"template":"","meta":{"_et_pb_use_builder":"","_et_pb_old_content":"","_et_gb_content_width":"","_joinchat":[]},"product_brand":[],"product_cat":[33,44],"product_tag":[],"class_list":{"0":"post-3812","1":"product","2":"type-product","3":"status-publish","4":"has-post-thumbnail","6":"product_cat-ellos","7":"product_cat-protesis","9":"first","10":"instock","11":"shipping-taxable","12":"purchasable","13":"product-type-simple"},"_links":{"self":[{"href":"https:\/\/www.sexshop.com.ar\/web\/wp-json\/wp\/v2\/product\/3812","targetHints":{"allow":["GET"]}}],"collection":[{"href":"https:\/\/www.sexshop.com.ar\/web\/wp-json\/wp\/v2\/product"}],"about":[{"href":"https:\/\/www.sexshop.com.ar\/web\/wp-json\/wp\/v2\/types\/product"}],"wp:featuredmedia":[{"embeddable":true,"href":"https:\/\/www.sexshop.com.ar\/web\/wp-json\/wp\/v2\/media\/3814"}],"wp:attachment":[{"href":"https:\/\/www.sexshop.com.ar\/web\/wp-json\/wp\/v2\/media?parent=3812"}],"wp:term":[{"taxonomy":"product_brand","embeddable":true,"href":"https:\/\/www.sexshop.com.ar\/web\/wp-json\/wp\/v2\/product_brand?post=3812"},{"taxonomy":"product_cat","embeddable":true,"href":"https:\/\/www.sexshop.com.ar\/web\/wp-json\/wp\/v2\/product_cat?post=3812"},{"taxonomy":"product_tag","embeddable":true,"href":"https:\/\/www.sexshop.com.ar\/web\/wp-json\/wp\/v2\/product_tag?post=3812"}],"curies":[{"name":"wp","href":"https:\/\/api.w.org\/{rel}","templated":true}]}}