{"id":3915,"date":"2020-07-01T16:25:34","date_gmt":"2020-07-01T19:25:34","guid":{"rendered":"https:\/\/www.sexshop.com.ar\/web\/?post_type=product&#038;p=3915"},"modified":"2026-04-13T11:04:04","modified_gmt":"2026-04-13T14:04:04","slug":"velas-par-masajes-massage-candle-vainilla-coconut","status":"publish","type":"product","link":"https:\/\/www.sexshop.com.ar\/web\/producto\/velas-par-masajes-massage-candle-vainilla-coconut\/","title":{"rendered":"Velas para Masajes CANDLE VAINILLA COCONUT"},"content":{"rendered":"<h4>MASSAGE CANDLE VAINILLA COCONUT 30GS<\/h4>\n<h4>PROB\u00c1 LA NUEVA MASSAGE CANDLE CON EXQUISITO AROMA A VAINILLA &amp; COCO.<\/h4>\n<h4>Velas perfectas para disfrutar masajes estimulantes.<\/h4>\n<h4>Acaricia tu piel y la de tu pareja dando masajes relajantes con estas velas. Son de la m\u00e1s alta calidad, pensados especialmente para estimular tus sentidos en los excitantes juegos previos, as\u00ed como en las relaciones sexuales.<\/h4>\n<h4>No dejes pasar la oportunidad y aprovecha el momento del cachondeo para experimentar los efectos que aportan.<\/h4>\n<h4>MASSAGE CANDLE. LA VELA SE DERRITE CONVIRTI\u00c9NDOSE EN UN TIBIO ACEITE PARA MASAJES SEDOSOS. UNA RICA COMBINACI\u00d3N DE ACEITES NATURALES.<\/h4>\n<h4>1<span class=\"_5mfr\"><span class=\"_6qdm\">\u2665\ufe0f<\/span><\/span>\u00a0ENCEND\u00c9 LA VELA Y DEJ\u00c1 UNOS MINUTOS PARA QUE SE DERRITA EL ACEITE.<\/h4>\n<h4>2\u00a0<span class=\"_5mfr\"><span class=\"_6qdm\">\u2665\ufe0f<\/span><\/span>\u00a0APLIC\u00c1 UNAS GOTAS SOBRE TU CUERPO O EL DE TU PAREJA.<\/h4>\n<h4>3\u00a0<span class=\"_5mfr\"><span class=\"_6qdm\">\u2665\ufe0f<\/span><\/span>\u00a0DEJ\u00c1 VOLAR LA IMAGINACI\u00d3N Y MASAJE\u00c1 SENSUALMENTE.\u00a0VOIL\u00c1!<\/h4>\n","protected":false},"excerpt":{"rendered":"<h5>MASSAGE CANDLE VAINILLA COCONUT 30GS<\/h5>\n<h5>PROB\u00c1 LA NUEVA MASSAGE CANDLE CON EXQUISITO AROMA A VAINILLA &amp; COCO.<\/h5>\n","protected":false},"featured_media":3916,"template":"","meta":{"_et_pb_use_builder":"","_et_pb_old_content":"","_et_gb_content_width":"","_joinchat":[]},"product_brand":[],"product_cat":[24,25,32,35],"product_tag":[],"class_list":{"0":"post-3915","1":"product","2":"type-product","3":"status-publish","4":"has-post-thumbnail","6":"product_cat-accesorios","7":"product_cat-afrodisiacos","8":"product_cat-ellas","9":"product_cat-geles-y-lubricantes","11":"first","12":"instock","13":"shipping-taxable","14":"purchasable","15":"product-type-simple"},"_links":{"self":[{"href":"https:\/\/www.sexshop.com.ar\/web\/wp-json\/wp\/v2\/product\/3915","targetHints":{"allow":["GET"]}}],"collection":[{"href":"https:\/\/www.sexshop.com.ar\/web\/wp-json\/wp\/v2\/product"}],"about":[{"href":"https:\/\/www.sexshop.com.ar\/web\/wp-json\/wp\/v2\/types\/product"}],"wp:featuredmedia":[{"embeddable":true,"href":"https:\/\/www.sexshop.com.ar\/web\/wp-json\/wp\/v2\/media\/3916"}],"wp:attachment":[{"href":"https:\/\/www.sexshop.com.ar\/web\/wp-json\/wp\/v2\/media?parent=3915"}],"wp:term":[{"taxonomy":"product_brand","embeddable":true,"href":"https:\/\/www.sexshop.com.ar\/web\/wp-json\/wp\/v2\/product_brand?post=3915"},{"taxonomy":"product_cat","embeddable":true,"href":"https:\/\/www.sexshop.com.ar\/web\/wp-json\/wp\/v2\/product_cat?post=3915"},{"taxonomy":"product_tag","embeddable":true,"href":"https:\/\/www.sexshop.com.ar\/web\/wp-json\/wp\/v2\/product_tag?post=3915"}],"curies":[{"name":"wp","href":"https:\/\/api.w.org\/{rel}","templated":true}]}}