{"id":3994,"date":"2020-07-22T15:46:28","date_gmt":"2020-07-22T18:46:28","guid":{"rendered":"https:\/\/www.sexshop.com.ar\/web\/?post_type=product&#038;p=3994"},"modified":"2025-01-27T17:41:04","modified_gmt":"2025-01-27T20:41:04","slug":"lubricante-lube-supreme-retardante","status":"publish","type":"product","link":"https:\/\/www.sexshop.com.ar\/web\/producto\/lubricante-lube-supreme-retardante\/","title":{"rendered":"RETARDANTE SUPREME"},"content":{"rendered":"<h1>SPECIAL GEL FOR MEN\u00a0RETARDANTE.<\/h1>\n<p>Es un gel retardante de r\u00e1pida acci\u00f3n que permite controlar las erecciones retrasando el momento de eyaculaci\u00f3n .<\/p>\n<ul>\n<li>RETRASA LA EYACULACI\u00d3N<\/li>\n<li>ACT\u00daA RAPIDAMENTE<\/li>\n<li>MEJORA LAS RELACIONES SEXUALES<\/li>\n<li>AYUDA A DISFRUTAR M\u00c1S DEL SEXO<\/li>\n<li>SIN EFECTOS SECUNDARIOS<\/li>\n<\/ul>\n<p>Cont. Neto: 130ml<\/p>\n","protected":false},"excerpt":{"rendered":"<p>Gel Lubricante para relaciones m\u00e1s prolongadas y placenteras.<\/p>\n<p>Es un gel retardante de r\u00e1pida acci\u00f3n que permite controlar las erecciones retrasando el momento de eyaculaci\u00f3n .<\/p>\n","protected":false},"featured_media":3995,"template":"","meta":{"_et_pb_use_builder":"","_et_pb_old_content":"","_et_gb_content_width":"","_joinchat":[]},"product_brand":[],"product_cat":[33,36,35],"product_tag":[],"class_list":{"0":"post-3994","1":"product","2":"type-product","3":"status-publish","4":"has-post-thumbnail","6":"product_cat-ellos","7":"product_cat-energizantes","8":"product_cat-geles-y-lubricantes","10":"first","11":"instock","12":"shipping-taxable","13":"purchasable","14":"product-type-simple"},"_links":{"self":[{"href":"https:\/\/www.sexshop.com.ar\/web\/wp-json\/wp\/v2\/product\/3994","targetHints":{"allow":["GET"]}}],"collection":[{"href":"https:\/\/www.sexshop.com.ar\/web\/wp-json\/wp\/v2\/product"}],"about":[{"href":"https:\/\/www.sexshop.com.ar\/web\/wp-json\/wp\/v2\/types\/product"}],"wp:featuredmedia":[{"embeddable":true,"href":"https:\/\/www.sexshop.com.ar\/web\/wp-json\/wp\/v2\/media\/3995"}],"wp:attachment":[{"href":"https:\/\/www.sexshop.com.ar\/web\/wp-json\/wp\/v2\/media?parent=3994"}],"wp:term":[{"taxonomy":"product_brand","embeddable":true,"href":"https:\/\/www.sexshop.com.ar\/web\/wp-json\/wp\/v2\/product_brand?post=3994"},{"taxonomy":"product_cat","embeddable":true,"href":"https:\/\/www.sexshop.com.ar\/web\/wp-json\/wp\/v2\/product_cat?post=3994"},{"taxonomy":"product_tag","embeddable":true,"href":"https:\/\/www.sexshop.com.ar\/web\/wp-json\/wp\/v2\/product_tag?post=3994"}],"curies":[{"name":"wp","href":"https:\/\/api.w.org\/{rel}","templated":true}]}}