{"id":3999,"date":"2020-07-22T16:01:56","date_gmt":"2020-07-22T19:01:56","guid":{"rendered":"https:\/\/www.sexshop.com.ar\/web\/?post_type=product&#038;p=3999"},"modified":"2026-02-23T12:23:33","modified_gmt":"2026-02-23T15:23:33","slug":"wet-gel-lubricante-like-a-virgin","status":"publish","type":"product","link":"https:\/\/www.sexshop.com.ar\/web\/producto\/wet-gel-lubricante-like-a-virgin\/","title":{"rendered":"WET GEL LUBRICANTE LIKE A VIRGIN"},"content":{"rendered":"<h2>Gel Lubricante Like a Virgin<\/h2>\n<p>Nueva l\u00ednea de suplementos dietarios vigorizantes que ayudan a aumentar la l\u00edbido en las mujeres. Lleve su placer al m\u00e1ximo! Para mujeres de todas las edades<\/p>\n<p>Disfrut\u00e1 con el efecto \u00abTightening\u00bb de este original gel que combina las propiedades astrigentes de la Hammamelis Virginiana y el poder ultradelizante y rejuvenecedor del \u00c1cido Hialur\u00f3nico.<\/p>\n<p>Este gel especial mejora la elasticidad de la pared de la vagina y le ayuda a recuperar la sensaci\u00f3n de p\u00e9rdida de tensi\u00f3n.<\/p>\n<p>Wet Like a virgin es un gel a base de agua, no irritante y seguro, hecho de ingredientes naturales que reafirma y tensa las paredes vaginales internas, mejora la elasticidad y fomenta la lubricaci\u00f3n natural durante las relaciones sexuales, lo que hace que el sexo sea m\u00e1s c\u00f3modo y placentero.<\/p>\n<ul>\n<li>F\u00d3RMULA HERBAL 100% NATURAL<\/li>\n<\/ul>\n<p>Tus tejidos vaginales se apretar\u00e1n y su vagina se sentir\u00e1 m\u00e1s estrecha para vos y tu pareja, mejorando su experiencia sexual compartida.<\/p>\n<p>Wet Like a virgin contiene el conocido agente tensor de la piel, hamaleis virginiana, que se utiliza en varios productos cosm\u00e9ticos.<\/p>\n<p>Sus habilidades para estimular la piel ayudan a reafirmar y tonificar y aumentar la flexibilidad de la piel.<\/p>\n<p>El uso regular te ayudar\u00e1 a disfrutar de una vida sexual m\u00e1s placentera, a aumentar la elasticidad y la resistencia de su piel, a restaurar el soporte vaginal natural de su cuerpo.<\/p>\n<p>&nbsp;<\/p>\n<p>Empoderate y conf\u00eda en vos misma!<\/p>\n<p>&nbsp;<\/p>\n","protected":false},"excerpt":{"rendered":"<p>Este gel especial mejora la elasticidad de la pared de la vagina y le ayuda a recuperar la sensaci\u00f3n de p\u00e9rdida de tensi\u00f3n.<\/p>\n","protected":false},"featured_media":4000,"template":"","meta":{"_et_pb_use_builder":"","_et_pb_old_content":"","_et_gb_content_width":"","_joinchat":[]},"product_brand":[],"product_cat":[32,35],"product_tag":[],"class_list":{"0":"post-3999","1":"product","2":"type-product","3":"status-publish","4":"has-post-thumbnail","6":"product_cat-ellas","7":"product_cat-geles-y-lubricantes","9":"first","10":"instock","11":"shipping-taxable","12":"purchasable","13":"product-type-simple"},"_links":{"self":[{"href":"https:\/\/www.sexshop.com.ar\/web\/wp-json\/wp\/v2\/product\/3999","targetHints":{"allow":["GET"]}}],"collection":[{"href":"https:\/\/www.sexshop.com.ar\/web\/wp-json\/wp\/v2\/product"}],"about":[{"href":"https:\/\/www.sexshop.com.ar\/web\/wp-json\/wp\/v2\/types\/product"}],"wp:featuredmedia":[{"embeddable":true,"href":"https:\/\/www.sexshop.com.ar\/web\/wp-json\/wp\/v2\/media\/4000"}],"wp:attachment":[{"href":"https:\/\/www.sexshop.com.ar\/web\/wp-json\/wp\/v2\/media?parent=3999"}],"wp:term":[{"taxonomy":"product_brand","embeddable":true,"href":"https:\/\/www.sexshop.com.ar\/web\/wp-json\/wp\/v2\/product_brand?post=3999"},{"taxonomy":"product_cat","embeddable":true,"href":"https:\/\/www.sexshop.com.ar\/web\/wp-json\/wp\/v2\/product_cat?post=3999"},{"taxonomy":"product_tag","embeddable":true,"href":"https:\/\/www.sexshop.com.ar\/web\/wp-json\/wp\/v2\/product_tag?post=3999"}],"curies":[{"name":"wp","href":"https:\/\/api.w.org\/{rel}","templated":true}]}}