{"id":4018,"date":"2020-07-30T12:13:46","date_gmt":"2020-07-30T15:13:46","guid":{"rendered":"https:\/\/www.sexshop.com.ar\/web\/?post_type=product&#038;p=4018"},"modified":"2025-02-10T12:09:15","modified_gmt":"2025-02-10T15:09:15","slug":"estimulador-pixies-pinpoint","status":"publish","type":"product","link":"https:\/\/www.sexshop.com.ar\/web\/producto\/estimulador-pixies-pinpoint\/","title":{"rendered":"Estimulador PIXIES PINPOINT"},"content":{"rendered":"<p>Este Estimulador PIXIES PINPOINT tiene un acabado puntiagudo que la\u00a0hace ideal para una estimulaci\u00f3n precisa. Este vibrador tiene un acabado suave como la seda y te va a encantar\u00a0el dise\u00f1o de un solo bot\u00f3n para un control excepcionalmente f\u00e1cil.<\/p>\n<p>Este\u00a0mini vibrador\u00a0te permite experimentar su vibraci\u00f3n generando estimulaciones, . Es resistente al agua para el ba\u00f1o o la ducha y no contiene l\u00e1tex ni ftalatos.<\/p>\n<p><strong>Caracter\u00edsticas:<\/strong><\/p>\n<ul>\n<li>Bala vibradora<\/li>\n<li>F\u00e1cil control con 1 bot\u00f3n<\/li>\n<li>Acabado punteagudo<\/li>\n<li>Superficie suave<\/li>\n<li>Potente<\/li>\n<\/ul>\n","protected":false},"excerpt":{"rendered":"<p>Este Estimulador PIXIES PINPOINT tiene un acabado puntiagudo que la\u00a0hace ideal para una estimulaci\u00f3n precisa. Este vibrador tiene un acabado suave como la seda y te va a encantar\u00a0el dise\u00f1o de un solo bot\u00f3n para un control excepcionalmente f\u00e1cil.<\/p>\n","protected":false},"featured_media":4021,"template":"","meta":{"_et_pb_use_builder":"","_et_pb_old_content":"","_et_gb_content_width":"","_joinchat":[]},"product_brand":[],"product_cat":[32,37,18],"product_tag":[],"class_list":{"0":"post-4018","1":"product","2":"type-product","3":"status-publish","4":"has-post-thumbnail","6":"product_cat-ellas","7":"product_cat-estimuladores-clitoriales","8":"product_cat-vibradores","10":"first","11":"instock","12":"shipping-taxable","13":"purchasable","14":"product-type-simple"},"_links":{"self":[{"href":"https:\/\/www.sexshop.com.ar\/web\/wp-json\/wp\/v2\/product\/4018","targetHints":{"allow":["GET"]}}],"collection":[{"href":"https:\/\/www.sexshop.com.ar\/web\/wp-json\/wp\/v2\/product"}],"about":[{"href":"https:\/\/www.sexshop.com.ar\/web\/wp-json\/wp\/v2\/types\/product"}],"wp:featuredmedia":[{"embeddable":true,"href":"https:\/\/www.sexshop.com.ar\/web\/wp-json\/wp\/v2\/media\/4021"}],"wp:attachment":[{"href":"https:\/\/www.sexshop.com.ar\/web\/wp-json\/wp\/v2\/media?parent=4018"}],"wp:term":[{"taxonomy":"product_brand","embeddable":true,"href":"https:\/\/www.sexshop.com.ar\/web\/wp-json\/wp\/v2\/product_brand?post=4018"},{"taxonomy":"product_cat","embeddable":true,"href":"https:\/\/www.sexshop.com.ar\/web\/wp-json\/wp\/v2\/product_cat?post=4018"},{"taxonomy":"product_tag","embeddable":true,"href":"https:\/\/www.sexshop.com.ar\/web\/wp-json\/wp\/v2\/product_tag?post=4018"}],"curies":[{"name":"wp","href":"https:\/\/api.w.org\/{rel}","templated":true}]}}