{"id":4043,"date":"2020-08-17T12:33:13","date_gmt":"2020-08-17T15:33:13","guid":{"rendered":"https:\/\/www.sexshop.com.ar\/web\/?post_type=product&#038;p=4043"},"modified":"2025-02-03T18:37:32","modified_gmt":"2025-02-03T21:37:32","slug":"vibrador-mr-twister","status":"publish","type":"product","link":"https:\/\/www.sexshop.com.ar\/web\/producto\/vibrador-mr-twister\/","title":{"rendered":"Vibrador Mr. TWISTER"},"content":{"rendered":"<p>Con su funda cristalina y brillantes interiores met\u00e1licos, Mr. Twister es el adecuado para el trabajo! \u00a1Gire la tapa en la base de velocidades y deje que las poderosas vibraciones lo estimulen. La funda suave y segura para el cuerpo tiene una textura de remolino venoso y cabeza realista para una sensaci\u00f3n extra. Lo mejor de todo es que la funda extra\u00edble se puede usar como una extensi\u00f3n del pene y el vibrador moldeado se puede usar solo para juegos y estimular clitoris.<\/p>\n<p>Limpie con el limpiador de juguetes y agua tibia.<\/p>\n<p>\u2022 Perfecto para principiantes<\/p>\n<p>\u2022 Vibrador 6.5 pulgadas<\/p>\n<p>&nbsp;<\/p>\n","protected":false},"excerpt":{"rendered":"<p>Con su funda cristalina y brillantes interiores met\u00e1licos, Mr. Twister es el adecuado para el trabajo! \u00a1Gire la tapa en la base de velocidades y deje que las poderosas vibraciones lo estimulen<\/p>\n","protected":false},"featured_media":4044,"template":"","meta":{"_et_pb_use_builder":"","_et_pb_old_content":"","_et_gb_content_width":"","_joinchat":[]},"product_brand":[],"product_cat":[18],"product_tag":[],"class_list":{"0":"post-4043","1":"product","2":"type-product","3":"status-publish","4":"has-post-thumbnail","6":"product_cat-vibradores","8":"first","9":"instock","10":"shipping-taxable","11":"purchasable","12":"product-type-simple"},"_links":{"self":[{"href":"https:\/\/www.sexshop.com.ar\/web\/wp-json\/wp\/v2\/product\/4043","targetHints":{"allow":["GET"]}}],"collection":[{"href":"https:\/\/www.sexshop.com.ar\/web\/wp-json\/wp\/v2\/product"}],"about":[{"href":"https:\/\/www.sexshop.com.ar\/web\/wp-json\/wp\/v2\/types\/product"}],"wp:featuredmedia":[{"embeddable":true,"href":"https:\/\/www.sexshop.com.ar\/web\/wp-json\/wp\/v2\/media\/4044"}],"wp:attachment":[{"href":"https:\/\/www.sexshop.com.ar\/web\/wp-json\/wp\/v2\/media?parent=4043"}],"wp:term":[{"taxonomy":"product_brand","embeddable":true,"href":"https:\/\/www.sexshop.com.ar\/web\/wp-json\/wp\/v2\/product_brand?post=4043"},{"taxonomy":"product_cat","embeddable":true,"href":"https:\/\/www.sexshop.com.ar\/web\/wp-json\/wp\/v2\/product_cat?post=4043"},{"taxonomy":"product_tag","embeddable":true,"href":"https:\/\/www.sexshop.com.ar\/web\/wp-json\/wp\/v2\/product_tag?post=4043"}],"curies":[{"name":"wp","href":"https:\/\/api.w.org\/{rel}","templated":true}]}}