{"id":4212,"date":"2020-10-07T11:34:02","date_gmt":"2020-10-07T14:34:02","guid":{"rendered":"https:\/\/www.sexshop.com.ar\/web\/?post_type=product&#038;p=4212"},"modified":"2025-02-10T12:13:34","modified_gmt":"2025-02-10T15:13:34","slug":"estimulador-vibrador-control-remoto-usb","status":"publish","type":"product","link":"https:\/\/www.sexshop.com.ar\/web\/producto\/estimulador-vibrador-control-remoto-usb\/","title":{"rendered":"ESTIMULADOR Vibrador Control Remoto USB"},"content":{"rendered":"<p>CARACTERISTICAS<\/p>\n<p>-Multi-velocidad: vibrador de control remoto de modo de vibraci\u00f3n de 10 frecuencias,<\/p>\n<p>-\u00danico para disfrutar infinitas posibilidades de sensaciones<\/p>\n<p>&#8211;\u00a0<u><\/u>Recargable: carga USB, protecci\u00f3n de la privacidad.<\/p>\n<p>&#8211;<u><\/u>Material: Silicona de grado m\u00e9dico, sin olor, siendo muy dif\u00edcil de deformar y agrietarse. Sin da\u00f1o al cuerpo humano, y te encantar\u00e1 su elasticidad y suavidad.<\/p>\n","protected":false},"excerpt":{"rendered":"<h4>Multi-velocidad: vibrador de control remoto de modo de vibraci\u00f3n de 10 frecuencias, \u00danico para disfrutar infinitas posibilidades de sensaciones\u00a0 &#8211;\u00a0<u><\/u>Recargable: carga USB.<\/h4>\n","protected":false},"featured_media":4213,"template":"","meta":{"_et_pb_use_builder":"","_et_pb_old_content":"","_et_gb_content_width":"","_joinchat":[]},"product_brand":[],"product_cat":[32,37,18],"product_tag":[],"class_list":{"0":"post-4212","1":"product","2":"type-product","3":"status-publish","4":"has-post-thumbnail","6":"product_cat-ellas","7":"product_cat-estimuladores-clitoriales","8":"product_cat-vibradores","10":"first","11":"instock","12":"shipping-taxable","13":"purchasable","14":"product-type-simple"},"_links":{"self":[{"href":"https:\/\/www.sexshop.com.ar\/web\/wp-json\/wp\/v2\/product\/4212","targetHints":{"allow":["GET"]}}],"collection":[{"href":"https:\/\/www.sexshop.com.ar\/web\/wp-json\/wp\/v2\/product"}],"about":[{"href":"https:\/\/www.sexshop.com.ar\/web\/wp-json\/wp\/v2\/types\/product"}],"wp:featuredmedia":[{"embeddable":true,"href":"https:\/\/www.sexshop.com.ar\/web\/wp-json\/wp\/v2\/media\/4213"}],"wp:attachment":[{"href":"https:\/\/www.sexshop.com.ar\/web\/wp-json\/wp\/v2\/media?parent=4212"}],"wp:term":[{"taxonomy":"product_brand","embeddable":true,"href":"https:\/\/www.sexshop.com.ar\/web\/wp-json\/wp\/v2\/product_brand?post=4212"},{"taxonomy":"product_cat","embeddable":true,"href":"https:\/\/www.sexshop.com.ar\/web\/wp-json\/wp\/v2\/product_cat?post=4212"},{"taxonomy":"product_tag","embeddable":true,"href":"https:\/\/www.sexshop.com.ar\/web\/wp-json\/wp\/v2\/product_tag?post=4212"}],"curies":[{"name":"wp","href":"https:\/\/api.w.org\/{rel}","templated":true}]}}