{"id":4244,"date":"2020-10-21T17:07:37","date_gmt":"2020-10-21T20:07:37","guid":{"rendered":"https:\/\/www.sexshop.com.ar\/web\/?post_type=product&#038;p=4244"},"modified":"2025-02-03T11:53:34","modified_gmt":"2025-02-03T14:53:34","slug":"estimulador-anal-prostatico-y-clitorial-con-vibrador","status":"publish","type":"product","link":"https:\/\/www.sexshop.com.ar\/web\/producto\/estimulador-anal-prostatico-y-clitorial-con-vibrador\/","title":{"rendered":"Estimulador  Anal Prost\u00e1tico con Vibrador"},"content":{"rendered":"<p id=\"breadcrumb\" class=\"rastroMigas\"><a href=\"https:\/\/www.purpletoys.net\/home-h-1-51\/\">Hogar<\/a>\u00a0\u00a0\u00a0<a href=\"https:\/\/www.purpletoys.net\/pareja-lp-1-51-familia-595\/\">Pareja\u00a0<\/a>\u00a0\u00a0\u00a0\u00a0<a href=\"https:\/\/www.purpletoys.net\/juguetes-xxx-lp-1-51-familia-237\/\">Juguetes XXX\u00a0<\/a>\u00a0\u00a0\u00a0\u00a0<a href=\"https:\/\/www.purpletoys.net\/stimulators-lp-1-51-familia-239\/\">Estimuladores\u00a0<\/a><\/p>\n<div id=\"contenido\">\n<div id=\"ajaxcontentarea\" class=\"contentstyle\">\n<section id=\"producto_detalle\">\n<div id=\"detalle_ficha\" class=\"ficha pdt_2280\">\n<div class=\"imagen\">\n<div id=\"fotos\" class=\"horizontal\">\n<div id=\"foto_principal\">\n<div class=\"zoomPad\">\u00a0\u00bfEres un chico grosero<\/div>\n<div><\/div>\n<\/div>\n<div id=\"div_slider_fotos\" class=\"horizontal\">\n<div class=\"bx-wrapper\">\n<div class=\"bx-viewport\">\n<div id=\"resto_fotos\" class=\"galeria2 clearfix slider_fotos_producto\">\n<div class=\"fotoParrillaFicha slide\">\n<div class=\"recorte2\" style=\"font-family: Roboto, sans-serif;overflow: hidden;border: 1px solid #dddddd;padding: 10px;height: 100px\">\n<p>?<\/p>\n<p>La circunferencia de tama\u00f1o mediano garantiza que obtenga una estimulaci\u00f3n firme y ajustada junto con el masaje perineo.<\/p>\n<p>El dise\u00f1o \u00fanico de manos libres le brinda la libertad adicional de jugar consigo mismo o, por qu\u00e9 no tentar a su pareja, mientras que te ofrece un regalo explosivo.<\/p>\n<\/div>\n<\/div>\n<\/div>\n<\/div>\n<\/div>\n<\/div>\n<\/div>\n<\/div>\n<div class=\"datosFicha\">\n<div id=\"div_form_anyadir_a_cesta\" class=\"clearfix\">\n<div class=\"capaCompra\">\n<p class=\"botonComprarFicha\">Suave y delicado con muchas funciones extraordinarias.<\/p>\n<\/div>\n<\/div>\n<\/div>\n<\/div>\n<\/section>\n<\/div>\n<\/div>\n<p>&#8211;\u00a0 Dise\u00f1o ergon\u00f3mico.<br \/>\n&#8211;\u00a0 Se adapta perfectamente .<br \/>\n&#8211;\u00a0 Realizado silicona segura para la piel, silicona m\u00e9dica + ABS.<br \/>\n&#8211;\u00a0 Dise\u00f1o Perfectamente f\u00e1cil de limpiar.<br \/>\n&#8211; Vibraci\u00f3n silenciosa para proteger su privacidad.<\/p>\n<p>Estudios recientes apuntan a los hombres pueden obtener un placer mucho mayor a trav\u00e9s de otra forma alternativa de estimulaci\u00f3n.<br \/>\n\u00bfPuede un hombre tener un orgasmo al estimular otra zona que no sea el pene? S\u00ed, puede.<br \/>\nNo se trata de modas, ni de gustos sexuales, ni de pericia, aunque \u00e9sta \u00faltima s\u00ed que es necesaria.<br \/>\nEL orgasmo prost\u00e1tico es una cuesti\u00f3n de pura anatom\u00eda masculina.<br \/>\nEstimular la pr\u00f3stata a trav\u00e9s de la pared rectal puede provocar sensaciones excepcionalmente placenteras a los varones.<br \/>\nLo principal, seg\u00fan dicen los expertos, es la confianza, relajaci\u00f3n e imaginaci\u00f3n para dar con el Punto P masculino.<br \/>\nSe puede realizar con un vibrador .<br \/>\nAl presionar el placer y la excitaci\u00f3n son inmediatos.<br \/>\nLos fluidos y la presi\u00f3n sangu\u00ednea se concentran en el final de la uretra creando una sensaci\u00f3n de pesadez.<br \/>\nEs en ese momento cuando se puede lograr un orgasmo sin eyaculaci\u00f3n.<\/p>\n","protected":false},"excerpt":{"rendered":"<p>Suave y delicado con muchas funciones extraordinarias.<br \/>\n&#8211;\u00a0 Dise\u00f1o ergon\u00f3mico.<br \/>\n&#8211;\u00a0 Se adapta perfectamente .<br \/>\n&#8211;\u00a0 Realizado silicona segura para la piel, silicona m\u00e9dica + ABS.<br \/>\n&#8211;\u00a0 Dise\u00f1o Perfectamente f\u00e1cil de limpiar.<br \/>\n&#8211; Vibraci\u00f3n silenciosa para proteger su privacidad<\/p>\n","protected":false},"featured_media":4246,"template":"","meta":{"_et_pb_use_builder":"","_et_pb_old_content":"","_et_gb_content_width":"","_joinchat":[]},"product_brand":[],"product_cat":[28,33],"product_tag":[],"class_list":{"0":"post-4244","1":"product","2":"type-product","3":"status-publish","4":"has-post-thumbnail","6":"product_cat-consoladores-anales","7":"product_cat-ellos","9":"first","10":"instock","11":"shipping-taxable","12":"purchasable","13":"product-type-simple"},"_links":{"self":[{"href":"https:\/\/www.sexshop.com.ar\/web\/wp-json\/wp\/v2\/product\/4244","targetHints":{"allow":["GET"]}}],"collection":[{"href":"https:\/\/www.sexshop.com.ar\/web\/wp-json\/wp\/v2\/product"}],"about":[{"href":"https:\/\/www.sexshop.com.ar\/web\/wp-json\/wp\/v2\/types\/product"}],"wp:featuredmedia":[{"embeddable":true,"href":"https:\/\/www.sexshop.com.ar\/web\/wp-json\/wp\/v2\/media\/4246"}],"wp:attachment":[{"href":"https:\/\/www.sexshop.com.ar\/web\/wp-json\/wp\/v2\/media?parent=4244"}],"wp:term":[{"taxonomy":"product_brand","embeddable":true,"href":"https:\/\/www.sexshop.com.ar\/web\/wp-json\/wp\/v2\/product_brand?post=4244"},{"taxonomy":"product_cat","embeddable":true,"href":"https:\/\/www.sexshop.com.ar\/web\/wp-json\/wp\/v2\/product_cat?post=4244"},{"taxonomy":"product_tag","embeddable":true,"href":"https:\/\/www.sexshop.com.ar\/web\/wp-json\/wp\/v2\/product_tag?post=4244"}],"curies":[{"name":"wp","href":"https:\/\/api.w.org\/{rel}","templated":true}]}}