{"id":4290,"date":"2020-11-02T16:14:16","date_gmt":"2020-11-02T19:14:16","guid":{"rendered":"https:\/\/www.sexshop.com.ar\/web\/?post_type=product&#038;p=4290"},"modified":"2025-02-10T12:07:44","modified_gmt":"2025-02-10T15:07:44","slug":"conchero-con-vibrador-estimulador-de-clitoris","status":"publish","type":"product","link":"https:\/\/www.sexshop.com.ar\/web\/producto\/conchero-con-vibrador-estimulador-de-clitoris\/","title":{"rendered":"CONCHERO con Vibrador Estimulador de Cl\u00edtoris"},"content":{"rendered":"<div class=\"product-description user-content\">\n<p>Estimulador de cl\u00edtoris\u00a0 conchero o tanga. Agrega algo \u00fanico a tu caj\u00f3n de ropa interior que te har\u00e1 sonre\u00edr todo el d\u00eda con nuestras exclusivas bragas vibrantes . Esta braga se curva debajo de ti y presenta una cuenta al final de la cuerda para mantenerla segura entre tus piernas.<\/p>\n<p>El panel frontal cuenta con una bala vibradora colocada en forma de clavija para enviar estimulaciones er\u00f3ticas por todo el cuerpo, durante todo el d\u00eda. Un art\u00edculo imprescindible entre tu colecci\u00f3n de juguetes sexuales.<\/p>\n<p>10 FUNCIONES: No solo es encenderlo y aumentar la velocidad de la vibraci\u00f3n, sino que a esta, se la puede alternar en diferentes frecuencias, como pulsaciones de diferente intensidad y velocidad, tambi\u00e9n escaladas de intensidad, o arranques placenteros, y muchas mas combinaciones. El dise\u00f1o desmontable, los soportes internos y la cubierta de tela se pueden separar para facilitar la limpieza y el mantenimiento.<br \/>\nEl soporte utiliza material ABS avanzado no t\u00f3xico, el soporte y la flexibilidad tienen buena seguridad. La cubierta de tela con adorno de poli\u00e9ster, nailon y encaje, que puede cumplir con los requisitos duales de visi\u00f3n y comodidad. Bater\u00eda: 2 AAA .<\/p>\n<p>Modo de vibraci\u00f3n: 10 velocidades. Recomendaciones de uso: Limpieza con agua y jab\u00f3n neutro.\u00a0Es recomendable el uso de lubricantes al agua con este producto.\u00a0Guardarlo completamente limpio y seco en contenedores de tela preferentemente.<\/p>\n<\/div>\n<div class=\"social-share \"><a class=\"social-share-button\" title=\"Compartir en Facebook\" href=\"https:\/\/www.facebook.com\/sharer\/sharer.php?u=https:\/\/www.lenceriacatamarca.com.ar\/productos\/pretty-love-conchero-con-vibrador-bi-014072\/\" target=\"_blank\" rel=\"noopener noreferrer\">\u00a0<\/a><a class=\"social-share-button\" title=\"Compartir en Twitter\" href=\"https:\/\/twitter.com\/share?url=https:\/\/www.lenceriacatamarca.com.ar\/productos\/pretty-love-conchero-con-vibrador-bi-014072\/\" target=\"_blank\" rel=\"noopener noreferrer\">\u00a0<\/a><\/div>\n","protected":false},"excerpt":{"rendered":"<p>Estimulador de cl\u00edtoris\u00a0 conchero o tanga. Agrega algo \u00fanico a tu caj\u00f3n de ropa interior que te har\u00e1 sonre\u00edr todo el d\u00eda con nuestras exclusivas bragas vibrantes<\/p>\n","protected":false},"featured_media":4283,"template":"","meta":{"_et_pb_use_builder":"","_et_pb_old_content":"","_et_gb_content_width":"","_joinchat":[]},"product_brand":[],"product_cat":[32,37,42,18],"product_tag":[],"class_list":{"0":"post-4290","1":"product","2":"type-product","3":"status-publish","4":"has-post-thumbnail","6":"product_cat-ellas","7":"product_cat-estimuladores-clitoriales","8":"product_cat-novedades","9":"product_cat-vibradores","11":"first","12":"instock","13":"shipping-taxable","14":"purchasable","15":"product-type-simple"},"_links":{"self":[{"href":"https:\/\/www.sexshop.com.ar\/web\/wp-json\/wp\/v2\/product\/4290","targetHints":{"allow":["GET"]}}],"collection":[{"href":"https:\/\/www.sexshop.com.ar\/web\/wp-json\/wp\/v2\/product"}],"about":[{"href":"https:\/\/www.sexshop.com.ar\/web\/wp-json\/wp\/v2\/types\/product"}],"wp:featuredmedia":[{"embeddable":true,"href":"https:\/\/www.sexshop.com.ar\/web\/wp-json\/wp\/v2\/media\/4283"}],"wp:attachment":[{"href":"https:\/\/www.sexshop.com.ar\/web\/wp-json\/wp\/v2\/media?parent=4290"}],"wp:term":[{"taxonomy":"product_brand","embeddable":true,"href":"https:\/\/www.sexshop.com.ar\/web\/wp-json\/wp\/v2\/product_brand?post=4290"},{"taxonomy":"product_cat","embeddable":true,"href":"https:\/\/www.sexshop.com.ar\/web\/wp-json\/wp\/v2\/product_cat?post=4290"},{"taxonomy":"product_tag","embeddable":true,"href":"https:\/\/www.sexshop.com.ar\/web\/wp-json\/wp\/v2\/product_tag?post=4290"}],"curies":[{"name":"wp","href":"https:\/\/api.w.org\/{rel}","templated":true}]}}