{"id":431,"date":"2018-05-07T11:52:13","date_gmt":"2018-05-07T14:52:13","guid":{"rendered":"https:\/\/www.sexshop.com.ar\/web\/?post_type=product&#038;p=431"},"modified":"2025-09-01T17:25:04","modified_gmt":"2025-09-01T20:25:04","slug":"mr-soft","status":"publish","type":"product","link":"https:\/\/www.sexshop.com.ar\/web\/producto\/mr-soft\/","title":{"rendered":"VIBRADOR ANAL SOFT"},"content":{"rendered":"<p>Si\u00e9ntase penetrado analmente por un esclavo. Estaca para penetraci\u00f3n anal c\u00f3moda y placentera. Vibrador multivelocidad. Sus dimensiones son de 15 por 4,5 cm.<\/p>\n","protected":false},"excerpt":{"rendered":"<p>Ideal para los que conocen el placer de la penetracion anal, sus dimensiones son de 15 por 4,5 cm. de diametro. Su vibracion es regulable.<\/p>\n","protected":false},"featured_media":434,"template":"","meta":{"_et_pb_use_builder":"","_et_pb_old_content":"","_et_gb_content_width":"","_joinchat":[]},"product_brand":[],"product_cat":[28,18],"product_tag":[],"class_list":{"0":"post-431","1":"product","2":"type-product","3":"status-publish","4":"has-post-thumbnail","6":"product_cat-consoladores-anales","7":"product_cat-vibradores","9":"first","10":"instock","11":"shipping-taxable","12":"purchasable","13":"product-type-simple"},"_links":{"self":[{"href":"https:\/\/www.sexshop.com.ar\/web\/wp-json\/wp\/v2\/product\/431","targetHints":{"allow":["GET"]}}],"collection":[{"href":"https:\/\/www.sexshop.com.ar\/web\/wp-json\/wp\/v2\/product"}],"about":[{"href":"https:\/\/www.sexshop.com.ar\/web\/wp-json\/wp\/v2\/types\/product"}],"wp:featuredmedia":[{"embeddable":true,"href":"https:\/\/www.sexshop.com.ar\/web\/wp-json\/wp\/v2\/media\/434"}],"wp:attachment":[{"href":"https:\/\/www.sexshop.com.ar\/web\/wp-json\/wp\/v2\/media?parent=431"}],"wp:term":[{"taxonomy":"product_brand","embeddable":true,"href":"https:\/\/www.sexshop.com.ar\/web\/wp-json\/wp\/v2\/product_brand?post=431"},{"taxonomy":"product_cat","embeddable":true,"href":"https:\/\/www.sexshop.com.ar\/web\/wp-json\/wp\/v2\/product_cat?post=431"},{"taxonomy":"product_tag","embeddable":true,"href":"https:\/\/www.sexshop.com.ar\/web\/wp-json\/wp\/v2\/product_tag?post=431"}],"curies":[{"name":"wp","href":"https:\/\/api.w.org\/{rel}","templated":true}]}}