{"id":4356,"date":"2020-11-24T12:39:08","date_gmt":"2020-11-24T15:39:08","guid":{"rendered":"https:\/\/www.sexshop.com.ar\/web\/?post_type=product&#038;p=4356"},"modified":"2025-01-27T11:35:16","modified_gmt":"2025-01-27T14:35:16","slug":"vibador-estimulador-punto-g-anal","status":"publish","type":"product","link":"https:\/\/www.sexshop.com.ar\/web\/producto\/vibador-estimulador-punto-g-anal\/","title":{"rendered":"Vibrador Estimulador, Punto G , Anal."},"content":{"rendered":"<ul class=\"a-unordered-list a-vertical a-spacing-mini\">\n<li><span class=\"a-list-item\">Peque\u00f1o y ligero, f\u00e1cil de transportar\u00a0<\/span><\/li>\n<li><span class=\"a-list-item\">Adecuado para las mujeres o los hombres adem\u00e1s de proporcionar la vibraci\u00f3n intensa para lograr una sensaci\u00f3n emocionante<\/span><\/li>\n<li><span class=\"a-list-item\">Es suave y fina, es c\u00f3modo de usar y f\u00e1cil de insertar<\/span><\/li>\n<li>Sus suaves protuberancias, dan un infinito placer al ser texturado<\/li>\n<li>22 cm x 2.8 cm.<\/li>\n<li>1 pila AA (no incluida)<\/li>\n<\/ul>\n","protected":false},"excerpt":{"rendered":"<p>Este suave y peque\u00f1o vibrador te llenara de satisfacciones, tanto vaginales como anales, sus peque\u00f1as protuberancias logran un m\u00e1ximo placer.<\/p>\n","protected":false},"featured_media":4363,"template":"","meta":{"_et_pb_use_builder":"","_et_pb_old_content":"","_et_gb_content_width":"","_joinchat":[]},"product_brand":[],"product_cat":[28,32,37,18],"product_tag":[],"class_list":{"0":"post-4356","1":"product","2":"type-product","3":"status-publish","4":"has-post-thumbnail","6":"product_cat-consoladores-anales","7":"product_cat-ellas","8":"product_cat-estimuladores-clitoriales","9":"product_cat-vibradores","11":"first","12":"instock","13":"shipping-taxable","14":"purchasable","15":"product-type-simple"},"_links":{"self":[{"href":"https:\/\/www.sexshop.com.ar\/web\/wp-json\/wp\/v2\/product\/4356","targetHints":{"allow":["GET"]}}],"collection":[{"href":"https:\/\/www.sexshop.com.ar\/web\/wp-json\/wp\/v2\/product"}],"about":[{"href":"https:\/\/www.sexshop.com.ar\/web\/wp-json\/wp\/v2\/types\/product"}],"wp:featuredmedia":[{"embeddable":true,"href":"https:\/\/www.sexshop.com.ar\/web\/wp-json\/wp\/v2\/media\/4363"}],"wp:attachment":[{"href":"https:\/\/www.sexshop.com.ar\/web\/wp-json\/wp\/v2\/media?parent=4356"}],"wp:term":[{"taxonomy":"product_brand","embeddable":true,"href":"https:\/\/www.sexshop.com.ar\/web\/wp-json\/wp\/v2\/product_brand?post=4356"},{"taxonomy":"product_cat","embeddable":true,"href":"https:\/\/www.sexshop.com.ar\/web\/wp-json\/wp\/v2\/product_cat?post=4356"},{"taxonomy":"product_tag","embeddable":true,"href":"https:\/\/www.sexshop.com.ar\/web\/wp-json\/wp\/v2\/product_tag?post=4356"}],"curies":[{"name":"wp","href":"https:\/\/api.w.org\/{rel}","templated":true}]}}