{"id":4372,"date":"2020-12-01T18:48:19","date_gmt":"2020-12-01T21:48:19","guid":{"rendered":"https:\/\/www.sexshop.com.ar\/web\/?post_type=product&#038;p=4372"},"modified":"2025-01-27T11:28:10","modified_gmt":"2025-01-27T14:28:10","slug":"plug-anal-curvo","status":"publish","type":"product","link":"https:\/\/www.sexshop.com.ar\/web\/producto\/plug-anal-curvo\/","title":{"rendered":"Plug Anal Curvo"},"content":{"rendered":"<p>Este producto lograra que disfrutes momentos con mucha intensidad, su peque\u00f1o tama\u00f1o y su curvatura ayudaran a que logres una satisfacci\u00f3n total. Medida: 9 cm x 1.5 cm<\/p>\n","protected":false},"excerpt":{"rendered":"<p>Este producto lograra que disfrutes momentos con mucha intensidad, su peque\u00f1o tama\u00f1o y su curvatura ayudaran a que logres una satisfacci\u00f3n total. Medida: 9 cm x 1.5 cm<\/p>\n","protected":false},"featured_media":4373,"template":"","meta":{"_et_pb_use_builder":"","_et_pb_old_content":"","_et_gb_content_width":"","_joinchat":[]},"product_brand":[],"product_cat":[28],"product_tag":[],"class_list":{"0":"post-4372","1":"product","2":"type-product","3":"status-publish","4":"has-post-thumbnail","6":"product_cat-consoladores-anales","8":"first","9":"instock","10":"shipping-taxable","11":"purchasable","12":"product-type-simple"},"_links":{"self":[{"href":"https:\/\/www.sexshop.com.ar\/web\/wp-json\/wp\/v2\/product\/4372","targetHints":{"allow":["GET"]}}],"collection":[{"href":"https:\/\/www.sexshop.com.ar\/web\/wp-json\/wp\/v2\/product"}],"about":[{"href":"https:\/\/www.sexshop.com.ar\/web\/wp-json\/wp\/v2\/types\/product"}],"wp:featuredmedia":[{"embeddable":true,"href":"https:\/\/www.sexshop.com.ar\/web\/wp-json\/wp\/v2\/media\/4373"}],"wp:attachment":[{"href":"https:\/\/www.sexshop.com.ar\/web\/wp-json\/wp\/v2\/media?parent=4372"}],"wp:term":[{"taxonomy":"product_brand","embeddable":true,"href":"https:\/\/www.sexshop.com.ar\/web\/wp-json\/wp\/v2\/product_brand?post=4372"},{"taxonomy":"product_cat","embeddable":true,"href":"https:\/\/www.sexshop.com.ar\/web\/wp-json\/wp\/v2\/product_cat?post=4372"},{"taxonomy":"product_tag","embeddable":true,"href":"https:\/\/www.sexshop.com.ar\/web\/wp-json\/wp\/v2\/product_tag?post=4372"}],"curies":[{"name":"wp","href":"https:\/\/api.w.org\/{rel}","templated":true}]}}