{"id":4454,"date":"2020-12-31T11:29:17","date_gmt":"2020-12-31T14:29:17","guid":{"rendered":"https:\/\/www.sexshop.com.ar\/web\/?post_type=product&#038;p=4454"},"modified":"2026-02-16T12:09:00","modified_gmt":"2026-02-16T15:09:00","slug":"estimulador-vibrador-pretty-love-boyce","status":"publish","type":"product","link":"https:\/\/www.sexshop.com.ar\/web\/producto\/estimulador-vibrador-pretty-love-boyce\/","title":{"rendered":"Estimulador Vibrador Pretty Love Boyce"},"content":{"rendered":"<p><strong>PRETTY LOVE BOYCE<\/strong><\/p>\n<p>Este mini vibrador est\u00e1 hecho de silicona super suave para un tacto m\u00e1s que agradable. Su extremo insertable presenta orejitas de conejo adorables, flexibles y muy estimulantes para tu cl\u00edtoris. Cuenta con 10 poderosos modos de vibraci\u00f3n que podr\u00e1s controlar con un simple bot\u00f3n y funciona con una sola pila y adem\u00e1s es impermeable, lo puedes usar en la ducha, a solas o acompa\u00f1ada!<\/p>\n<p><strong>Caracter\u00edsticas:<\/strong><\/p>\n<ul>\n<li>Mini vibrador de mujer<\/li>\n<li>10 funciones de vibraci\u00f3n<\/li>\n<li>Orejitas flexibles<\/li>\n<li>Estimulaci\u00f3n del Cl\u00edtoris y Punto G<\/li>\n<li>Impermeable<\/li>\n<li>1 Pila AAA<\/li>\n<li>Material:\u00a0Silicona suave<\/li>\n<li>Libre de Ftalatos<\/li>\n<\/ul>\n","protected":false},"excerpt":{"rendered":"<p>PRETTY LOVE BOYCE<\/p>\n<p>Este mini vibrador est\u00e1 hecho de silicona super suave para un tacto m\u00e1s que agradable.<\/p>\n","protected":false},"featured_media":4455,"template":"","meta":{"_et_pb_use_builder":"","_et_pb_old_content":"","_et_gb_content_width":"","_joinchat":[]},"product_brand":[],"product_cat":[37,18],"product_tag":[],"class_list":{"0":"post-4454","1":"product","2":"type-product","3":"status-publish","4":"has-post-thumbnail","6":"product_cat-estimuladores-clitoriales","7":"product_cat-vibradores","9":"first","10":"instock","11":"shipping-taxable","12":"purchasable","13":"product-type-simple"},"_links":{"self":[{"href":"https:\/\/www.sexshop.com.ar\/web\/wp-json\/wp\/v2\/product\/4454","targetHints":{"allow":["GET"]}}],"collection":[{"href":"https:\/\/www.sexshop.com.ar\/web\/wp-json\/wp\/v2\/product"}],"about":[{"href":"https:\/\/www.sexshop.com.ar\/web\/wp-json\/wp\/v2\/types\/product"}],"wp:featuredmedia":[{"embeddable":true,"href":"https:\/\/www.sexshop.com.ar\/web\/wp-json\/wp\/v2\/media\/4455"}],"wp:attachment":[{"href":"https:\/\/www.sexshop.com.ar\/web\/wp-json\/wp\/v2\/media?parent=4454"}],"wp:term":[{"taxonomy":"product_brand","embeddable":true,"href":"https:\/\/www.sexshop.com.ar\/web\/wp-json\/wp\/v2\/product_brand?post=4454"},{"taxonomy":"product_cat","embeddable":true,"href":"https:\/\/www.sexshop.com.ar\/web\/wp-json\/wp\/v2\/product_cat?post=4454"},{"taxonomy":"product_tag","embeddable":true,"href":"https:\/\/www.sexshop.com.ar\/web\/wp-json\/wp\/v2\/product_tag?post=4454"}],"curies":[{"name":"wp","href":"https:\/\/api.w.org\/{rel}","templated":true}]}}