{"id":4466,"date":"2020-12-31T11:51:02","date_gmt":"2020-12-31T14:51:02","guid":{"rendered":"https:\/\/www.sexshop.com.ar\/web\/?post_type=product&#038;p=4466"},"modified":"2025-01-27T17:10:47","modified_gmt":"2025-01-27T20:10:47","slug":"vibrador-rotador-crisonia-multispeed-28cm-x-25cm","status":"publish","type":"product","link":"https:\/\/www.sexshop.com.ar\/web\/producto\/vibrador-rotador-crisonia-multispeed-28cm-x-25cm\/","title":{"rendered":"VIBRADOR ROTADOR CRISONIA MULTISPEED 28CM X 2,5CM"},"content":{"rendered":"<p>Un eje insertable de forma realista se relaja en un regalo antes de iluminar su punto G con deliciosa vibraci\u00f3n, mientras que las orejas externas tiemblan alegremente con el tiempo. M\u00faltiples velocidades de vibraci\u00f3n significan que puedes controlar el ritmo de tu divertida sesi\u00f3n de conejito.<\/p>\n","protected":false},"excerpt":{"rendered":"<p>Un eje insertable de forma realista se relaja en un regalo antes de iluminar su punto G con deliciosa vibraci\u00f3n, mientras que las orejas externas tiemblan alegremente con el tiempo<\/p>\n","protected":false},"featured_media":6292,"template":"","meta":{"_et_pb_use_builder":"","_et_pb_old_content":"","_et_gb_content_width":"","_joinchat":[]},"product_brand":[],"product_cat":[32,37,34,18],"product_tag":[],"class_list":{"0":"post-4466","1":"product","2":"type-product","3":"status-publish","4":"has-post-thumbnail","6":"product_cat-ellas","7":"product_cat-estimuladores-clitoriales","8":"product_cat-inicio","9":"product_cat-vibradores","11":"first","12":"instock","13":"shipping-taxable","14":"purchasable","15":"product-type-simple"},"_links":{"self":[{"href":"https:\/\/www.sexshop.com.ar\/web\/wp-json\/wp\/v2\/product\/4466","targetHints":{"allow":["GET"]}}],"collection":[{"href":"https:\/\/www.sexshop.com.ar\/web\/wp-json\/wp\/v2\/product"}],"about":[{"href":"https:\/\/www.sexshop.com.ar\/web\/wp-json\/wp\/v2\/types\/product"}],"wp:featuredmedia":[{"embeddable":true,"href":"https:\/\/www.sexshop.com.ar\/web\/wp-json\/wp\/v2\/media\/6292"}],"wp:attachment":[{"href":"https:\/\/www.sexshop.com.ar\/web\/wp-json\/wp\/v2\/media?parent=4466"}],"wp:term":[{"taxonomy":"product_brand","embeddable":true,"href":"https:\/\/www.sexshop.com.ar\/web\/wp-json\/wp\/v2\/product_brand?post=4466"},{"taxonomy":"product_cat","embeddable":true,"href":"https:\/\/www.sexshop.com.ar\/web\/wp-json\/wp\/v2\/product_cat?post=4466"},{"taxonomy":"product_tag","embeddable":true,"href":"https:\/\/www.sexshop.com.ar\/web\/wp-json\/wp\/v2\/product_tag?post=4466"}],"curies":[{"name":"wp","href":"https:\/\/api.w.org\/{rel}","templated":true}]}}