{"id":4474,"date":"2020-12-31T12:36:53","date_gmt":"2020-12-31T15:36:53","guid":{"rendered":"https:\/\/www.sexshop.com.ar\/web\/?post_type=product&#038;p=4474"},"modified":"2026-02-16T12:15:54","modified_gmt":"2026-02-16T15:15:54","slug":"arnes-con-consolador-jessika-strap","status":"publish","type":"product","link":"https:\/\/www.sexshop.com.ar\/web\/producto\/arnes-con-consolador-jessika-strap\/","title":{"rendered":"ARNES HUECO CON CONSOLADOR"},"content":{"rendered":"<p>. Firme por fuera pero confortablemente suave por dentro, este extensor texturizado ofrece detalles realistas y venas elevadas para una mayor estimulaci\u00f3n. Las correas del arn\u00e9s f\u00e1ciles de usar est\u00e1n hechas de nailon el\u00e1stico totalmente ajustable que se adapta c\u00f3modamente a la mayor\u00eda de las tallas. C\u00fabrase con su lubricante a base de agua favorito para disfrutar de este arnes\u00a0 en su mejor momento sexy. Experimente una poderosa estimulaci\u00f3n y penetraci\u00f3n con este consolador hecho de material realista. Un gran consolador con correa con un arn\u00e9s ajustable para un ajuste firme, seguro y c\u00f3modo. Presenta un pene\u00a0 magn\u00edficamente esculpido y\u00a0 cubierto de venas<br \/>\nCaracter\u00edsticas:<\/p>\n<p>Arn\u00e9s ajustable<br \/>\nFunda extensora semi r\u00edgida<br \/>\nTextura real\u00edstica<br \/>\nExtiende 6 cm<br \/>\nMaterial: TPR \/ ABS<br \/>\nSeguro al cuerpo<br \/>\nLibre de Ftalatos<br \/>\nMedidas:<\/p>\n<p>Total: 15,5 cm x 4 cm<br \/>\nInterna: 9,5 cm x 3 cm con una cabeza de tama\u00f1o generoso.<\/p>\n","protected":false},"excerpt":{"rendered":"<p><strong>ARN\u00c9S CON DILDO HUECO FUNDA EXTENSORA<\/strong><\/p>\n<p>Este arn\u00e9s con funda extensora permitir\u00e1 que puedas extender tu hombr\u00eda 6 cm. Calcete el cintur\u00f3n el\u00e1stico, desliza tu miembro dentro de la funda hueca\u00a0y hazte due\u00f1o de la noche.<\/p>\n<p>Aumente la longitud, el ancho y el placer con esta correa extensora de pene hueca. Este juguete vers\u00e1til es ideal para hombres con dificultades de erecci\u00f3n o mujeres que desean experimentar con juegos de roles y vinculaci\u00f3n.<\/p>\n","protected":false},"featured_media":7610,"template":"","meta":{"_et_pb_use_builder":"","_et_pb_old_content":"","_et_gb_content_width":"","_joinchat":[]},"product_brand":[],"product_cat":[24,28,29,32,33,44],"product_tag":[],"class_list":{"0":"post-4474","1":"product","2":"type-product","3":"status-publish","4":"has-post-thumbnail","6":"product_cat-accesorios","7":"product_cat-consoladores-anales","8":"product_cat-consoladores-y-dildos","9":"product_cat-ellas","10":"product_cat-ellos","11":"product_cat-protesis","13":"first","14":"instock","15":"sale","16":"shipping-taxable","17":"purchasable","18":"product-type-simple"},"_links":{"self":[{"href":"https:\/\/www.sexshop.com.ar\/web\/wp-json\/wp\/v2\/product\/4474","targetHints":{"allow":["GET"]}}],"collection":[{"href":"https:\/\/www.sexshop.com.ar\/web\/wp-json\/wp\/v2\/product"}],"about":[{"href":"https:\/\/www.sexshop.com.ar\/web\/wp-json\/wp\/v2\/types\/product"}],"wp:featuredmedia":[{"embeddable":true,"href":"https:\/\/www.sexshop.com.ar\/web\/wp-json\/wp\/v2\/media\/7610"}],"wp:attachment":[{"href":"https:\/\/www.sexshop.com.ar\/web\/wp-json\/wp\/v2\/media?parent=4474"}],"wp:term":[{"taxonomy":"product_brand","embeddable":true,"href":"https:\/\/www.sexshop.com.ar\/web\/wp-json\/wp\/v2\/product_brand?post=4474"},{"taxonomy":"product_cat","embeddable":true,"href":"https:\/\/www.sexshop.com.ar\/web\/wp-json\/wp\/v2\/product_cat?post=4474"},{"taxonomy":"product_tag","embeddable":true,"href":"https:\/\/www.sexshop.com.ar\/web\/wp-json\/wp\/v2\/product_tag?post=4474"}],"curies":[{"name":"wp","href":"https:\/\/api.w.org\/{rel}","templated":true}]}}