{"id":4538,"date":"2021-01-02T16:19:32","date_gmt":"2021-01-02T19:19:32","guid":{"rendered":"https:\/\/www.sexshop.com.ar\/web\/?post_type=product&#038;p=4538"},"modified":"2024-11-27T14:45:58","modified_gmt":"2024-11-27T17:45:58","slug":"triple-estimulador-punto-g-clitoris-anal","status":"publish","type":"product","link":"https:\/\/www.sexshop.com.ar\/web\/producto\/triple-estimulador-punto-g-clitoris-anal\/","title":{"rendered":"TRIPLE ESTIMULADOR PUNTO G CLITORIS ANAL"},"content":{"rendered":"<p>Descubr\u00ed orgasmos explosivos, punto G masculino\u00a0 y la experiencia de todo el cuerpo con el estimulador de pr\u00f3stata perfecto para principiantes en el mundo de la estimulaci\u00f3n de la pr\u00f3stata, este estimulador anal es h\u00e1bilmente curvado para golpear en el punto correcto en todo momento. Su punta suave esta en \u00e1ngulo para masajear suavemente la pr\u00f3stata.<\/p>\n","protected":false},"excerpt":{"rendered":"<p>Descubr\u00ed orgasmos explosivos, punto G masculino\u00a0 y la experiencia de todo el cuerpo con el estimulador de pr\u00f3stata perfecto para principiantes en el mundo de la estimulaci\u00f3n de la pr\u00f3stata<\/p>\n","protected":false},"featured_media":4540,"template":"","meta":{"_et_pb_use_builder":"","_et_pb_old_content":"","_et_gb_content_width":"","_joinchat":[]},"product_brand":[],"product_cat":[32,33],"product_tag":[],"class_list":{"0":"post-4538","1":"product","2":"type-product","3":"status-publish","4":"has-post-thumbnail","6":"product_cat-ellas","7":"product_cat-ellos","9":"first","10":"instock","11":"shipping-taxable","12":"purchasable","13":"product-type-simple"},"_links":{"self":[{"href":"https:\/\/www.sexshop.com.ar\/web\/wp-json\/wp\/v2\/product\/4538","targetHints":{"allow":["GET"]}}],"collection":[{"href":"https:\/\/www.sexshop.com.ar\/web\/wp-json\/wp\/v2\/product"}],"about":[{"href":"https:\/\/www.sexshop.com.ar\/web\/wp-json\/wp\/v2\/types\/product"}],"wp:featuredmedia":[{"embeddable":true,"href":"https:\/\/www.sexshop.com.ar\/web\/wp-json\/wp\/v2\/media\/4540"}],"wp:attachment":[{"href":"https:\/\/www.sexshop.com.ar\/web\/wp-json\/wp\/v2\/media?parent=4538"}],"wp:term":[{"taxonomy":"product_brand","embeddable":true,"href":"https:\/\/www.sexshop.com.ar\/web\/wp-json\/wp\/v2\/product_brand?post=4538"},{"taxonomy":"product_cat","embeddable":true,"href":"https:\/\/www.sexshop.com.ar\/web\/wp-json\/wp\/v2\/product_cat?post=4538"},{"taxonomy":"product_tag","embeddable":true,"href":"https:\/\/www.sexshop.com.ar\/web\/wp-json\/wp\/v2\/product_tag?post=4538"}],"curies":[{"name":"wp","href":"https:\/\/api.w.org\/{rel}","templated":true}]}}