{"id":4572,"date":"2021-01-06T20:19:12","date_gmt":"2021-01-06T23:19:12","guid":{"rendered":"https:\/\/www.sexshop.com.ar\/web\/?post_type=product&#038;p=4572"},"modified":"2025-01-27T11:37:02","modified_gmt":"2025-01-27T14:37:02","slug":"vibrador-inexpulsable-m-negro-platinum-waterproof-micro","status":"publish","type":"product","link":"https:\/\/www.sexshop.com.ar\/web\/producto\/vibrador-inexpulsable-m-negro-platinum-waterproof-micro\/","title":{"rendered":"Vibrador INEXPULSABLE M NEGRO PLATINUM WATERPROOF MICRO"},"content":{"rendered":"<p><b>Platinum Waterproof Micro Inexpulsable M Negro.<\/b>\u00a0Para los sofisticados que buscan dise\u00f1os modernos y sutiles tenemos nuestra l\u00ednea Premium: Platinum. El inexpulsable es una buena opci\u00f3n cuando no se tiene experiencia en la penetraci\u00f3n anal. Es ideal para dilatar la zona aunque hay que ser cuidadosos, pacientes y ayudar a que esa dilataci\u00f3n se produzca de la forma m\u00e1s natural posible.\u00a0Su anillo de recuperaci\u00f3n, adem\u00e1s de brindarnos seguridad, nos ayuda a sacar el juguete lentamente aumentando a\u00fan m\u00e1s el placer. Este modelo viene con vibro, para incrementar tu momento de pasi\u00f3n; y a su vez, es resistente al agua.<br \/>\nModo de uso: se comienza lubricando el juguete, y se introduce la cantidad de esferas que se pueda; sin forzar demasiado la penetraci\u00f3n. Quien est\u00e9 utilizando el juguete debe realizar contracciones con los m\u00fasculos anales de forma repetida, como si presionara el juguete con el ano. Una vez que se haya logrado introducir todo el juguete se puede comenzar la penetraci\u00f3n anal con el pene o un juguete m\u00e1s grande.<br \/>\nSi la penetraci\u00f3n anal se pr\u00e1ctica de forma espor\u00e1dica, se pierde la dilataci\u00f3n lograda. Es importante mantener la zona anal estimulada para evitar volver a cero, por lo que este juguete es necesario tenerlo siempre al alcance de nuestras manos.<br \/>\nSu medida es de 15 cm y 3 cm de di\u00e1metro.<br \/>\n<b>** Informamos que las medidas y color del art\u00edculo pueden diferir dependiendo la partida.\u00a0<\/b><\/p>\n<blockquote><p>Tipo: Anal con Vibro.<\/p><\/blockquote>\n<blockquote><p>Medida: 15 cm x 3 \u00d8.<\/p><\/blockquote>\n<blockquote><p>Pilas: 3 bater\u00edas LR44 (no incluidas).<\/p><\/blockquote>\n<blockquote><p>WaterProof \/ Resistente al agua.<\/p><\/blockquote>\n<blockquote><p>Phantalate Free \/ Libre de Ftalato.<\/p><\/blockquote>\n","protected":false},"excerpt":{"rendered":"<p>Para los sofisticados que buscan dise\u00f1os modernos y sutiles tenemos nuestra l\u00ednea Premium: Platinum. El inexpulsable es una buena opci\u00f3n cuando no se tiene experiencia en la penetraci\u00f3n anal.<\/p>\n","protected":false},"featured_media":4573,"template":"","meta":{"_et_pb_use_builder":"","_et_pb_old_content":"","_et_gb_content_width":"","_joinchat":[]},"product_brand":[],"product_cat":[28],"product_tag":[],"class_list":{"0":"post-4572","1":"product","2":"type-product","3":"status-publish","4":"has-post-thumbnail","6":"product_cat-consoladores-anales","8":"first","9":"instock","10":"shipping-taxable","11":"purchasable","12":"product-type-simple"},"_links":{"self":[{"href":"https:\/\/www.sexshop.com.ar\/web\/wp-json\/wp\/v2\/product\/4572","targetHints":{"allow":["GET"]}}],"collection":[{"href":"https:\/\/www.sexshop.com.ar\/web\/wp-json\/wp\/v2\/product"}],"about":[{"href":"https:\/\/www.sexshop.com.ar\/web\/wp-json\/wp\/v2\/types\/product"}],"wp:featuredmedia":[{"embeddable":true,"href":"https:\/\/www.sexshop.com.ar\/web\/wp-json\/wp\/v2\/media\/4573"}],"wp:attachment":[{"href":"https:\/\/www.sexshop.com.ar\/web\/wp-json\/wp\/v2\/media?parent=4572"}],"wp:term":[{"taxonomy":"product_brand","embeddable":true,"href":"https:\/\/www.sexshop.com.ar\/web\/wp-json\/wp\/v2\/product_brand?post=4572"},{"taxonomy":"product_cat","embeddable":true,"href":"https:\/\/www.sexshop.com.ar\/web\/wp-json\/wp\/v2\/product_cat?post=4572"},{"taxonomy":"product_tag","embeddable":true,"href":"https:\/\/www.sexshop.com.ar\/web\/wp-json\/wp\/v2\/product_tag?post=4572"}],"curies":[{"name":"wp","href":"https:\/\/api.w.org\/{rel}","templated":true}]}}