{"id":4586,"date":"2021-01-13T18:46:37","date_gmt":"2021-01-13T21:46:37","guid":{"rendered":"https:\/\/www.sexshop.com.ar\/web\/?post_type=product&#038;p=4586"},"modified":"2024-11-27T14:44:41","modified_gmt":"2024-11-27T17:44:41","slug":"bomba-de-vacio-powerpump-piston-manometro-31x7cm","status":"publish","type":"product","link":"https:\/\/www.sexshop.com.ar\/web\/producto\/bomba-de-vacio-powerpump-piston-manometro-31x7cm\/","title":{"rendered":"Bomba de Vacio POWERPUMP PISTON MANOMETRO 31X7CM"},"content":{"rendered":"<p>Esta bomba de aire para extensi\u00f3n penenana trae un sistema autom\u00e1tico que no requiere que hagas ni un esfuerzo, s\u00f3lo debes colocarte la bomba con su base suave sobre tu piel asegurando el sellado al aire y desde el control remoto podr\u00e1s encender el bombeo para que comience la acci\u00f3n. En su tope, un medidor de presi\u00f3n para que puedas ver cuanta presi\u00f3n se ejerce sobre tu pene, adem\u00e1s el tubo transparente no s\u00f3lo te permite ver el aumento del tama\u00f1o de tu pene sino tambi\u00e9n medirlo con las medidas impresas. Cuando finalices la sesi\u00f3n, solo presiona sobre el bot\u00f3n de liberaci\u00f3n de aire y la bomba se desactivar\u00e1 autom\u00e1ticamente.<\/p>\n","protected":false},"excerpt":{"rendered":"<p>Bomba de calidad profesional con empu\u00f1adura potente. El camino m\u00e1s f\u00e1cil para agrandar su pene<\/p>\n","protected":false},"featured_media":4587,"template":"","meta":{"_et_pb_use_builder":"","_et_pb_old_content":"","_et_gb_content_width":"","_joinchat":[]},"product_brand":[],"product_cat":[31],"product_tag":[],"class_list":{"0":"post-4586","1":"product","2":"type-product","3":"status-publish","4":"has-post-thumbnail","6":"product_cat-desarrolladores","8":"first","9":"instock","10":"shipping-taxable","11":"purchasable","12":"product-type-simple"},"_links":{"self":[{"href":"https:\/\/www.sexshop.com.ar\/web\/wp-json\/wp\/v2\/product\/4586","targetHints":{"allow":["GET"]}}],"collection":[{"href":"https:\/\/www.sexshop.com.ar\/web\/wp-json\/wp\/v2\/product"}],"about":[{"href":"https:\/\/www.sexshop.com.ar\/web\/wp-json\/wp\/v2\/types\/product"}],"wp:featuredmedia":[{"embeddable":true,"href":"https:\/\/www.sexshop.com.ar\/web\/wp-json\/wp\/v2\/media\/4587"}],"wp:attachment":[{"href":"https:\/\/www.sexshop.com.ar\/web\/wp-json\/wp\/v2\/media?parent=4586"}],"wp:term":[{"taxonomy":"product_brand","embeddable":true,"href":"https:\/\/www.sexshop.com.ar\/web\/wp-json\/wp\/v2\/product_brand?post=4586"},{"taxonomy":"product_cat","embeddable":true,"href":"https:\/\/www.sexshop.com.ar\/web\/wp-json\/wp\/v2\/product_cat?post=4586"},{"taxonomy":"product_tag","embeddable":true,"href":"https:\/\/www.sexshop.com.ar\/web\/wp-json\/wp\/v2\/product_tag?post=4586"}],"curies":[{"name":"wp","href":"https:\/\/api.w.org\/{rel}","templated":true}]}}