{"id":4594,"date":"2021-01-13T19:23:18","date_gmt":"2021-01-13T22:23:18","guid":{"rendered":"https:\/\/www.sexshop.com.ar\/web\/?post_type=product&#038;p=4594"},"modified":"2026-01-12T19:27:48","modified_gmt":"2026-01-12T22:27:48","slug":"bomba-passion-pump-manija-manometro","status":"publish","type":"product","link":"https:\/\/www.sexshop.com.ar\/web\/producto\/bomba-passion-pump-manija-manometro\/","title":{"rendered":"BOMBA PASSION PUMP MANIJA MANOMETRO"},"content":{"rendered":"<p>Una bomba de vac\u00edo para pene tiene usos m\u00e9dicos y er\u00f3ticos. Los hombres que padecen de dificultades er\u00e9ctiles pueden usarlas para estimular una erecci\u00f3n que les permita tener el coito. Tambi\u00e9n se puede usar para la masturbaci\u00f3n y como m\u00e9todo de agrandamiento Peneano.<\/p>\n<p>&nbsp;<\/p>\n<p><strong>Esta bomba viene con MANOMETRO CONTROLADOR DE LA SUCCION\u00a0<\/strong>puede introducir el miembro y dejar el pene dentro de 4 a 6 minutos y retirar el miembro. Realizar el mismo proceso 2 veces por d\u00eda.<\/p>\n<p>*Aumentar\u00e1 notablemente el Tama\u00f1o del Pene en pocas semanas.<br \/>\n*Comprobado Cient\u00ecficamente.<br \/>\n*Venas m\u00e1s Pronunciadas.<br \/>\n*Pene m\u00e1s grueso y largo.<br \/>\n*RECUERDE siempre utilizarla con algun gel lubricante, Recomendamos el Gel Desarrollador Peneano.<\/p>\n<p>&nbsp;<\/p>\n<p>&nbsp;<\/p>\n<p>\u00bfCuales son los beneficios de usar la bomba de vac\u00edo?<br \/>\nGeneralmente la mayor\u00eda de individuos ganan entre 2.5-6.5cm de largo y un 25% en ancho.<\/p>\n<p>&nbsp;<\/p>\n<p>\u00bfLos resultados son permanentes?<br \/>\nLos Hombres que utilizan la bomba frecuentemente notan un aumento permanente del pene. Estar\u00e1 m\u00e1s largo y m\u00e1s ancho despu\u00e9s de un mes aproximadamente y notar\u00e1s una permanencia en el incremento de tama\u00f1o despu\u00e9s de 8 semanas.<\/p>\n<p>Muy recomendable para disfunci\u00f3n erectil y agrandamiento Peneano.<\/p>\n<p>&nbsp;<\/p>\n<p>&nbsp;<\/p>\n<h1><\/h1>\n<p>&nbsp;<\/p>\n<p>&nbsp;<\/p>\n","protected":false},"excerpt":{"rendered":"<p>Una bomba de vac\u00edo para pene tiene usos m\u00e9dicos y er\u00f3ticos. Los hombres que padecen de dificultades er\u00e9ctiles pueden usarlas para estimular una erecci\u00f3n que les permita tener el coito. Tambi\u00e9n se puede usar para la masturbaci\u00f3n y como m\u00e9todo de agrandamiento Peneano.<\/p>\n","protected":false},"featured_media":4595,"template":"","meta":{"_et_pb_use_builder":"","_et_pb_old_content":"","_et_gb_content_width":"","_joinchat":[]},"product_brand":[],"product_cat":[31],"product_tag":[],"class_list":{"0":"post-4594","1":"product","2":"type-product","3":"status-publish","4":"has-post-thumbnail","6":"product_cat-desarrolladores","8":"first","9":"instock","10":"shipping-taxable","11":"purchasable","12":"product-type-simple"},"_links":{"self":[{"href":"https:\/\/www.sexshop.com.ar\/web\/wp-json\/wp\/v2\/product\/4594","targetHints":{"allow":["GET"]}}],"collection":[{"href":"https:\/\/www.sexshop.com.ar\/web\/wp-json\/wp\/v2\/product"}],"about":[{"href":"https:\/\/www.sexshop.com.ar\/web\/wp-json\/wp\/v2\/types\/product"}],"wp:featuredmedia":[{"embeddable":true,"href":"https:\/\/www.sexshop.com.ar\/web\/wp-json\/wp\/v2\/media\/4595"}],"wp:attachment":[{"href":"https:\/\/www.sexshop.com.ar\/web\/wp-json\/wp\/v2\/media?parent=4594"}],"wp:term":[{"taxonomy":"product_brand","embeddable":true,"href":"https:\/\/www.sexshop.com.ar\/web\/wp-json\/wp\/v2\/product_brand?post=4594"},{"taxonomy":"product_cat","embeddable":true,"href":"https:\/\/www.sexshop.com.ar\/web\/wp-json\/wp\/v2\/product_cat?post=4594"},{"taxonomy":"product_tag","embeddable":true,"href":"https:\/\/www.sexshop.com.ar\/web\/wp-json\/wp\/v2\/product_tag?post=4594"}],"curies":[{"name":"wp","href":"https:\/\/api.w.org\/{rel}","templated":true}]}}