{"id":4597,"date":"2021-01-13T19:43:48","date_gmt":"2021-01-13T22:43:48","guid":{"rendered":"https:\/\/www.sexshop.com.ar\/web\/?post_type=product&#038;p=4597"},"modified":"2025-03-17T11:38:20","modified_gmt":"2025-03-17T14:38:20","slug":"masturbador-cup-girl","status":"publish","type":"product","link":"https:\/\/www.sexshop.com.ar\/web\/producto\/masturbador-cup-girl\/","title":{"rendered":"MASTURBADOR MASCULINO VAGINA PASION CUP"},"content":{"rendered":"<p>Masturbador masculino. Su forma de reloj de arena proporciona un ajuste sublime y su interior especialmente dise\u00f1ado proporciona una asombrosa y dulce succi\u00f3n.<br \/>\nAnimate a conocer una nueva e incre\u00edble sensaci\u00f3n d\u00f3nde y cu\u00e1ndo quieras.<br \/>\nInnovadora experiencia de masturbaci\u00f3n.<br \/>\nLibre de ftalatos<br \/>\nSensaci\u00f3n real<br \/>\nTacto de piel real<br \/>\nCanales de simulaci\u00f3n 4D<br \/>\nSeguro para el cuerpo y el medio ambiente<br \/>\nApariencia moderna<\/p>\n<p>Medidas:<\/p>\n<p>Di\u00e1metro mayor 6,5 cm.<\/p>\n<p>Longitud total 16 cm.<\/p>\n<p>Materiales: CiberSkyn TPET<\/p>\n<p>Texturas: Flexible\u00a0 Muy Suave<\/p>\n<p>Caracter\u00edsticas Especiales: Resistente al agua<\/p>\n","protected":false},"excerpt":{"rendered":"<h3>SKU CW120211<\/h3>\n<h3>Este masturbador es para personas que quieren ampliar sus horizontes y experimentar la masturbaci\u00f3n de una forma distinta a la tradicional.<\/h3>\n","protected":false},"featured_media":4598,"template":"","meta":{"_et_pb_use_builder":"","_et_pb_old_content":"","_et_gb_content_width":"","_joinchat":[]},"product_brand":[],"product_cat":[33,41],"product_tag":[],"class_list":{"0":"post-4597","1":"product","2":"type-product","3":"status-publish","4":"has-post-thumbnail","6":"product_cat-ellos","7":"product_cat-vaginas-munecas-y-munecos","9":"first","10":"instock","11":"shipping-taxable","12":"purchasable","13":"product-type-simple"},"_links":{"self":[{"href":"https:\/\/www.sexshop.com.ar\/web\/wp-json\/wp\/v2\/product\/4597","targetHints":{"allow":["GET"]}}],"collection":[{"href":"https:\/\/www.sexshop.com.ar\/web\/wp-json\/wp\/v2\/product"}],"about":[{"href":"https:\/\/www.sexshop.com.ar\/web\/wp-json\/wp\/v2\/types\/product"}],"wp:featuredmedia":[{"embeddable":true,"href":"https:\/\/www.sexshop.com.ar\/web\/wp-json\/wp\/v2\/media\/4598"}],"wp:attachment":[{"href":"https:\/\/www.sexshop.com.ar\/web\/wp-json\/wp\/v2\/media?parent=4597"}],"wp:term":[{"taxonomy":"product_brand","embeddable":true,"href":"https:\/\/www.sexshop.com.ar\/web\/wp-json\/wp\/v2\/product_brand?post=4597"},{"taxonomy":"product_cat","embeddable":true,"href":"https:\/\/www.sexshop.com.ar\/web\/wp-json\/wp\/v2\/product_cat?post=4597"},{"taxonomy":"product_tag","embeddable":true,"href":"https:\/\/www.sexshop.com.ar\/web\/wp-json\/wp\/v2\/product_tag?post=4597"}],"curies":[{"name":"wp","href":"https:\/\/api.w.org\/{rel}","templated":true}]}}