{"id":4620,"date":"2021-01-19T11:57:51","date_gmt":"2021-01-19T14:57:51","guid":{"rendered":"https:\/\/www.sexshop.com.ar\/web\/?post_type=product&#038;p=4620"},"modified":"2025-02-03T12:08:57","modified_gmt":"2025-02-03T15:08:57","slug":"steel-waves-strass-anal-plug-small","status":"publish","type":"product","link":"https:\/\/www.sexshop.com.ar\/web\/producto\/steel-waves-strass-anal-plug-small\/","title":{"rendered":"STEEL WAVES STRASS ANAL PLUG Small"},"content":{"rendered":"<p style=\"font-weight: 400;\">Plug anal met\u00e1lico escalonado, suave, sobrio y dise\u00f1ado especialmente para la mejor dilataci\u00f3n anal. Base de strass con color. Este peque\u00f1o accesorio te acompa\u00f1ar\u00e1 en todas tus aventuras, cuando y donde quieras.<\/p>\n<p style=\"font-weight: 400;\"><strong>Caracter\u00edsticas:<\/strong><\/p>\n<ul style=\"font-weight: 400;\">\n<li>Plug anal met\u00e1lico<\/li>\n<li>Cuerpo escalonado<\/li>\n<li>Cubierto en acero quir\u00fargico<\/li>\n<li>Base con strass<\/li>\n<li>Color strass aleatorio<\/li>\n<li>Bolsa de Sat\u00e9n<\/li>\n<\/ul>\n","protected":false},"excerpt":{"rendered":"<p>Plug anal met\u00e1lico escalonado, suave, sobrio y dise\u00f1ado especialmente para la mejor dilataci\u00f3n anal. Base de strass con color. Este peque\u00f1o accesorio te acompa\u00f1ar\u00e1 en todas tus aventuras, cuando y donde quieras.<\/p>\n","protected":false},"featured_media":4621,"template":"","meta":{"_et_pb_use_builder":"","_et_pb_old_content":"","_et_gb_content_width":"","_joinchat":[]},"product_brand":[],"product_cat":[28],"product_tag":[],"class_list":{"0":"post-4620","1":"product","2":"type-product","3":"status-publish","4":"has-post-thumbnail","6":"product_cat-consoladores-anales","8":"first","9":"instock","10":"shipping-taxable","11":"purchasable","12":"product-type-simple"},"_links":{"self":[{"href":"https:\/\/www.sexshop.com.ar\/web\/wp-json\/wp\/v2\/product\/4620","targetHints":{"allow":["GET"]}}],"collection":[{"href":"https:\/\/www.sexshop.com.ar\/web\/wp-json\/wp\/v2\/product"}],"about":[{"href":"https:\/\/www.sexshop.com.ar\/web\/wp-json\/wp\/v2\/types\/product"}],"wp:featuredmedia":[{"embeddable":true,"href":"https:\/\/www.sexshop.com.ar\/web\/wp-json\/wp\/v2\/media\/4621"}],"wp:attachment":[{"href":"https:\/\/www.sexshop.com.ar\/web\/wp-json\/wp\/v2\/media?parent=4620"}],"wp:term":[{"taxonomy":"product_brand","embeddable":true,"href":"https:\/\/www.sexshop.com.ar\/web\/wp-json\/wp\/v2\/product_brand?post=4620"},{"taxonomy":"product_cat","embeddable":true,"href":"https:\/\/www.sexshop.com.ar\/web\/wp-json\/wp\/v2\/product_cat?post=4620"},{"taxonomy":"product_tag","embeddable":true,"href":"https:\/\/www.sexshop.com.ar\/web\/wp-json\/wp\/v2\/product_tag?post=4620"}],"curies":[{"name":"wp","href":"https:\/\/api.w.org\/{rel}","templated":true}]}}