{"id":4640,"date":"2021-01-19T16:37:49","date_gmt":"2021-01-19T19:37:49","guid":{"rendered":"https:\/\/www.sexshop.com.ar\/web\/?post_type=product&#038;p=4640"},"modified":"2024-11-27T14:44:40","modified_gmt":"2024-11-27T17:44:40","slug":"vibrador-realistic-cyberskin-curved","status":"publish","type":"product","link":"https:\/\/www.sexshop.com.ar\/web\/producto\/vibrador-realistic-cyberskin-curved\/","title":{"rendered":"VIBRADOR REAL\u00cdSTIC CYBERSKIN CURVED"},"content":{"rendered":"<p style=\"font-weight: 400;\">Deleita tus placer m\u00e1s \u00edntimos con la experiencia real\u00edstica de la l\u00ednea Classic CyberSkin, el Gran Curved ofrece la sensaci\u00f3n real de un pene robusto con el eje apenas curvo, facilitanto la inserci\u00f3n y haciendo\u00a0que cada penetraci\u00f3n represente el pene ideal para vos.<\/p>\n<p style=\"font-weight: 400;\">Su cuerpo super suave de CyberSkin es suave y delicado, cada penetraci\u00f3n ser\u00e1 una experiencia de placer puro.<\/p>\n<p style=\"font-weight: 400;\">En su base tiene un regulador para las vibraciones multi-velocidad.<\/p>\n<p style=\"font-weight: 400;\"><strong>Caracter\u00edsticas:<\/strong><\/p>\n<ul style=\"font-weight: 400;\">\n<li>Vibrador real\u00edstico<\/li>\n<li>CyberSkin<\/li>\n<li>Textura super suave<\/li>\n<li>Eje ligeramente curvo<\/li>\n<li>Vibraci\u00f3n<\/li>\n<li>Multi-velocidad<\/li>\n<li>2 Pilas AA<\/li>\n<li>Seguro al cuerpo<\/li>\n<li>Libre de Ftalatos<\/li>\n<\/ul>\n<p style=\"font-weight: 400;\"><strong>Medidas:\u00a0<\/strong>21 cm x 4\u00a0cm<\/p>\n","protected":false},"excerpt":{"rendered":"<p>Deleita tus placer m\u00e1s \u00edntimos con la experiencia real\u00edstica de la l\u00ednea Classic CyberSkin, el Gran Curved ofrece la sensaci\u00f3n real de un pene robusto con el eje apenas curvo, facilitando la inserci\u00f3n<\/p>\n","protected":false},"featured_media":4641,"template":"","meta":{"_et_pb_use_builder":"","_et_pb_old_content":"","_et_gb_content_width":"","_joinchat":[]},"product_brand":[],"product_cat":[18],"product_tag":[],"class_list":{"0":"post-4640","1":"product","2":"type-product","3":"status-publish","4":"has-post-thumbnail","6":"product_cat-vibradores","8":"first","9":"instock","10":"shipping-taxable","11":"purchasable","12":"product-type-simple"},"_links":{"self":[{"href":"https:\/\/www.sexshop.com.ar\/web\/wp-json\/wp\/v2\/product\/4640","targetHints":{"allow":["GET"]}}],"collection":[{"href":"https:\/\/www.sexshop.com.ar\/web\/wp-json\/wp\/v2\/product"}],"about":[{"href":"https:\/\/www.sexshop.com.ar\/web\/wp-json\/wp\/v2\/types\/product"}],"wp:featuredmedia":[{"embeddable":true,"href":"https:\/\/www.sexshop.com.ar\/web\/wp-json\/wp\/v2\/media\/4641"}],"wp:attachment":[{"href":"https:\/\/www.sexshop.com.ar\/web\/wp-json\/wp\/v2\/media?parent=4640"}],"wp:term":[{"taxonomy":"product_brand","embeddable":true,"href":"https:\/\/www.sexshop.com.ar\/web\/wp-json\/wp\/v2\/product_brand?post=4640"},{"taxonomy":"product_cat","embeddable":true,"href":"https:\/\/www.sexshop.com.ar\/web\/wp-json\/wp\/v2\/product_cat?post=4640"},{"taxonomy":"product_tag","embeddable":true,"href":"https:\/\/www.sexshop.com.ar\/web\/wp-json\/wp\/v2\/product_tag?post=4640"}],"curies":[{"name":"wp","href":"https:\/\/api.w.org\/{rel}","templated":true}]}}