{"id":4746,"date":"2021-02-16T11:56:57","date_gmt":"2021-02-16T14:56:57","guid":{"rendered":"https:\/\/www.sexshop.com.ar\/web\/?post_type=product&#038;p=4746"},"modified":"2024-11-27T14:44:39","modified_gmt":"2024-11-27T17:44:39","slug":"collar-con-peluche-rosa-y-correa-y-mosqueton","status":"publish","type":"product","link":"https:\/\/www.sexshop.com.ar\/web\/producto\/collar-con-peluche-rosa-y-correa-y-mosqueton\/","title":{"rendered":"Collar con Peluche Rosa y Correa y Mosquet\u00f3n"},"content":{"rendered":"<p>&nbsp;<\/p>\n<p>Es ideal para aumentar la pasi\u00f3n, imagina fantas\u00edas compartidas con tu pareja, an\u00edmate a intercambiar roles y traspasar fronteras. Donde hay una norma, siempre habr\u00e1 transgresiones que har\u00e1n m\u00e1s excitante tu vida sexual!<\/p>\n","protected":false},"excerpt":{"rendered":"<p>Es ideal para aumentar la pasi\u00f3n, imagina fantas\u00edas compartidas con tu pareja, an\u00edmate a intercambiar roles y traspasar fronteras<\/p>\n","protected":false},"featured_media":4747,"template":"","meta":{"_et_pb_use_builder":"","_et_pb_old_content":"","_et_gb_content_width":"","_joinchat":[]},"product_brand":[],"product_cat":[30],"product_tag":[],"class_list":{"0":"post-4746","1":"product","2":"type-product","3":"status-publish","4":"has-post-thumbnail","6":"product_cat-cueros","8":"first","9":"outofstock","10":"shipping-taxable","11":"purchasable","12":"product-type-simple"},"_links":{"self":[{"href":"https:\/\/www.sexshop.com.ar\/web\/wp-json\/wp\/v2\/product\/4746","targetHints":{"allow":["GET"]}}],"collection":[{"href":"https:\/\/www.sexshop.com.ar\/web\/wp-json\/wp\/v2\/product"}],"about":[{"href":"https:\/\/www.sexshop.com.ar\/web\/wp-json\/wp\/v2\/types\/product"}],"wp:featuredmedia":[{"embeddable":true,"href":"https:\/\/www.sexshop.com.ar\/web\/wp-json\/wp\/v2\/media\/4747"}],"wp:attachment":[{"href":"https:\/\/www.sexshop.com.ar\/web\/wp-json\/wp\/v2\/media?parent=4746"}],"wp:term":[{"taxonomy":"product_brand","embeddable":true,"href":"https:\/\/www.sexshop.com.ar\/web\/wp-json\/wp\/v2\/product_brand?post=4746"},{"taxonomy":"product_cat","embeddable":true,"href":"https:\/\/www.sexshop.com.ar\/web\/wp-json\/wp\/v2\/product_cat?post=4746"},{"taxonomy":"product_tag","embeddable":true,"href":"https:\/\/www.sexshop.com.ar\/web\/wp-json\/wp\/v2\/product_tag?post=4746"}],"curies":[{"name":"wp","href":"https:\/\/api.w.org\/{rel}","templated":true}]}}