{"id":4784,"date":"2021-02-24T20:41:00","date_gmt":"2021-02-24T23:41:00","guid":{"rendered":"https:\/\/www.sexshop.com.ar\/web\/?post_type=product&#038;p=4784"},"modified":"2025-01-20T16:31:57","modified_gmt":"2025-01-20T19:31:57","slug":"consolador-champ","status":"publish","type":"product","link":"https:\/\/www.sexshop.com.ar\/web\/producto\/consolador-champ\/","title":{"rendered":"Consolador Champ"},"content":{"rendered":"<p><strong>PURE SILICONE CHAMP<\/strong><\/p>\n<p>Consolador macizo flexibles, ultra suave\u00a0y est\u00e1\u00a0preparados para responder a todas tus exigencias sexuales. Hecho 100% de silicona. Color piel de m\u00e1xima calidad, vivir\u00e1s una nueva experiencia. Acompa\u00f1alo usando siempre lubricantes para un m\u00e1ximo placer.<\/p>\n<p><strong>Caracter\u00edsticas:<\/strong><\/p>\n<ul>\n<li>Consolador realista<\/li>\n<li>Texturado, venoso<\/li>\n<li>Material: Siliconado<\/li>\n<li>Color: Piel<\/li>\n<li>Ventosa<\/li>\n<li>Apto arn\u00e9s<\/li>\n<\/ul>\n<p><strong>Medidas:<\/strong>\u00a018\u00a0cm x 4,5 cm<\/p>\n","protected":false},"excerpt":{"rendered":"<p>SKU 2601-03<\/p>\n<p><strong>PURE SILICONE CHAMP<\/strong><\/p>\n<p>Consolador macizo flexibles, ultra suave\u00a0y est\u00e1\u00a0preparados para responder a todas tus exigencias sexuales.<\/p>\n","protected":false},"featured_media":4785,"template":"","meta":{"_et_pb_use_builder":"","_et_pb_old_content":"","_et_gb_content_width":"","_joinchat":[]},"product_brand":[],"product_cat":[29],"product_tag":[],"class_list":{"0":"post-4784","1":"product","2":"type-product","3":"status-publish","4":"has-post-thumbnail","6":"product_cat-consoladores-y-dildos","8":"first","9":"instock","10":"shipping-taxable","11":"purchasable","12":"product-type-simple"},"_links":{"self":[{"href":"https:\/\/www.sexshop.com.ar\/web\/wp-json\/wp\/v2\/product\/4784","targetHints":{"allow":["GET"]}}],"collection":[{"href":"https:\/\/www.sexshop.com.ar\/web\/wp-json\/wp\/v2\/product"}],"about":[{"href":"https:\/\/www.sexshop.com.ar\/web\/wp-json\/wp\/v2\/types\/product"}],"wp:featuredmedia":[{"embeddable":true,"href":"https:\/\/www.sexshop.com.ar\/web\/wp-json\/wp\/v2\/media\/4785"}],"wp:attachment":[{"href":"https:\/\/www.sexshop.com.ar\/web\/wp-json\/wp\/v2\/media?parent=4784"}],"wp:term":[{"taxonomy":"product_brand","embeddable":true,"href":"https:\/\/www.sexshop.com.ar\/web\/wp-json\/wp\/v2\/product_brand?post=4784"},{"taxonomy":"product_cat","embeddable":true,"href":"https:\/\/www.sexshop.com.ar\/web\/wp-json\/wp\/v2\/product_cat?post=4784"},{"taxonomy":"product_tag","embeddable":true,"href":"https:\/\/www.sexshop.com.ar\/web\/wp-json\/wp\/v2\/product_tag?post=4784"}],"curies":[{"name":"wp","href":"https:\/\/api.w.org\/{rel}","templated":true}]}}