{"id":4789,"date":"2021-02-24T20:55:01","date_gmt":"2021-02-24T23:55:01","guid":{"rendered":"https:\/\/www.sexshop.com.ar\/web\/?post_type=product&#038;p=4789"},"modified":"2025-01-20T16:30:42","modified_gmt":"2025-01-20T19:30:42","slug":"consolador-gran-curved","status":"publish","type":"product","link":"https:\/\/www.sexshop.com.ar\/web\/producto\/consolador-gran-curved\/","title":{"rendered":"Consolador Gran Curved"},"content":{"rendered":"<p><strong>CONSOLADOR REAL\u00cdSTICO GRAN CURVED<\/strong><\/p>\n<p>Deleita tus placer m\u00e1s \u00edntimos con la experiencia real\u00edstica de la l\u00ednea Classic, el Gran Curved ofrece la sensaci\u00f3n real de un pene robusto con el eje apenas curvo, facilitanto la inserci\u00f3n y haciendo que cada penetraci\u00f3n represente el pene ideal para vos. Su cuerpo siliconado es suave y delicado, cada penetraci\u00f3n ser\u00e1 una experiencia de placer puro.\u00a0En su base, una ventosa para que puedas jugar \u00absin manos\u00bb o para que lo montes a un arn\u00e9s y puedas disfrutar de penetrar a tu pareja.<\/p>\n<p><strong>Caracter\u00edsticas:<\/strong><\/p>\n<ul>\n<li>Consolador\u00a0real\u00edstico<\/li>\n<li>Textura suave siliconado<\/li>\n<li>Eje semi curvo<\/li>\n<li>Ventosa en su base<\/li>\n<li>Apto uso arn\u00e9s<\/li>\n<li>Seguro al cuerpo<\/li>\n<li>Libre de Ftalatos<\/li>\n<\/ul>\n<p><strong>Medidas:\u00a0<\/strong>21 cm x 4 cm (Insertable 18 cm<\/p>\n","protected":false},"excerpt":{"rendered":"<p>SKU 2603-03<\/p>\n<p>Deleita tus placer m\u00e1s \u00edntimos con la experiencia real\u00edstica de la l\u00ednea Classic, el Gran Curved ofrece la sensaci\u00f3n real de un pene robusto con el eje apenas curvo,<\/p>\n","protected":false},"featured_media":4790,"template":"","meta":{"_et_pb_use_builder":"","_et_pb_old_content":"","_et_gb_content_width":"","_joinchat":[]},"product_brand":[],"product_cat":[29],"product_tag":[],"class_list":{"0":"post-4789","1":"product","2":"type-product","3":"status-publish","4":"has-post-thumbnail","6":"product_cat-consoladores-y-dildos","8":"first","9":"instock","10":"shipping-taxable","11":"purchasable","12":"product-type-simple"},"_links":{"self":[{"href":"https:\/\/www.sexshop.com.ar\/web\/wp-json\/wp\/v2\/product\/4789","targetHints":{"allow":["GET"]}}],"collection":[{"href":"https:\/\/www.sexshop.com.ar\/web\/wp-json\/wp\/v2\/product"}],"about":[{"href":"https:\/\/www.sexshop.com.ar\/web\/wp-json\/wp\/v2\/types\/product"}],"wp:featuredmedia":[{"embeddable":true,"href":"https:\/\/www.sexshop.com.ar\/web\/wp-json\/wp\/v2\/media\/4790"}],"wp:attachment":[{"href":"https:\/\/www.sexshop.com.ar\/web\/wp-json\/wp\/v2\/media?parent=4789"}],"wp:term":[{"taxonomy":"product_brand","embeddable":true,"href":"https:\/\/www.sexshop.com.ar\/web\/wp-json\/wp\/v2\/product_brand?post=4789"},{"taxonomy":"product_cat","embeddable":true,"href":"https:\/\/www.sexshop.com.ar\/web\/wp-json\/wp\/v2\/product_cat?post=4789"},{"taxonomy":"product_tag","embeddable":true,"href":"https:\/\/www.sexshop.com.ar\/web\/wp-json\/wp\/v2\/product_tag?post=4789"}],"curies":[{"name":"wp","href":"https:\/\/api.w.org\/{rel}","templated":true}]}}