{"id":483,"date":"2018-05-09T18:16:22","date_gmt":"2018-05-09T21:16:22","guid":{"rendered":"https:\/\/www.sexshop.com.ar\/web\/?post_type=product&#038;p=483"},"modified":"2025-03-31T11:01:32","modified_gmt":"2025-03-31T14:01:32","slug":"latigo-leather-grande","status":"publish","type":"product","link":"https:\/\/www.sexshop.com.ar\/web\/producto\/latigo-leather-grande\/","title":{"rendered":"LATIGO LEATHER GRANDE"},"content":{"rendered":"<p>Sexo fuerte. Para los que se atreven a un poco mas de lo convencional. Cuero de primera calidad. Un mundo distinto lleno de placer<\/p>\n","protected":false},"excerpt":{"rendered":"<p>Sexo fuerte. Para los que se atreven a un poco mas de lo convencional. Cuero de primera calidad. Un mundo distinto lleno de placer.<\/p>\n<p>El Latigo De Cuero puede utilizarse para generar un simple cosquilleo o para infligir un dolor placentero dependiendo los deseos de ambos. Donde hay una norma, siempre habr\u00e1 transgresiones que har\u00e1n m\u00e1s excitante tu vida sexual!<\/p>\n","protected":false},"featured_media":484,"template":"","meta":{"_et_pb_use_builder":"","_et_pb_old_content":"","_et_gb_content_width":"","_joinchat":[]},"product_brand":[],"product_cat":[30],"product_tag":[],"class_list":{"0":"post-483","1":"product","2":"type-product","3":"status-publish","4":"has-post-thumbnail","6":"product_cat-cueros","8":"first","9":"instock","10":"shipping-taxable","11":"purchasable","12":"product-type-simple"},"_links":{"self":[{"href":"https:\/\/www.sexshop.com.ar\/web\/wp-json\/wp\/v2\/product\/483","targetHints":{"allow":["GET"]}}],"collection":[{"href":"https:\/\/www.sexshop.com.ar\/web\/wp-json\/wp\/v2\/product"}],"about":[{"href":"https:\/\/www.sexshop.com.ar\/web\/wp-json\/wp\/v2\/types\/product"}],"wp:featuredmedia":[{"embeddable":true,"href":"https:\/\/www.sexshop.com.ar\/web\/wp-json\/wp\/v2\/media\/484"}],"wp:attachment":[{"href":"https:\/\/www.sexshop.com.ar\/web\/wp-json\/wp\/v2\/media?parent=483"}],"wp:term":[{"taxonomy":"product_brand","embeddable":true,"href":"https:\/\/www.sexshop.com.ar\/web\/wp-json\/wp\/v2\/product_brand?post=483"},{"taxonomy":"product_cat","embeddable":true,"href":"https:\/\/www.sexshop.com.ar\/web\/wp-json\/wp\/v2\/product_cat?post=483"},{"taxonomy":"product_tag","embeddable":true,"href":"https:\/\/www.sexshop.com.ar\/web\/wp-json\/wp\/v2\/product_tag?post=483"}],"curies":[{"name":"wp","href":"https:\/\/api.w.org\/{rel}","templated":true}]}}