{"id":4907,"date":"2021-03-31T11:27:31","date_gmt":"2021-03-31T14:27:31","guid":{"rendered":"https:\/\/www.sexshop.com.ar\/web\/?post_type=product&#038;p=4907"},"modified":"2025-02-03T11:58:18","modified_gmt":"2025-02-03T14:58:18","slug":"pene-anal-piel","status":"publish","type":"product","link":"https:\/\/www.sexshop.com.ar\/web\/producto\/pene-anal-piel\/","title":{"rendered":"PENE ANAL PIEL"},"content":{"rendered":"<p><b>Pene Anal Piel.<\/b>\u00a0Dilatador anal en forma de pene. Su punta delgada permite una mejor dilataci\u00f3n y la textura suave en su contorno favorece la estimulaci\u00f3n. Se puede usar en ambos sexos, es mejor estar en pareja ya que quien recibe la penetraci\u00f3n debe estar relajado\/a para favorecer la dilataci\u00f3n.<br \/>\nSu medida es 13 cm y 2 cm de di\u00e1metro.\u00a0Se recomienda el uso de lubricante anal<\/p>\n<blockquote><p>Tipo: Anal sin Vibro.<\/p><\/blockquote>\n<blockquote><p>Medida: 13 cm x 2 \u00d8.<\/p><\/blockquote>\n<blockquote><p>Phthalate Free \/ Libre de Ftalato.<\/p><\/blockquote>\n","protected":false},"excerpt":{"rendered":"<p><b>SKU\u00a0 00-108-21 <\/b><\/p>\n<p><b>Pene Anal Piel.<\/b>\u00a0Dilatador anal en forma de pene. Su punta delgada permite una mejor dilataci\u00f3n y la textura suave en su contorno favorece la estimulaci\u00f3n.<\/p>\n","protected":false},"featured_media":4908,"template":"","meta":{"_et_pb_use_builder":"","_et_pb_old_content":"","_et_gb_content_width":"","_joinchat":[]},"product_brand":[],"product_cat":[28,29],"product_tag":[],"class_list":{"0":"post-4907","1":"product","2":"type-product","3":"status-publish","4":"has-post-thumbnail","6":"product_cat-consoladores-anales","7":"product_cat-consoladores-y-dildos","9":"first","10":"instock","11":"shipping-taxable","12":"purchasable","13":"product-type-simple"},"_links":{"self":[{"href":"https:\/\/www.sexshop.com.ar\/web\/wp-json\/wp\/v2\/product\/4907","targetHints":{"allow":["GET"]}}],"collection":[{"href":"https:\/\/www.sexshop.com.ar\/web\/wp-json\/wp\/v2\/product"}],"about":[{"href":"https:\/\/www.sexshop.com.ar\/web\/wp-json\/wp\/v2\/types\/product"}],"wp:featuredmedia":[{"embeddable":true,"href":"https:\/\/www.sexshop.com.ar\/web\/wp-json\/wp\/v2\/media\/4908"}],"wp:attachment":[{"href":"https:\/\/www.sexshop.com.ar\/web\/wp-json\/wp\/v2\/media?parent=4907"}],"wp:term":[{"taxonomy":"product_brand","embeddable":true,"href":"https:\/\/www.sexshop.com.ar\/web\/wp-json\/wp\/v2\/product_brand?post=4907"},{"taxonomy":"product_cat","embeddable":true,"href":"https:\/\/www.sexshop.com.ar\/web\/wp-json\/wp\/v2\/product_cat?post=4907"},{"taxonomy":"product_tag","embeddable":true,"href":"https:\/\/www.sexshop.com.ar\/web\/wp-json\/wp\/v2\/product_tag?post=4907"}],"curies":[{"name":"wp","href":"https:\/\/api.w.org\/{rel}","templated":true}]}}