{"id":4926,"date":"2021-04-01T16:54:49","date_gmt":"2021-04-01T19:54:49","guid":{"rendered":"https:\/\/www.sexshop.com.ar\/web\/?post_type=product&#038;p=4926"},"modified":"2025-01-27T11:41:10","modified_gmt":"2025-01-27T14:41:10","slug":"arnes-strapon-con-dildo-inflable","status":"publish","type":"product","link":"https:\/\/www.sexshop.com.ar\/web\/producto\/arnes-strapon-con-dildo-inflable\/","title":{"rendered":"Arnes Strapon con Dildo Inflable"},"content":{"rendered":"<h4>Este fant\u00e1stico consolador inflable esta creado para experimentar lo \u00faltimo en placer org\u00e1smico.\u00a0El dildo venoso se expande brind\u00e1ndole una experiencia m\u00e1s completa, profunda y satisfactoria.\u00a0El arn\u00e9s el\u00e1stico de este consolador inflable con correa es fuerte y se puede ajustar.\u00a0La v\u00e1lvula de presi\u00f3n de liberaci\u00f3n r\u00e1pida desinfla el consolador de forma r\u00e1pida y segura.<\/h4>\n<h4>Arn\u00e9s con dildo inflable<\/h4>\n<h4>Al inflarlo duplica su grosor.<\/h4>\n<h4>Bomba manual incluida<\/h4>\n<h4>Medidas: ancho 3,5cm x alto 16,5cm<\/h4>\n<h4>Material Silicona<\/h4>\n<h4>Se puede desmontar con facilidad, lo que facilita su mantenci\u00f3n y lavado<\/h4>\n<h4>Marca BaiLe<\/h4>\n<h4>Modelo BW-022037<\/h4>\n","protected":false},"excerpt":{"rendered":"<p>&nbsp;<\/p>\n<p>SKU BW-022037<\/p>\n<p>Maravilloso arnes con consolador real\u00edstico e inflable.Un estupendo arn\u00e9s con un dildo para ti o para tu pareja. El dildo est\u00e1 perfectamente esculpido para parecer un pene de verdad, cuenta con un glande, test\u00edculos y un cuerpo curvado y venoso.<\/p>\n","protected":false},"featured_media":4927,"template":"","meta":{"_et_pb_use_builder":"","_et_pb_old_content":"","_et_gb_content_width":"","_joinchat":[]},"product_brand":[],"product_cat":[24,29,32,44],"product_tag":[],"class_list":{"0":"post-4926","1":"product","2":"type-product","3":"status-publish","4":"has-post-thumbnail","6":"product_cat-accesorios","7":"product_cat-consoladores-y-dildos","8":"product_cat-ellas","9":"product_cat-protesis","11":"first","12":"instock","13":"shipping-taxable","14":"purchasable","15":"product-type-simple"},"_links":{"self":[{"href":"https:\/\/www.sexshop.com.ar\/web\/wp-json\/wp\/v2\/product\/4926","targetHints":{"allow":["GET"]}}],"collection":[{"href":"https:\/\/www.sexshop.com.ar\/web\/wp-json\/wp\/v2\/product"}],"about":[{"href":"https:\/\/www.sexshop.com.ar\/web\/wp-json\/wp\/v2\/types\/product"}],"wp:featuredmedia":[{"embeddable":true,"href":"https:\/\/www.sexshop.com.ar\/web\/wp-json\/wp\/v2\/media\/4927"}],"wp:attachment":[{"href":"https:\/\/www.sexshop.com.ar\/web\/wp-json\/wp\/v2\/media?parent=4926"}],"wp:term":[{"taxonomy":"product_brand","embeddable":true,"href":"https:\/\/www.sexshop.com.ar\/web\/wp-json\/wp\/v2\/product_brand?post=4926"},{"taxonomy":"product_cat","embeddable":true,"href":"https:\/\/www.sexshop.com.ar\/web\/wp-json\/wp\/v2\/product_cat?post=4926"},{"taxonomy":"product_tag","embeddable":true,"href":"https:\/\/www.sexshop.com.ar\/web\/wp-json\/wp\/v2\/product_tag?post=4926"}],"curies":[{"name":"wp","href":"https:\/\/api.w.org\/{rel}","templated":true}]}}