{"id":4982,"date":"2021-04-07T12:02:50","date_gmt":"2021-04-07T15:02:50","guid":{"rendered":"https:\/\/www.sexshop.com.ar\/web\/?post_type=product&#038;p=4982"},"modified":"2026-02-16T12:28:18","modified_gmt":"2026-02-16T15:28:18","slug":"arnes-doble-bananin-piel","status":"publish","type":"product","link":"https:\/\/www.sexshop.com.ar\/web\/producto\/arnes-doble-bananin-piel\/","title":{"rendered":"ARN\u00c9S DOBLE BANANIN PIEL"},"content":{"rendered":"<p><b>Arnes doble bananin piel.<\/b><\/p>\n<p>Eleva el placer hacia otro nivel con este arn\u00e9s regulable a cada cintura. Este arn\u00e9s tiene el diferencial de tener doble penetraci\u00f3n. Adem\u00e1s de tener un dildo delantero cuenta tambi\u00e9n con un dildo interno, para que disfrute sea doble.<\/p>\n<blockquote><p>Tipo: Arn\u00e9s doble.<\/p><\/blockquote>\n<blockquote><p>Medida externa: 19 cm x 3,5 \u00d8.<\/p><\/blockquote>\n<blockquote><p>Medida interna:\u00a013 cm x 3 cm \u00d8.<\/p><\/blockquote>\n<blockquote><p>Color: Carne.<\/p><\/blockquote>\n<blockquote><p>Phthalate free \/ Libre de Ftalato.<\/p><\/blockquote>\n","protected":false},"excerpt":{"rendered":"<p>SKU 90-092-21<\/p>\n<p>Eleva el placer hacia otro nivel con este arn\u00e9s\u00a0regulable a cada cintura.<\/p>\n","protected":false},"featured_media":4983,"template":"","meta":{"_et_pb_use_builder":"","_et_pb_old_content":"","_et_gb_content_width":"","_joinchat":[]},"product_brand":[],"product_cat":[24,28,29,32,44],"product_tag":[],"class_list":{"0":"post-4982","1":"product","2":"type-product","3":"status-publish","4":"has-post-thumbnail","6":"product_cat-accesorios","7":"product_cat-consoladores-anales","8":"product_cat-consoladores-y-dildos","9":"product_cat-ellas","10":"product_cat-protesis","12":"first","13":"instock","14":"shipping-taxable","15":"purchasable","16":"product-type-simple"},"_links":{"self":[{"href":"https:\/\/www.sexshop.com.ar\/web\/wp-json\/wp\/v2\/product\/4982","targetHints":{"allow":["GET"]}}],"collection":[{"href":"https:\/\/www.sexshop.com.ar\/web\/wp-json\/wp\/v2\/product"}],"about":[{"href":"https:\/\/www.sexshop.com.ar\/web\/wp-json\/wp\/v2\/types\/product"}],"wp:featuredmedia":[{"embeddable":true,"href":"https:\/\/www.sexshop.com.ar\/web\/wp-json\/wp\/v2\/media\/4983"}],"wp:attachment":[{"href":"https:\/\/www.sexshop.com.ar\/web\/wp-json\/wp\/v2\/media?parent=4982"}],"wp:term":[{"taxonomy":"product_brand","embeddable":true,"href":"https:\/\/www.sexshop.com.ar\/web\/wp-json\/wp\/v2\/product_brand?post=4982"},{"taxonomy":"product_cat","embeddable":true,"href":"https:\/\/www.sexshop.com.ar\/web\/wp-json\/wp\/v2\/product_cat?post=4982"},{"taxonomy":"product_tag","embeddable":true,"href":"https:\/\/www.sexshop.com.ar\/web\/wp-json\/wp\/v2\/product_tag?post=4982"}],"curies":[{"name":"wp","href":"https:\/\/api.w.org\/{rel}","templated":true}]}}