{"id":4984,"date":"2021-04-07T12:16:57","date_gmt":"2021-04-07T15:16:57","guid":{"rendered":"https:\/\/www.sexshop.com.ar\/web\/?post_type=product&#038;p=4984"},"modified":"2026-02-16T12:29:00","modified_gmt":"2026-02-16T15:29:00","slug":"arnes-mini-bananin-piel","status":"publish","type":"product","link":"https:\/\/www.sexshop.com.ar\/web\/producto\/arnes-mini-bananin-piel\/","title":{"rendered":"ARN\u00c9S MINI BANANIN PIEL"},"content":{"rendered":"<p>Arnes mini bananin piel. Juguete ideal para cambio de roles. El arn\u00e9s es ajustable a cada cuerpo, con un dildo suave e hipoalerg\u00e9nico. Su tama\u00f1o mini es ideal para iniciarte en el uso de arn\u00e9s y llevar tus noches de placer hacia otro extremo. Podes encontrar este articulo tambi\u00e9n en un tama\u00f1o m\u00e1s grande.<\/p>\n<p>Tipo: Arn\u00e9s.<\/p>\n<p>Medida: 15 cm x 2,5 \u00d8.<\/p>\n<p>Color: Carne.<\/p>\n<p>Phthalate free \/ Libre de Ftalato.<\/p>\n","protected":false},"excerpt":{"rendered":"<p>SKU 90-712-21<\/p>\n<p>Juguete ideal para cambio de roles.<\/p>\n","protected":false},"featured_media":4985,"template":"","meta":{"_et_pb_use_builder":"","_et_pb_old_content":"","_et_gb_content_width":"","_joinchat":[]},"product_brand":[],"product_cat":[28,29,32,44],"product_tag":[],"class_list":{"0":"post-4984","1":"product","2":"type-product","3":"status-publish","4":"has-post-thumbnail","6":"product_cat-consoladores-anales","7":"product_cat-consoladores-y-dildos","8":"product_cat-ellas","9":"product_cat-protesis","11":"first","12":"instock","13":"shipping-taxable","14":"purchasable","15":"product-type-simple"},"_links":{"self":[{"href":"https:\/\/www.sexshop.com.ar\/web\/wp-json\/wp\/v2\/product\/4984","targetHints":{"allow":["GET"]}}],"collection":[{"href":"https:\/\/www.sexshop.com.ar\/web\/wp-json\/wp\/v2\/product"}],"about":[{"href":"https:\/\/www.sexshop.com.ar\/web\/wp-json\/wp\/v2\/types\/product"}],"wp:featuredmedia":[{"embeddable":true,"href":"https:\/\/www.sexshop.com.ar\/web\/wp-json\/wp\/v2\/media\/4985"}],"wp:attachment":[{"href":"https:\/\/www.sexshop.com.ar\/web\/wp-json\/wp\/v2\/media?parent=4984"}],"wp:term":[{"taxonomy":"product_brand","embeddable":true,"href":"https:\/\/www.sexshop.com.ar\/web\/wp-json\/wp\/v2\/product_brand?post=4984"},{"taxonomy":"product_cat","embeddable":true,"href":"https:\/\/www.sexshop.com.ar\/web\/wp-json\/wp\/v2\/product_cat?post=4984"},{"taxonomy":"product_tag","embeddable":true,"href":"https:\/\/www.sexshop.com.ar\/web\/wp-json\/wp\/v2\/product_tag?post=4984"}],"curies":[{"name":"wp","href":"https:\/\/api.w.org\/{rel}","templated":true}]}}