{"id":5043,"date":"2021-04-19T19:21:58","date_gmt":"2021-04-19T22:21:58","guid":{"rendered":"https:\/\/www.sexshop.com.ar\/web\/?post_type=product&#038;p=5043"},"modified":"2025-01-27T17:07:39","modified_gmt":"2025-01-27T20:07:39","slug":"vibrador-rotador-sube-y-baja-rabbit-flirt","status":"publish","type":"product","link":"https:\/\/www.sexshop.com.ar\/web\/producto\/vibrador-rotador-sube-y-baja-rabbit-flirt\/","title":{"rendered":"VIBRADOR ROTADOR-SUBE Y BAJA-RABBIT FLIRT"},"content":{"rendered":"<div class=\"main-content col-lg-9\">\n<div id=\"primary\" class=\"content-area\">\n<div id=\"product-2617\" class=\"post-2617 product type-product status-publish has-post-thumbnail product_cat-consoladores-jelly product_cat-ellas-2 product_cat-consoladores-y-dildos product_cat-estimuladores-clitoriales product_cat-vibradores first instock shipping-taxable purchasable product-type-simple product-layout-default\">\n<div class=\"product-summary-wrap\">\n<div class=\"row\">\n<div class=\"summary entry-summary col-lg-6\">\n<div class=\"description woocommerce-product-details__short-description\"><\/div>\n<\/div>\n<\/div>\n<\/div>\n<div id=\"product-tab\" class=\"woocommerce-tabs woocommerce-tabs-lwz9x5rqn8n7uxxwc15yfxj88vv3gyn resp-htabs\">\n<p>&nbsp;<\/p>\n<div class=\"resp-tabs-container\">\n<div id=\"tab-description\" class=\"tab-content resp-tab-content resp-tab-content-active\">\n<p><strong>Un vibrador con vibrador del cl\u00edtoris, modos rotacional y progresivo. El vibrador est\u00e1 equipado con un potente motor, con diferentes niveles de vibraci\u00f3n incorporados en el soporte de la manija original. Formas anat\u00f3micas suaves, movimientos progresivos, superficie suave acanalada de todo el masajeador, bolas giratorias incorporadas, estimulante del cl\u00edtoris \u2013 todo esto es un masaje encantador, estimulaci\u00f3n de todas las zonas er\u00f3genas, plenitud de sensaciones para lograr el orgasmo! \u00a1En este masajeador est\u00e1n unidos en una medicina y ergonom\u00eda! Efecto fisiol\u00f3gico del masajeador \u2013 la frecuencia de vibraciones es completamente id\u00e9ntica a la frecuencia de contracciones musculares de los \u00f3rganos p\u00e9lvicos en el orgasmo, lo que ayuda en la prevenci\u00f3n de anorgasmias y condiciones similares!\u00a0 Tendr\u00e1s todas las funciones que puede tener un rabbit, con motor muy potente y adem\u00e1s la funci\u00f3n \u00absube y baja\u00bb de su cuerpo. Es el vibrador rabbit m\u00e1s vendido.\u00a0\u00a0<\/strong><\/p>\n<p><strong>Caracter\u00edsticas:<\/strong><\/p>\n<ul>\n<li>Vibrador Femenino Rabbit<\/li>\n<li>Estimulaci\u00f3n Punto G y Clitorial<\/li>\n<li>Vibraci\u00f3n:\u00a0Multi velocidad<\/li>\n<li>Rotaci\u00f3n:\u00a0Perlas de metal internas<\/li>\n<li>Funci\u00f3n: Sube y baja<\/li>\n<li>4 Pilas AA (No incluidas)<\/li>\n<li>Material: TPR Suave<\/li>\n<li>Libre de Ftalatos<\/li>\n<li><strong>Medidas:<\/strong>\u00a029,5 cm x 3,6 cm (Estimulador 7,8 cm<\/li>\n<\/ul>\n<\/div>\n<\/div>\n<\/div>\n<\/div>\n<\/div>\n<\/div>\n<div class=\"col-lg-3 sidebar left-sidebar mobile-sidebar\">\n<div class=\"pin-wrapper\">\n<div>\n<div class=\"sidebar-content\"><\/div>\n<\/div>\n<\/div>\n<\/div>\n","protected":false},"excerpt":{"rendered":"<p>BW-020531R<br \/>\nSi quieres saber lo que es el placer este es tu vibrador. Con su forma es especial para la estimulaci\u00f3n del cl\u00edtoris. Su material suave y sus orejas de conejo unido a su sistema de vibraci\u00f3n y rotaci\u00f3n har\u00e1n de tus noches un sinf\u00edn de placer<\/p>\n","protected":false},"featured_media":5038,"template":"","meta":{"_et_pb_use_builder":"","_et_pb_old_content":"","_et_gb_content_width":"","_joinchat":[]},"product_brand":[],"product_cat":[32,18],"product_tag":[],"class_list":{"0":"post-5043","1":"product","2":"type-product","3":"status-publish","4":"has-post-thumbnail","6":"product_cat-ellas","7":"product_cat-vibradores","9":"first","10":"instock","11":"shipping-taxable","12":"purchasable","13":"product-type-simple"},"_links":{"self":[{"href":"https:\/\/www.sexshop.com.ar\/web\/wp-json\/wp\/v2\/product\/5043","targetHints":{"allow":["GET"]}}],"collection":[{"href":"https:\/\/www.sexshop.com.ar\/web\/wp-json\/wp\/v2\/product"}],"about":[{"href":"https:\/\/www.sexshop.com.ar\/web\/wp-json\/wp\/v2\/types\/product"}],"wp:featuredmedia":[{"embeddable":true,"href":"https:\/\/www.sexshop.com.ar\/web\/wp-json\/wp\/v2\/media\/5038"}],"wp:attachment":[{"href":"https:\/\/www.sexshop.com.ar\/web\/wp-json\/wp\/v2\/media?parent=5043"}],"wp:term":[{"taxonomy":"product_brand","embeddable":true,"href":"https:\/\/www.sexshop.com.ar\/web\/wp-json\/wp\/v2\/product_brand?post=5043"},{"taxonomy":"product_cat","embeddable":true,"href":"https:\/\/www.sexshop.com.ar\/web\/wp-json\/wp\/v2\/product_cat?post=5043"},{"taxonomy":"product_tag","embeddable":true,"href":"https:\/\/www.sexshop.com.ar\/web\/wp-json\/wp\/v2\/product_tag?post=5043"}],"curies":[{"name":"wp","href":"https:\/\/api.w.org\/{rel}","templated":true}]}}