{"id":5055,"date":"2021-04-21T19:19:11","date_gmt":"2021-04-21T22:19:11","guid":{"rendered":"https:\/\/www.sexshop.com.ar\/web\/?post_type=product&#038;p=5055"},"modified":"2026-02-16T17:38:24","modified_gmt":"2026-02-16T20:38:24","slug":"vibrador-champ","status":"publish","type":"product","link":"https:\/\/www.sexshop.com.ar\/web\/producto\/vibrador-champ\/","title":{"rendered":"VIBRADOR Champ"},"content":{"rendered":"<p>Rel\u00e1jate y sum\u00e9rgete en la profundidad del placer absoluto. Esta sensaci\u00f3n\u00a0se ve\u00a0reforzada por el miembro modelado hasta el m\u00e1s m\u00ednimo detalle. Deleita tus placer m\u00e1s \u00edntimos con la experiencia real\u00edstica de la l\u00ednea Classic, el Champ ofrece la sensaci\u00f3n real de un pene venoso con glande bien marcada para que cada penetraci\u00f3n represente el pene ideal para vos. Su cuerpo es suave y texturado con venas, cada penetraci\u00f3n ser\u00e1 una experiencia de placer puro. En su base, un regulador para las vibraciones multi-velocidad. Un miembro divino que te va a llevar al s\u00e9ptimo cielo del placer.<\/p>\n<ul>\n<li>Vibrador real\u00edsticos<\/li>\n<li>Modelo: Champ<\/li>\n<li>Multivelocidad<\/li>\n<li>Color Piel<\/li>\n<li>Semi r\u00edgido<\/li>\n<li>Texturado: Venoso<\/li>\n<li>2 Pilas AA<\/li>\n<li>Material: TPR Suave<\/li>\n<li>Libre de Ftalatos<\/li>\n<\/ul>\n<p><strong>Medidas:\u00a0<\/strong>18 cm x 4 cm<\/p>\n","protected":false},"excerpt":{"rendered":"<p>SKU: 2601-02<\/p>\n<p>Este vibrador se presenta robusto y\u00a0con buena forma\u00a0y da la sensaci\u00f3n de que te est\u00e1 penetrando un pene real.<\/p>\n","protected":false},"featured_media":5056,"template":"","meta":{"_et_pb_use_builder":"","_et_pb_old_content":"","_et_gb_content_width":"","_joinchat":[]},"product_brand":[],"product_cat":[32,34,18],"product_tag":[],"class_list":{"0":"post-5055","1":"product","2":"type-product","3":"status-publish","4":"has-post-thumbnail","6":"product_cat-ellas","7":"product_cat-inicio","8":"product_cat-vibradores","10":"first","11":"instock","12":"shipping-taxable","13":"purchasable","14":"product-type-simple"},"_links":{"self":[{"href":"https:\/\/www.sexshop.com.ar\/web\/wp-json\/wp\/v2\/product\/5055","targetHints":{"allow":["GET"]}}],"collection":[{"href":"https:\/\/www.sexshop.com.ar\/web\/wp-json\/wp\/v2\/product"}],"about":[{"href":"https:\/\/www.sexshop.com.ar\/web\/wp-json\/wp\/v2\/types\/product"}],"wp:featuredmedia":[{"embeddable":true,"href":"https:\/\/www.sexshop.com.ar\/web\/wp-json\/wp\/v2\/media\/5056"}],"wp:attachment":[{"href":"https:\/\/www.sexshop.com.ar\/web\/wp-json\/wp\/v2\/media?parent=5055"}],"wp:term":[{"taxonomy":"product_brand","embeddable":true,"href":"https:\/\/www.sexshop.com.ar\/web\/wp-json\/wp\/v2\/product_brand?post=5055"},{"taxonomy":"product_cat","embeddable":true,"href":"https:\/\/www.sexshop.com.ar\/web\/wp-json\/wp\/v2\/product_cat?post=5055"},{"taxonomy":"product_tag","embeddable":true,"href":"https:\/\/www.sexshop.com.ar\/web\/wp-json\/wp\/v2\/product_tag?post=5055"}],"curies":[{"name":"wp","href":"https:\/\/api.w.org\/{rel}","templated":true}]}}