{"id":5064,"date":"2021-04-23T13:01:39","date_gmt":"2021-04-23T16:01:39","guid":{"rendered":"https:\/\/www.sexshop.com.ar\/web\/?post_type=product&#038;p=5064"},"modified":"2025-01-20T16:45:16","modified_gmt":"2025-01-20T19:45:16","slug":"hot-finger-l-rojo","status":"publish","type":"product","link":"https:\/\/www.sexshop.com.ar\/web\/producto\/hot-finger-l-rojo\/","title":{"rendered":"HOT FINGER L ROJO"},"content":{"rendered":"<h4><strong>Hot Finger L\u00a0 ROJO.<\/strong>\u00a0Este juguete anal posee una caracter\u00edstica distintiva que es la de doble penetraci\u00f3n, siendo ideal para la penetraci\u00f3n anal y vaginal de forma simult\u00e1nea. A su vez, puede utilizarse como dilatador anal para que luego sea m\u00e1s f\u00e1cil penetrar con el pene.<br \/>\nModo de uso: el anillo es colocado alrededor del pene reteniendo la erecci\u00f3n cuando este penetra en la vagina, mientras que el dedo de 14 cm penetra simult\u00e1neamente el ano.<br \/>\nSu medida es de 14 cm y 1,8 cm de di\u00e1metro. Encontra tambi\u00e9n este producto en color piel para desafiar a\u00fan m\u00e1s tu juego sexual. Se recomienda lubricante anal al agua.<\/h4>\n<h4>Tipo: Anal sin Vibro.<\/h4>\n<h4>Tama\u00f1o: Large.<\/h4>\n<h4>Medida: 14 cm x 1,8 \u00d8.<\/h4>\n<h4>Phthalate Free \/ Libre Ftalato.<\/h4>\n","protected":false},"excerpt":{"rendered":"<p>SKU\u00a0 00-125-54<\/p>\n<h4><strong>Hot Finger L\u00a0 ROJO.<\/strong>\u00a0Permite a la mujer gozar del mas grande de los placeres. La doble penetraci\u00f3n. Material muy suave<\/h4>\n","protected":false},"featured_media":5065,"template":"","meta":{"_et_pb_use_builder":"","_et_pb_old_content":"","_et_gb_content_width":"","_joinchat":[]},"product_brand":[],"product_cat":[28,26],"product_tag":[],"class_list":{"0":"post-5064","1":"product","2":"type-product","3":"status-publish","4":"has-post-thumbnail","6":"product_cat-consoladores-anales","7":"product_cat-anillos-peneanos","9":"first","10":"instock","11":"shipping-taxable","12":"purchasable","13":"product-type-simple"},"_links":{"self":[{"href":"https:\/\/www.sexshop.com.ar\/web\/wp-json\/wp\/v2\/product\/5064","targetHints":{"allow":["GET"]}}],"collection":[{"href":"https:\/\/www.sexshop.com.ar\/web\/wp-json\/wp\/v2\/product"}],"about":[{"href":"https:\/\/www.sexshop.com.ar\/web\/wp-json\/wp\/v2\/types\/product"}],"wp:featuredmedia":[{"embeddable":true,"href":"https:\/\/www.sexshop.com.ar\/web\/wp-json\/wp\/v2\/media\/5065"}],"wp:attachment":[{"href":"https:\/\/www.sexshop.com.ar\/web\/wp-json\/wp\/v2\/media?parent=5064"}],"wp:term":[{"taxonomy":"product_brand","embeddable":true,"href":"https:\/\/www.sexshop.com.ar\/web\/wp-json\/wp\/v2\/product_brand?post=5064"},{"taxonomy":"product_cat","embeddable":true,"href":"https:\/\/www.sexshop.com.ar\/web\/wp-json\/wp\/v2\/product_cat?post=5064"},{"taxonomy":"product_tag","embeddable":true,"href":"https:\/\/www.sexshop.com.ar\/web\/wp-json\/wp\/v2\/product_tag?post=5064"}],"curies":[{"name":"wp","href":"https:\/\/api.w.org\/{rel}","templated":true}]}}